{"id":762460,"date":"2025-08-28T10:10:01","date_gmt":"2025-08-28T07:10:01","guid":{"rendered":"https:\/\/roveyayinevi.com.tr\/index.php\/urun\/hz-kalem-matem\/"},"modified":"2026-04-15T03:27:37","modified_gmt":"2026-04-15T00:27:37","slug":"hz-kalem-matem","status":"publish","type":"product","link":"https:\/\/roveyayinevi.com.tr\/index.php\/urun\/hz-kalem-matem\/","title":{"rendered":"Hz. Kalem Matem"},"content":{"rendered":"<p>Mustafa Kemal Atat\u00fcrk\u2019\u00fcn cenaze namaz\u0131 k\u0131l\u0131nd\u0131 m\u0131? Atat\u00fcrk\u2019\u00fcn son g\u00fcn\u00fc ve son s\u00f6z\u00fc \u201cAleyk\u00fcmesselam\u201d gibi Atat\u00fcrk\u2019\u00fcn son anlar\u0131ndaki bir\u00e7ok konu bu kitapta o g\u00fcnk\u00fc belgelerin \u0131\u015f\u0131\u011f\u0131nda Yazar B\u00fclent Y\u0131ld\u0131z T\u00fcrkata\u2019n\u0131n sunumuyla ayd\u0131nlan\u0131yor. <\/p>\n","protected":false},"excerpt":{"rendered":"<p>Mustafa Kemal Atat\u00fcrk\u2019\u00fcn cenaze namaz\u0131 k\u0131l\u0131nd\u0131 m\u0131? Atat\u00fcrk\u2019\u00fcn son g\u00fcn\u00fc ve son s\u00f6z\u00fc \u201cAleyk\u00fcmesselam\u201d gibi Atat\u00fcrk\u2019\u00fcn son anlar\u0131ndaki bir\u00e7ok konu bu kitapta o g\u00fcnk\u00fc belgelerin \u0131\u015f\u0131\u011f\u0131nda<span class=\"excerpt-hellip\"> [\u2026]<\/span><\/p>\n","protected":false},"featured_media":0,"template":"","meta":{"_monsterinsights_skip_tracking":false,"_monsterinsights_sitenote_active":false,"_monsterinsights_sitenote_note":"","_monsterinsights_sitenote_category":0},"product_brand":[],"product_cat":[12530,12304],"product_tag":[],"class_list":{"0":"post-762460","1":"product","2":"type-product","3":"status-publish","5":"product_cat-mustafa-kemal-ataturk","6":"product_cat-tarih","7":"pa_cilt-ciltsiz","8":"pa_tur-kitap","9":"pa_yayinevi-zet-akademi-yayinlari","10":"pa_yazar-bulent-yildiz-turkata","12":"first","13":"instock","14":"sale","15":"shipping-taxable","16":"purchasable","17":"product-type-simple"},"_links":{"self":[{"href":"https:\/\/roveyayinevi.com.tr\/index.php\/wp-json\/wp\/v2\/product\/762460","targetHints":{"allow":["GET"]}}],"collection":[{"href":"https:\/\/roveyayinevi.com.tr\/index.php\/wp-json\/wp\/v2\/product"}],"about":[{"href":"https:\/\/roveyayinevi.com.tr\/index.php\/wp-json\/wp\/v2\/types\/product"}],"wp:attachment":[{"href":"https:\/\/roveyayinevi.com.tr\/index.php\/wp-json\/wp\/v2\/media?parent=762460"}],"wp:term":[{"taxonomy":"product_brand","embeddable":true,"href":"https:\/\/roveyayinevi.com.tr\/index.php\/wp-json\/wp\/v2\/product_brand?post=762460"},{"taxonomy":"product_cat","embeddable":true,"href":"https:\/\/roveyayinevi.com.tr\/index.php\/wp-json\/wp\/v2\/product_cat?post=762460"},{"taxonomy":"product_tag","embeddable":true,"href":"https:\/\/roveyayinevi.com.tr\/index.php\/wp-json\/wp\/v2\/product_tag?post=762460"}],"curies":[{"name":"wp","href":"https:\/\/api.w.org\/{rel}","templated":true}]}}