{"id":762459,"date":"2025-08-28T10:09:59","date_gmt":"2025-08-28T07:09:59","guid":{"rendered":"https:\/\/roveyayinevi.com.tr\/index.php\/urun\/hayat-iste\/"},"modified":"2026-04-15T03:27:37","modified_gmt":"2026-04-15T00:27:37","slug":"hayat-iste","status":"publish","type":"product","link":"https:\/\/roveyayinevi.com.tr\/index.php\/urun\/hayat-iste\/","title":{"rendered":"Hayat \u0130\u015fte"},"content":{"rendered":"<p>\u015eiirlerimin ana temas\u0131 Ni\u011fde ve Bor sevgisi, Bayramlar\u0131m\u0131z, Vatan\u0131m T\u00fcrkiye, Demokrasi ve Hukuk, A\u015fk ve Hasret duygular\u0131, \u00f6zlem ve ayr\u0131l\u0131klar \u00fczerinedir. G\u00fcfte ve bestelerimi, \u015fiirlerimi i\u00e7eren bu kitab\u0131m\u0131 b\u00fct\u00fcn e\u015f, dost ve arkada\u015flar\u0131ma arma\u011fan ediyorum. Sayg\u0131 ve sevgilerimle\u2026 \u015eakir NOYAN   <\/p>\n","protected":false},"excerpt":{"rendered":"<p>\u015eiirlerimin ana temas\u0131 Ni\u011fde ve Bor sevgisi, Bayramlar\u0131m\u0131z, Vatan\u0131m T\u00fcrkiye, Demokrasi ve Hukuk, A\u015fk ve Hasret duygular\u0131, \u00f6zlem ve ayr\u0131l\u0131klar \u00fczerinedir. G\u00fcfte ve bestelerimi, \u015fiirlerimi i\u00e7eren<span class=\"excerpt-hellip\"> [\u2026]<\/span><\/p>\n","protected":false},"featured_media":0,"template":"","meta":{"_monsterinsights_skip_tracking":false,"_monsterinsights_sitenote_active":false,"_monsterinsights_sitenote_note":"","_monsterinsights_sitenote_category":0},"product_brand":[],"product_cat":[12291,12509],"product_tag":[],"class_list":{"0":"post-762459","1":"product","2":"type-product","3":"status-publish","5":"product_cat-edebiyat","6":"product_cat-siir","7":"pa_cilt-ciltsiz","8":"pa_tur-kitap","9":"pa_yayinevi-zet-yayinlari","10":"pa_yazar-sakir-noyan","12":"first","13":"instock","14":"sale","15":"shipping-taxable","16":"purchasable","17":"product-type-simple"},"_links":{"self":[{"href":"https:\/\/roveyayinevi.com.tr\/index.php\/wp-json\/wp\/v2\/product\/762459","targetHints":{"allow":["GET"]}}],"collection":[{"href":"https:\/\/roveyayinevi.com.tr\/index.php\/wp-json\/wp\/v2\/product"}],"about":[{"href":"https:\/\/roveyayinevi.com.tr\/index.php\/wp-json\/wp\/v2\/types\/product"}],"wp:attachment":[{"href":"https:\/\/roveyayinevi.com.tr\/index.php\/wp-json\/wp\/v2\/media?parent=762459"}],"wp:term":[{"taxonomy":"product_brand","embeddable":true,"href":"https:\/\/roveyayinevi.com.tr\/index.php\/wp-json\/wp\/v2\/product_brand?post=762459"},{"taxonomy":"product_cat","embeddable":true,"href":"https:\/\/roveyayinevi.com.tr\/index.php\/wp-json\/wp\/v2\/product_cat?post=762459"},{"taxonomy":"product_tag","embeddable":true,"href":"https:\/\/roveyayinevi.com.tr\/index.php\/wp-json\/wp\/v2\/product_tag?post=762459"}],"curies":[{"name":"wp","href":"https:\/\/api.w.org\/{rel}","templated":true}]}}