{"id":762458,"date":"2025-08-28T10:09:56","date_gmt":"2025-08-28T07:09:56","guid":{"rendered":"https:\/\/roveyayinevi.com.tr\/index.php\/urun\/gonul-bahcem\/"},"modified":"2026-04-15T03:27:37","modified_gmt":"2026-04-15T00:27:37","slug":"gonul-bahcem","status":"publish","type":"product","link":"https:\/\/roveyayinevi.com.tr\/index.php\/urun\/gonul-bahcem\/","title":{"rendered":"G\u00f6n\u00fcl Bah\u00e7em"},"content":{"rendered":"<p>Anadolu\u2019nun bir\u00e7ok memleketinde garibanl\u0131\u011f\u0131n kap\u0131s\u0131n\u0131 do\u011farken aralayan ve birbirlerini tan\u0131masalar da ayn\u0131 kaderi ya\u015fayan nice insanlardan biriyim. Yokluk, fakirlik, garibanl\u0131k ad\u0131na her ne denilirse bu \u015fey beni zanaatk\u00e2r ve \u015fair olmaya itti. Baz\u0131 yetenekler bir sebep olmadan ortaya \u00e7\u0131kmazm\u0131\u015f, benim de bu \u015fekilde oldu. Memleketime duydu\u011fum sevgi oydu\u011fum her ka\u015f\u0131kta ve s\u00f6ze, kaleme d\u00f6kt\u00fc\u011f\u00fcm her \u015fiirde etkilemi\u015ftir beni. D\u00fcnk\u00fc H\u00fczeyfe nerede bug\u00fcnk\u00fc H\u00fczeyfe nerede? \u00d6m\u00fcr, cennet Silifke\u2019min G\u00f6ksu Nehri gibi ak\u0131p gidiyor. Ben de bu d\u00fcnyaya bir iz olarak b\u0131rakaca\u011f\u0131m bu kitab\u0131 sevgili e\u015fim Rukiye Han\u0131m\u2019a, can\u0131m ikiz k\u0131zlar\u0131m Asiye ile Zeynep\u2019e ve biricik o\u011flum Hakan\u2019a ithaf ediyorum. Bu kitap vesilesiyle y\u0131llar \u00f6nce kaleme ald\u0131\u011f\u0131m \u015fiirleri sizlerle payla\u015f\u0131yorum. <\/p>\n","protected":false},"excerpt":{"rendered":"<p>Anadolu\u2019nun bir\u00e7ok memleketinde garibanl\u0131\u011f\u0131n kap\u0131s\u0131n\u0131 do\u011farken aralayan ve birbirlerini tan\u0131masalar da ayn\u0131 kaderi ya\u015fayan nice insanlardan biriyim. Yokluk, fakirlik, garibanl\u0131k ad\u0131na her ne denilirse bu \u015fey<span class=\"excerpt-hellip\"> [\u2026]<\/span><\/p>\n","protected":false},"featured_media":0,"template":"","meta":{"_monsterinsights_skip_tracking":false,"_monsterinsights_sitenote_active":false,"_monsterinsights_sitenote_note":"","_monsterinsights_sitenote_category":0},"product_brand":[],"product_cat":[12291,12509],"product_tag":[],"class_list":{"0":"post-762458","1":"product","2":"type-product","3":"status-publish","5":"product_cat-edebiyat","6":"product_cat-siir","7":"pa_cilt-ciltsiz","8":"pa_tur-kitap","9":"pa_yayinevi-zet-yayinlari","10":"pa_yazar-huzeyfe-okur","12":"first","13":"instock","14":"sale","15":"shipping-taxable","16":"purchasable","17":"product-type-simple"},"_links":{"self":[{"href":"https:\/\/roveyayinevi.com.tr\/index.php\/wp-json\/wp\/v2\/product\/762458","targetHints":{"allow":["GET"]}}],"collection":[{"href":"https:\/\/roveyayinevi.com.tr\/index.php\/wp-json\/wp\/v2\/product"}],"about":[{"href":"https:\/\/roveyayinevi.com.tr\/index.php\/wp-json\/wp\/v2\/types\/product"}],"wp:attachment":[{"href":"https:\/\/roveyayinevi.com.tr\/index.php\/wp-json\/wp\/v2\/media?parent=762458"}],"wp:term":[{"taxonomy":"product_brand","embeddable":true,"href":"https:\/\/roveyayinevi.com.tr\/index.php\/wp-json\/wp\/v2\/product_brand?post=762458"},{"taxonomy":"product_cat","embeddable":true,"href":"https:\/\/roveyayinevi.com.tr\/index.php\/wp-json\/wp\/v2\/product_cat?post=762458"},{"taxonomy":"product_tag","embeddable":true,"href":"https:\/\/roveyayinevi.com.tr\/index.php\/wp-json\/wp\/v2\/product_tag?post=762458"}],"curies":[{"name":"wp","href":"https:\/\/api.w.org\/{rel}","templated":true}]}}