{"id":762457,"date":"2025-08-28T10:09:55","date_gmt":"2025-08-28T07:09:55","guid":{"rendered":"https:\/\/roveyayinevi.com.tr\/index.php\/urun\/bizim-kitabimiz-1-yelhuderin-ruyalari\/"},"modified":"2026-04-03T03:19:52","modified_gmt":"2026-04-03T00:19:52","slug":"bizim-kitabimiz-1-yelhuderin-ruyalari","status":"publish","type":"product","link":"https:\/\/roveyayinevi.com.tr\/index.php\/urun\/bizim-kitabimiz-1-yelhuderin-ruyalari\/","title":{"rendered":"Bizim Kitab\u0131m\u0131z-1 Yelhuder\u2019in R\u00fcyalar\u0131"},"content":{"rendered":"<p>N\u0130\u00c7\u0130N \u201cB\u0130Z\u0130M K\u0130TABIMIZ\u201d? \u00c7\u00fcnk\u00fc eserlerde genellikle kitab\u0131 yazan\u0131n ad\u0131 g\u00f6r\u00fcn\u00fcr. Fakat o ki\u015finin \u00f6n\u00fcnde ard\u0131nda, sa\u011f\u0131nda solunda g\u00f6r\u00fcnmeyen daha nicelerinin ad\u0131 vard\u0131r. Eserlerin ortaya \u00e7\u0131kmas\u0131nda bin bir ki\u015finin eme\u011fi ve yard\u0131m\u0131 vard\u0131r. \u0130nsanlar\u0131 iyili\u011fe te\u015fvik etmek, k\u00f6t\u00fcl\u00fckten sak\u0131nd\u0131rmak ve g\u00fczel ahlak\u0131 d\u00fcnyaya yaymak i\u00e7in \u00e7\u0131kt\u0131\u011f\u0131m\u0131z bu yolda, isimlerini burada sayamayaca\u011f\u0131m kadar \u00e7ok olan destek\u00e7ilerim ve yol arkada\u015flar\u0131m oldu, elhamd\u00fclillah. Bunun i\u00e7in bu esere &#8220;B\u0130Z\u0130M K\u0130TABIMIZ&#8221; dedik. Bizim Kitab\u0131m\u0131z\u2019da milli, dini ve manevi de\u011ferlerimizi anlatan, erdemli insan olmay\u0131 \u00f6\u011freten, 7\u2019den 77\u2019ye her ya\u015ftan insan\u0131n zevkle okuyup faydalanabilece\u011fi, n\u00fckteli s\u00f6zlerle k\u00e2h g\u00fcld\u00fcren k\u00e2h d\u00fc\u015f\u00fcnd\u00fcren ve k\u00e2h duyguland\u0131ran birbirinden g\u00fczel, 7-12 ya\u015f grubu \u00e7ocuklar i\u00e7in e\u011fitici ve \u00f6\u011fretici hik\u00e2yeler vard\u0131r. Her hik\u00e2yenin i\u00e7inde, konuyla ilgili en g\u00fcvenilir kaynaklardan al\u0131nm\u0131\u015f Ayet\u2019i Kerimeler ve Hadisi \u015eerifler bulunmaktad\u0131r. Bu kitab\u0131, veliler ve e\u011fitmenler de hik\u00e2ye okuma saatlerinde \u00e7ocuklar\u0131na veya \u00f6\u011frencilerine keyifle okuyabilirler. Hik\u00e2yeler, senaryo \u015feklinde yaz\u0131ld\u0131\u011f\u0131 i\u00e7in aile i\u00e7inde ve okullarda tiyatro olarak da rahatl\u0131kla uygulanabilir. \u0130htiya\u00e7 duyuldu\u011fu takdirde bizimle ileti\u015fime ge\u00e7ebilir ve o konuyla ilgili teknik dosyay\u0131 ve \u015fark\u0131 seslerini de alabilirsiniz. Yani bu kitaptan ne \u015fekilde faydalanmak istiyorsan\u0131z \u00f6yle istifade edeceksiniz ve kendinizi kitab\u0131n en tatl\u0131 derinliklerinde bulacaks\u0131n\u0131z. Okurken, olaylar\u0131 birebir siz de ya\u015fayacaks\u0131n\u0131z. Hepinize keyifli okumalar diliyorum. M\u00dcBERRA NURTEN YILDIZ      <\/p>\n","protected":false},"excerpt":{"rendered":"<p>N\u0130\u00c7\u0130N \u201cB\u0130Z\u0130M K\u0130TABIMIZ\u201d? \u00c7\u00fcnk\u00fc eserlerde genellikle kitab\u0131 yazan\u0131n ad\u0131 g\u00f6r\u00fcn\u00fcr. Fakat o ki\u015finin \u00f6n\u00fcnde ard\u0131nda, sa\u011f\u0131nda solunda g\u00f6r\u00fcnmeyen daha nicelerinin ad\u0131 vard\u0131r. Eserlerin ortaya \u00e7\u0131kmas\u0131nda bin<span class=\"excerpt-hellip\"> [\u2026]<\/span><\/p>\n","protected":false},"featured_media":0,"template":"","meta":{"_monsterinsights_skip_tracking":false,"_monsterinsights_sitenote_active":false,"_monsterinsights_sitenote_note":"","_monsterinsights_sitenote_category":0},"product_brand":[],"product_cat":[12274,12284],"product_tag":[],"class_list":{"0":"post-762457","1":"product","2":"type-product","3":"status-publish","5":"product_cat-cocuk-ve-genclik-kitaplari","6":"product_cat-hikayeler","7":"pa_cilt-ciltsiz","8":"pa_tur-kitap","9":"pa_yayinevi-zet-yayinlari","10":"pa_yazar-muberra-nurten-yildiz","12":"first","13":"instock","14":"sale","15":"shipping-taxable","16":"purchasable","17":"product-type-simple"},"_links":{"self":[{"href":"https:\/\/roveyayinevi.com.tr\/index.php\/wp-json\/wp\/v2\/product\/762457","targetHints":{"allow":["GET"]}}],"collection":[{"href":"https:\/\/roveyayinevi.com.tr\/index.php\/wp-json\/wp\/v2\/product"}],"about":[{"href":"https:\/\/roveyayinevi.com.tr\/index.php\/wp-json\/wp\/v2\/types\/product"}],"wp:attachment":[{"href":"https:\/\/roveyayinevi.com.tr\/index.php\/wp-json\/wp\/v2\/media?parent=762457"}],"wp:term":[{"taxonomy":"product_brand","embeddable":true,"href":"https:\/\/roveyayinevi.com.tr\/index.php\/wp-json\/wp\/v2\/product_brand?post=762457"},{"taxonomy":"product_cat","embeddable":true,"href":"https:\/\/roveyayinevi.com.tr\/index.php\/wp-json\/wp\/v2\/product_cat?post=762457"},{"taxonomy":"product_tag","embeddable":true,"href":"https:\/\/roveyayinevi.com.tr\/index.php\/wp-json\/wp\/v2\/product_tag?post=762457"}],"curies":[{"name":"wp","href":"https:\/\/api.w.org\/{rel}","templated":true}]}}