{"id":762456,"date":"2025-08-28T10:09:53","date_gmt":"2025-08-28T07:09:53","guid":{"rendered":"https:\/\/roveyayinevi.com.tr\/index.php\/urun\/bizim-kitabimiz-7-yelhuderin-faaliyetleri\/"},"modified":"2026-04-03T03:19:52","modified_gmt":"2026-04-03T00:19:52","slug":"bizim-kitabimiz-7-yelhuderin-faaliyetleri","status":"publish","type":"product","link":"https:\/\/roveyayinevi.com.tr\/index.php\/urun\/bizim-kitabimiz-7-yelhuderin-faaliyetleri\/","title":{"rendered":"Bizim Kitab\u0131m\u0131z-7 Yelhuder\u2019in Faaliyetleri"},"content":{"rendered":"<p>\u0130nsan, bal ar\u0131s\u0131na benzemeli. Bal ar\u0131s\u0131 gibi temiz olmal\u0131. Temiz yerlere konmal\u0131. Temiz olanlarla beraber olmal\u0131. Temiz i\u015fler yapmal\u0131 ve temiz olan\u0131 kullanmal\u0131. Bal ar\u0131s\u0131 gibi hi\u00e7 durmadan \u00e7al\u0131\u015fmal\u0131. B\u0131kmadan, teredd\u00fct etmeden, hesap sormadan \u00fcretmeli. \u0130nsan, bal ar\u0131s\u0131 gibi her iyili\u011fi kar\u015f\u0131l\u0131ks\u0131z yapmal\u0131. Birilerinin iyili\u011fi ya da rahat ya\u015famas\u0131 i\u00e7in, kendi rahat\u0131n\u0131 feda etmeli. Her i\u015fi muntazam, programl\u0131 ve d\u00fczenli olmal\u0131. Bal ar\u0131s\u0131 gibi b\u00fcy\u00fc\u011f\u00fcne sayg\u0131 g\u00f6stermeli, s\u00f6z\u00fcne itaat etmeli, k\u0131ymet vermeli ve h\u00fcrmette kusur etmemeli. \u0130nsan, bal ar\u0131s\u0131n\u0131n bal\u0131 gibi olmal\u0131. S\u00f6zlerinden bal akmal\u0131. G\u00fcl y\u00fcz\u00fcnden bal damlamal\u0131. Her hareketi bal gibi cezbetmeli. Kendine \u00e7ekmeli. Bal gibi tatl\u0131 ve sevimli olmal\u0131. \u00d6\u011f\u00fctleri ve tavsiyeleri bal gibi tesirli olmal\u0131. \u0130yi niyeti, faydal\u0131 fikirleri, g\u00fczel d\u00fc\u015f\u00fcnceleri ve davran\u0131\u015flar\u0131 \u00e7evresine \u00f6rnek olmal\u0131. \u0130yili\u011fe \u00f6zendirmeli. \u0130yi dilekleri ve dualar\u0131yla bal gibi \u015fifa da\u011f\u0131tmal\u0131. Bal gibi ar\u0131 duru, saf, \u015feffaf do\u011fru s\u00f6zl\u00fc, d\u00fcr\u00fcst ve g\u00fcvenilir olmal\u0131. Kar\u015f\u0131s\u0131ndakine g\u00fcven vermeli ve bal gibi kaliteli olmal\u0131. M\u00dcBERRA NURTEN YILDIZ    <\/p>\n","protected":false},"excerpt":{"rendered":"<p>\u0130nsan, bal ar\u0131s\u0131na benzemeli. Bal ar\u0131s\u0131 gibi temiz olmal\u0131. Temiz yerlere konmal\u0131. Temiz olanlarla beraber olmal\u0131. Temiz i\u015fler yapmal\u0131 ve temiz olan\u0131 kullanmal\u0131. Bal ar\u0131s\u0131 gibi<span class=\"excerpt-hellip\"> [\u2026]<\/span><\/p>\n","protected":false},"featured_media":0,"template":"","meta":{"_monsterinsights_skip_tracking":false,"_monsterinsights_sitenote_active":false,"_monsterinsights_sitenote_note":"","_monsterinsights_sitenote_category":0},"product_brand":[],"product_cat":[12274,12284],"product_tag":[],"class_list":{"0":"post-762456","1":"product","2":"type-product","3":"status-publish","5":"product_cat-cocuk-ve-genclik-kitaplari","6":"product_cat-hikayeler","7":"pa_cilt-ciltsiz","8":"pa_tur-kitap","9":"pa_yayinevi-zet-yayinlari","10":"pa_yazar-muberra-nurten-yildiz","12":"first","13":"instock","14":"sale","15":"shipping-taxable","16":"purchasable","17":"product-type-simple"},"_links":{"self":[{"href":"https:\/\/roveyayinevi.com.tr\/index.php\/wp-json\/wp\/v2\/product\/762456","targetHints":{"allow":["GET"]}}],"collection":[{"href":"https:\/\/roveyayinevi.com.tr\/index.php\/wp-json\/wp\/v2\/product"}],"about":[{"href":"https:\/\/roveyayinevi.com.tr\/index.php\/wp-json\/wp\/v2\/types\/product"}],"wp:attachment":[{"href":"https:\/\/roveyayinevi.com.tr\/index.php\/wp-json\/wp\/v2\/media?parent=762456"}],"wp:term":[{"taxonomy":"product_brand","embeddable":true,"href":"https:\/\/roveyayinevi.com.tr\/index.php\/wp-json\/wp\/v2\/product_brand?post=762456"},{"taxonomy":"product_cat","embeddable":true,"href":"https:\/\/roveyayinevi.com.tr\/index.php\/wp-json\/wp\/v2\/product_cat?post=762456"},{"taxonomy":"product_tag","embeddable":true,"href":"https:\/\/roveyayinevi.com.tr\/index.php\/wp-json\/wp\/v2\/product_tag?post=762456"}],"curies":[{"name":"wp","href":"https:\/\/api.w.org\/{rel}","templated":true}]}}