{"id":762455,"date":"2025-08-28T10:09:51","date_gmt":"2025-08-28T07:09:51","guid":{"rendered":"https:\/\/roveyayinevi.com.tr\/index.php\/urun\/bizim-kitabimiz-3-yelhuderin-maceralari\/"},"modified":"2026-04-03T03:19:52","modified_gmt":"2026-04-03T00:19:52","slug":"bizim-kitabimiz-3-yelhuderin-maceralari","status":"publish","type":"product","link":"https:\/\/roveyayinevi.com.tr\/index.php\/urun\/bizim-kitabimiz-3-yelhuderin-maceralari\/","title":{"rendered":"Bizim Kitab\u0131m\u0131z-3 Yelhuder\u2019in Maceralar\u0131"},"content":{"rendered":"<p>Bu kitapta; Yelhuder\u2019in, yaz tatilinde ya\u015fad\u0131\u011f\u0131 birbirinden g\u00fczel e\u011flenceli, heyecanl\u0131, ne\u015feli, e\u011fitici ve faydal\u0131 bilgiler i\u00e7eren maceralar\u0131na \u015fahit olacaks\u0131n\u0131z. Herkese iyi okumalar olsun. M\u00dcBERRA NURTEN YILDIZ        <\/p>\n","protected":false},"excerpt":{"rendered":"<p>Bu kitapta; Yelhuder\u2019in, yaz tatilinde ya\u015fad\u0131\u011f\u0131 birbirinden g\u00fczel e\u011flenceli, heyecanl\u0131, ne\u015feli, e\u011fitici ve faydal\u0131 bilgiler i\u00e7eren maceralar\u0131na \u015fahit olacaks\u0131n\u0131z. Herkese iyi okumalar olsun. M\u00dcBERRA NURTEN YILDIZ<\/p>\n","protected":false},"featured_media":0,"template":"","meta":{"_monsterinsights_skip_tracking":false,"_monsterinsights_sitenote_active":false,"_monsterinsights_sitenote_note":"","_monsterinsights_sitenote_category":0},"product_brand":[],"product_cat":[12274,12284],"product_tag":[],"class_list":{"0":"post-762455","1":"product","2":"type-product","3":"status-publish","5":"product_cat-cocuk-ve-genclik-kitaplari","6":"product_cat-hikayeler","7":"pa_cilt-ciltsiz","8":"pa_tur-kitap","9":"pa_yayinevi-zet-yayinlari","10":"pa_yazar-muberra-nurten-yildiz","12":"first","13":"instock","14":"sale","15":"shipping-taxable","16":"purchasable","17":"product-type-simple"},"_links":{"self":[{"href":"https:\/\/roveyayinevi.com.tr\/index.php\/wp-json\/wp\/v2\/product\/762455","targetHints":{"allow":["GET"]}}],"collection":[{"href":"https:\/\/roveyayinevi.com.tr\/index.php\/wp-json\/wp\/v2\/product"}],"about":[{"href":"https:\/\/roveyayinevi.com.tr\/index.php\/wp-json\/wp\/v2\/types\/product"}],"wp:attachment":[{"href":"https:\/\/roveyayinevi.com.tr\/index.php\/wp-json\/wp\/v2\/media?parent=762455"}],"wp:term":[{"taxonomy":"product_brand","embeddable":true,"href":"https:\/\/roveyayinevi.com.tr\/index.php\/wp-json\/wp\/v2\/product_brand?post=762455"},{"taxonomy":"product_cat","embeddable":true,"href":"https:\/\/roveyayinevi.com.tr\/index.php\/wp-json\/wp\/v2\/product_cat?post=762455"},{"taxonomy":"product_tag","embeddable":true,"href":"https:\/\/roveyayinevi.com.tr\/index.php\/wp-json\/wp\/v2\/product_tag?post=762455"}],"curies":[{"name":"wp","href":"https:\/\/api.w.org\/{rel}","templated":true}]}}