{"id":762454,"date":"2025-08-28T10:09:50","date_gmt":"2025-08-28T07:09:50","guid":{"rendered":"https:\/\/roveyayinevi.com.tr\/index.php\/urun\/ankara-merkezdeki-tarihi-camiler-turbeler-hanlar-hamamlar-ve-carsilar\/"},"modified":"2026-04-15T03:27:37","modified_gmt":"2026-04-15T00:27:37","slug":"ankara-merkezdeki-tarihi-camiler-turbeler-hanlar-hamamlar-ve-carsilar","status":"publish","type":"product","link":"https:\/\/roveyayinevi.com.tr\/index.php\/urun\/ankara-merkezdeki-tarihi-camiler-turbeler-hanlar-hamamlar-ve-carsilar\/","title":{"rendered":"Ankara Merkezdeki Tarihi Camiler, T\u00fcrbeler, Hanlar, Hamamlar ve \u00c7ar\u015f\u0131lar"},"content":{"rendered":"<p>\u201cAnkara Merkezdeki Tarihi Camiler, T\u00fcrbeler, Hanlar, Hamamlar ve \u00c7ar\u015f\u0131lar\u201d isimli \u00e7al\u0131\u015fma Ankara\u2019da T\u00fcrk D\u00f6nemi\u2019nde in\u015fa edilen Dini Mimariyi olu\u015fturan cami ve t\u00fcrbeler, ticaret yap\u0131lar\u0131 olan \u00e7ar\u015f\u0131 ve hanlar ile su yap\u0131lar\u0131ndan hamamlar\u0131 konu alan ve yap\u0131lar\u0131 konumlar\u0131, tarihleri (kitabeleri), mimari ve s\u00fcsleme \u00f6zellikleri ile ele alan akademik \u00e7al\u0131\u015fmadan daha \u00e7ok pop\u00fcler Gezi Kitab\u0131 tarz\u0131nda haz\u0131rlanm\u0131\u015f derleme bir eserdir.         Ankara\u2019ya T\u00fcrk mimarisine ilgi duyanlar\u0131n zevkle okuyacaklar\u0131 ve Ankara\u2019daki T\u00fcrk D\u00f6nemi yap\u0131lar\u0131n\u0131 gezmek isteyenlerin de rahat\u00e7a kullanabilecekleri bir gezi kitab\u0131d\u0131r.         Kitapta \u00f6nce kronolijik olarak cami ve mescitler, t\u00fcrbeler, mezarl\u0131klar, \u00e7ar\u015f\u0131 ve pazar yerleri, bedesten ve hanlar, oteller ve hamamlar ele al\u0131narak tan\u0131t\u0131lm\u0131\u015ft\u0131r. Kitapta, konuyla ilgili \u00e7al\u0131\u015fma yapm\u0131\u015f eski ve yeni pek \u00e7ok bilim insan\u0131 ve ara\u015ft\u0131rmac\u0131n\u0131n yay\u0131nlar\u0131 at\u0131flar yap\u0131larak kullan\u0131lm\u0131\u015f, yararlan\u0131lan kaynak ve yay\u0131nlar kitab\u0131n sonunda alfabetik olarak verilmi\u015ftir. Kitap metin i\u00e7erisindeki bir k\u0131sm\u0131 yazar taraf\u0131ndan \u00e7ekilen foto\u011fraflarla da g\u00f6rsel olarak zenginle\u015ftirilmi\u015ftir.         Kaynak ve yay\u0131nlar\u0131n okunmas\u0131 d\u0131\u015f\u0131nda yap\u0131lar\u0131n gidip g\u00f6r\u00fclerek ve foto\u011fraflanarak belgelendi\u011fi bir emek harcanarak haz\u0131rlanan derleme gezi kitab\u0131n\u0131n hay\u0131rl\u0131 olmas\u0131n\u0131 diliyor ve yazar\u0131n\u0131 da kutluyorum. (Dr. Muhammed G\u00f6r\u00fcr Hac\u0131 Bayram Veli \u00dcniversitesi Sanat Tarihi \u00d6\u011fretim \u00dcyesi) <\/p>\n","protected":false},"excerpt":{"rendered":"<p>\u201cAnkara Merkezdeki Tarihi Camiler, T\u00fcrbeler, Hanlar, Hamamlar ve \u00c7ar\u015f\u0131lar\u201d isimli \u00e7al\u0131\u015fma Ankara\u2019da T\u00fcrk D\u00f6nemi\u2019nde in\u015fa edilen Dini Mimariyi olu\u015fturan cami ve t\u00fcrbeler, ticaret yap\u0131lar\u0131 olan \u00e7ar\u015f\u0131<span class=\"excerpt-hellip\"> [\u2026]<\/span><\/p>\n","protected":false},"featured_media":0,"template":"","meta":{"_monsterinsights_skip_tracking":false,"_monsterinsights_sitenote_active":false,"_monsterinsights_sitenote_note":"","_monsterinsights_sitenote_category":0},"product_brand":[],"product_cat":[12312,12304],"product_tag":[],"class_list":{"0":"post-762454","1":"product","2":"type-product","3":"status-publish","5":"product_cat-diger","6":"product_cat-tarih","7":"pa_cilt-ciltsiz","8":"pa_tur-kitap","9":"pa_yayinevi-zet-akademi-yayinlari","10":"pa_yazar-hasan-cekic","12":"first","13":"instock","14":"sale","15":"shipping-taxable","16":"purchasable","17":"product-type-simple"},"_links":{"self":[{"href":"https:\/\/roveyayinevi.com.tr\/index.php\/wp-json\/wp\/v2\/product\/762454","targetHints":{"allow":["GET"]}}],"collection":[{"href":"https:\/\/roveyayinevi.com.tr\/index.php\/wp-json\/wp\/v2\/product"}],"about":[{"href":"https:\/\/roveyayinevi.com.tr\/index.php\/wp-json\/wp\/v2\/types\/product"}],"wp:attachment":[{"href":"https:\/\/roveyayinevi.com.tr\/index.php\/wp-json\/wp\/v2\/media?parent=762454"}],"wp:term":[{"taxonomy":"product_brand","embeddable":true,"href":"https:\/\/roveyayinevi.com.tr\/index.php\/wp-json\/wp\/v2\/product_brand?post=762454"},{"taxonomy":"product_cat","embeddable":true,"href":"https:\/\/roveyayinevi.com.tr\/index.php\/wp-json\/wp\/v2\/product_cat?post=762454"},{"taxonomy":"product_tag","embeddable":true,"href":"https:\/\/roveyayinevi.com.tr\/index.php\/wp-json\/wp\/v2\/product_tag?post=762454"}],"curies":[{"name":"wp","href":"https:\/\/api.w.org\/{rel}","templated":true}]}}