{"id":762449,"date":"2025-08-28T10:09:38","date_gmt":"2025-08-28T07:09:38","guid":{"rendered":"https:\/\/roveyayinevi.com.tr\/index.php\/urun\/merhaba-yabanci\/"},"modified":"2026-04-15T03:27:37","modified_gmt":"2026-04-15T00:27:37","slug":"merhaba-yabanci","status":"publish","type":"product","link":"https:\/\/roveyayinevi.com.tr\/index.php\/urun\/merhaba-yabanci\/","title":{"rendered":"Merhaba Yabanc\u0131"},"content":{"rendered":"<p>Y\u00fcz\u00fcm. Tam kar\u015f\u0131mda, aynadayd\u0131. Ayr\u0131ks\u0131 par\u00e7alar h\u00e2linde de\u011fil, bir b\u00fct\u00fcn olarak. Ba\u011flant\u0131s\u0131z g\u00f6zler, dudaklar ve burun delikleri \u015feklinde de\u011fil, ben olarak. \u201cMerhaba, yabanc\u0131,\u201d dedim y\u00fcksek sesle. \u0130\u015fte oradayd\u0131m.   Sadie Montgomery, hayat\u0131n\u0131n en b\u00fcy\u00fck ba\u015far\u0131s\u0131n\u0131 kutlayacakken talihsiz bir olay sonucu kendini hastanede bulur. Y\u00fcz k\u00f6rl\u00fc\u011f\u00fc olarak bilinen bir hastal\u0131\u011f\u0131 vard\u0131r art\u0131k. Bakt\u0131\u011f\u0131 her y\u00fcz birbirinden ba\u011f\u0131ms\u0131z par\u00e7alardan olu\u015fan karmakar\u0131\u015f\u0131k bir yapboz gibidir.   Sadie bu hastal\u0131kla ba\u015f etmeye, ailevi sorunlar\u0131n\u0131 halletmeye ve sevgili k\u00f6pe\u011fi Peanut\u2019la ilgilenmeye adam\u0131\u015ft\u0131r kendini. Bir de annesinden miras kalan portre ressaml\u0131\u011f\u0131n\u0131 devam ettirmeye\u2026 Kendi ayaklar\u0131n\u0131n \u00fczerinde durmaya \u00e7al\u0131\u015f\u0131rken tepetaklak olan hayat\u0131n\u0131 ya\u015fanabilir k\u0131lmak i\u00e7in \u00fcst\u00fcn bir \u00e7aba g\u00f6sterse de bir noktadan sonra yard\u0131m istemek zorunda kalacakt\u0131r ve i\u015fe bak\u0131n ki kap\u0131 kom\u015fusu tam bir Yard\u0131msever\u2019dir.   Bir tarafta \u00f6n yarg\u0131lar\u0131 bir tarafta s\u0131k\u0131 s\u0131k\u0131ya ba\u011fl\u0131 oldu\u011fu hayalleri olan Sadie\u2019nin hayat\u0131nda hi\u00e7bir \u015fey net de\u011fildir \u00e7\u00fcnk\u00fc zaten herhangi bir \u015feyi net g\u00f6rmesi imk\u00e2ns\u0131z gibidir. Fakat hayat, bakmasan\u0131z da g\u00f6rebilece\u011finiz onca g\u00fczellikle doludur. Sadie\u2019nin hi\u00e7 beklemedi\u011fi anda kar\u015f\u0131s\u0131na \u00e7\u0131kan insanlar gibi\u2026 \u00dcstelik, g\u00f6rmenin her zaman ba\u015fka yollar\u0131 da vard\u0131r. T\u0131pk\u0131 Sadie\u2019nin denedi\u011fi yollar gibi\u2026 <\/p>\n","protected":false},"excerpt":{"rendered":"<p>Y\u00fcz\u00fcm. Tam kar\u015f\u0131mda, aynadayd\u0131. Ayr\u0131ks\u0131 par\u00e7alar h\u00e2linde de\u011fil, bir b\u00fct\u00fcn olarak. Ba\u011flant\u0131s\u0131z g\u00f6zler, dudaklar ve burun delikleri \u015feklinde de\u011fil, ben olarak. \u201cMerhaba, yabanc\u0131,\u201d dedim y\u00fcksek sesle.<span class=\"excerpt-hellip\"> [\u2026]<\/span><\/p>\n","protected":false},"featured_media":0,"template":"","meta":{"_monsterinsights_skip_tracking":false,"_monsterinsights_sitenote_active":false,"_monsterinsights_sitenote_note":"","_monsterinsights_sitenote_category":0},"product_brand":[],"product_cat":[12291,12711],"product_tag":[],"class_list":{"0":"post-762449","1":"product","2":"type-product","3":"status-publish","5":"product_cat-edebiyat","6":"product_cat-roman-oyku","7":"pa_cilt-ciltsiz","8":"pa_tur-kitap","9":"pa_yayinevi-artemis-yayinlari","10":"pa_yazar-katherine-center","12":"first","13":"instock","14":"sale","15":"shipping-taxable","16":"purchasable","17":"product-type-simple"},"_links":{"self":[{"href":"https:\/\/roveyayinevi.com.tr\/index.php\/wp-json\/wp\/v2\/product\/762449","targetHints":{"allow":["GET"]}}],"collection":[{"href":"https:\/\/roveyayinevi.com.tr\/index.php\/wp-json\/wp\/v2\/product"}],"about":[{"href":"https:\/\/roveyayinevi.com.tr\/index.php\/wp-json\/wp\/v2\/types\/product"}],"wp:attachment":[{"href":"https:\/\/roveyayinevi.com.tr\/index.php\/wp-json\/wp\/v2\/media?parent=762449"}],"wp:term":[{"taxonomy":"product_brand","embeddable":true,"href":"https:\/\/roveyayinevi.com.tr\/index.php\/wp-json\/wp\/v2\/product_brand?post=762449"},{"taxonomy":"product_cat","embeddable":true,"href":"https:\/\/roveyayinevi.com.tr\/index.php\/wp-json\/wp\/v2\/product_cat?post=762449"},{"taxonomy":"product_tag","embeddable":true,"href":"https:\/\/roveyayinevi.com.tr\/index.php\/wp-json\/wp\/v2\/product_tag?post=762449"}],"curies":[{"name":"wp","href":"https:\/\/api.w.org\/{rel}","templated":true}]}}