{"id":762447,"date":"2025-08-28T10:09:33","date_gmt":"2025-08-28T07:09:33","guid":{"rendered":"https:\/\/roveyayinevi.com.tr\/index.php\/urun\/eyvah-ofsayta-dustuk\/"},"modified":"2026-04-15T03:27:37","modified_gmt":"2026-04-15T00:27:37","slug":"eyvah-ofsayta-dustuk","status":"publish","type":"product","link":"https:\/\/roveyayinevi.com.tr\/index.php\/urun\/eyvah-ofsayta-dustuk\/","title":{"rendered":"Eyvah! Ofsayta D\u00fc\u015ft\u00fck!"},"content":{"rendered":"<p>Kronik \u00c7ocuk futbol tutkunu bulmaca severler i\u00e7in yeni bir maceraya kap\u0131 aral\u0131yor: Eyvah! Ofsayta D\u00fc\u015ft\u00fck!   Christian Tielmann\u2019\u0131n yaz\u0131p Gerhard Schr\u00f6der\u2019in resimledi\u011fi Eyvah! Ofsayta D\u00fc\u015ft\u00fck!, Olcay Ma\u011fden \u00e7evirisiyle okurlar\u0131yla bulu\u015fuyor!   Bulmacalar ve ipu\u00e7lar\u0131yla dolu heyecanl\u0131 bir maceraya haz\u0131r m\u0131s\u0131n? Ye\u015fil sahaya ula\u015fmak i\u00e7in tek yapman gereken ipu\u00e7lar\u0131n\u0131 takip etmek! Do\u011fru yan\u0131tlar seni istedi\u011fin yere g\u00f6t\u00fcrecek. \u00dcstelik her seferinde farkl\u0131 kararlar vererek maceray\u0131 diledi\u011fin kadar tekrarlayabilirsin. Yanl\u0131\u015f cevap verirsen ye\u015fil sahaya ula\u015famayaca\u011f\u0131n\u0131 sak\u0131n unutma! Arkada\u015flar\u0131n Deniz ve Bulut da sana do\u011fru yolu g\u00f6stermek i\u00e7in haz\u0131r bekliyor.   Hadi, hemen okumaya ba\u015fla ve kendi maceran\u0131 ya\u015fa!   ***  Kronik \u00c7ocuk\u2019tan bulmaca seven futbol tutkunlar\u0131 i\u00e7in heyecan dolu bir kitap: Eyvah! Ofsayta D\u00fc\u015ft\u00fck!   Christian Tielmann\u2019\u0131n yaz\u0131p Gerhard Schr\u00f6der\u2019in resimledi\u011fi Eyvah! Ofsayta D\u00fc\u015ft\u00fck!, seni her sayfas\u0131nda yeni bir maceraya davet ediyor. Do\u011fru cevaplar seni gitmek istedi\u011fin yere, ye\u015fil sahalara g\u00f6t\u00fcrecek! Sak\u0131n yanl\u0131\u015f cevap verme yoksa do\u011fru yolu asla bulamayabilirsin! Neyse ki bu kitab\u0131 tekrar tekrar okuyup farkl\u0131 kararlar alabilir ve hedefine ula\u015fabilirsin. Tek yapman gereken, ipu\u00e7lar\u0131n\u0131 takip etmek\u2026 Deniz ve Bulut da sana yard\u0131mc\u0131 olmak i\u00e7in can at\u0131yor.   Hadi, acele et! Tak\u0131m\u0131n ye\u015fil sahada seni bekliyor!   M\u00fcfredat temalar\u0131:  \u00c7OCUK D\u00dcNYASI, SPOR, HAYAT BECER\u0130LER\u0130, K\u0130\u015e\u0130SEL GEL\u0130\u015e\u0130M <\/p>\n","protected":false},"excerpt":{"rendered":"<p>Kronik \u00c7ocuk futbol tutkunu bulmaca severler i\u00e7in yeni bir maceraya kap\u0131 aral\u0131yor: Eyvah! Ofsayta D\u00fc\u015ft\u00fck! Christian Tielmann\u2019\u0131n yaz\u0131p Gerhard Schr\u00f6der\u2019in resimledi\u011fi Eyvah! Ofsayta D\u00fc\u015ft\u00fck!, Olcay Ma\u011fden<span class=\"excerpt-hellip\"> [\u2026]<\/span><\/p>\n","protected":false},"featured_media":0,"template":"","meta":{"_monsterinsights_skip_tracking":false,"_monsterinsights_sitenote_active":false,"_monsterinsights_sitenote_note":"","_monsterinsights_sitenote_category":0},"product_brand":[],"product_cat":[12274],"product_tag":[],"class_list":{"0":"post-762447","1":"product","2":"type-product","3":"status-publish","5":"product_cat-cocuk-ve-genclik-kitaplari","6":"pa_cilt-ciltsiz","7":"pa_tur-kitap","8":"pa_yayinevi-kronik-kitap","9":"pa_yazar-christian-tielmann","11":"first","12":"instock","13":"sale","14":"shipping-taxable","15":"purchasable","16":"product-type-simple"},"_links":{"self":[{"href":"https:\/\/roveyayinevi.com.tr\/index.php\/wp-json\/wp\/v2\/product\/762447","targetHints":{"allow":["GET"]}}],"collection":[{"href":"https:\/\/roveyayinevi.com.tr\/index.php\/wp-json\/wp\/v2\/product"}],"about":[{"href":"https:\/\/roveyayinevi.com.tr\/index.php\/wp-json\/wp\/v2\/types\/product"}],"wp:attachment":[{"href":"https:\/\/roveyayinevi.com.tr\/index.php\/wp-json\/wp\/v2\/media?parent=762447"}],"wp:term":[{"taxonomy":"product_brand","embeddable":true,"href":"https:\/\/roveyayinevi.com.tr\/index.php\/wp-json\/wp\/v2\/product_brand?post=762447"},{"taxonomy":"product_cat","embeddable":true,"href":"https:\/\/roveyayinevi.com.tr\/index.php\/wp-json\/wp\/v2\/product_cat?post=762447"},{"taxonomy":"product_tag","embeddable":true,"href":"https:\/\/roveyayinevi.com.tr\/index.php\/wp-json\/wp\/v2\/product_tag?post=762447"}],"curies":[{"name":"wp","href":"https:\/\/api.w.org\/{rel}","templated":true}]}}