{"id":762443,"date":"2025-08-28T10:09:27","date_gmt":"2025-08-28T07:09:27","guid":{"rendered":"https:\/\/roveyayinevi.com.tr\/index.php\/urun\/dakikalar-icinde-siyaset\/"},"modified":"2026-04-15T03:27:37","modified_gmt":"2026-04-15T00:27:37","slug":"dakikalar-icinde-siyaset","status":"publish","type":"product","link":"https:\/\/roveyayinevi.com.tr\/index.php\/urun\/dakikalar-icinde-siyaset\/","title":{"rendered":"Dakikalar \u0130\u00e7inde Siyaset"},"content":{"rendered":"<p>Siyasete Dair Bilmeniz Gereken Her \u015eey Siyasi teorilerden h\u00fck\u00fcmet y\u00f6ntemlerine kadar ihtiyac\u0131n\u0131z olan her \u015feyi kapsayan Dakikalar \u0130\u00e7inde Siyaset, kilit siyasi filozoflar\u0131n, liderlerin ve aktivistlerin fikirlerini, teorilerini ve ideolojilerini g\u00f6rsellerle benzersiz bir \u015fekilde anlat\u0131yor. Hayat\u0131m\u0131z\u0131n her an\u0131na sirayet eden siyasete dair ne biliyoruz? Aristo\u2019dan Platon\u2019a, Rousseau\u2019dan Marx\u2019a fikirler ve felsefeler nas\u0131l de\u011fi\u015fti? Siyasal sistemler nas\u0131l i\u015fliyor? Demokrasi ve se\u00e7imler d\u00fc\u015f\u00fcnd\u00fc\u011f\u00fcm\u00fcz kadar \u00f6nemli mi? Demokratik ve otoriter rejimlerin farklar\u0131 neler? Din ve siyaset aras\u0131nda nas\u0131l bir ili\u015fki var? Siyaset neden sa\u011f ve sol olarak ayr\u0131l\u0131yor? Bu iki g\u00f6r\u00fc\u015f aras\u0131nda ne gibi farklar var? Bir siyasi parti nas\u0131l \u00e7al\u0131\u015f\u0131r? Dakikalar \u0130\u00e7inde Siyaset, g\u00fcnl\u00fck ya\u015fant\u0131m\u0131z\u0131n olmazsa olmaz\u0131 siyasete ili\u015fkin yukar\u0131daki sorular ve \u00e7ok daha fazlas\u0131n\u0131 cevaplarken d\u00fcnyan\u0131n da nas\u0131l y\u00f6netildi\u011fine dair de keyifli bir okuma sunuyor. Dakikalar \u0130\u00e7inde Siyaset milliyet\u00e7ilik, kom\u00fcnizm, devrim, h\u00fck\u00fcmet, Birle\u015fmi\u015f Milletler, egemenlik, d\u00fcnya h\u00fck\u00fcmeti, sava\u015f, k\u00fcreselle\u015fme, ittifaklar, se\u00e7im, demokrasi, muhafazak\u00e2rl\u0131k, otoriterlik, iktidar, lider, s\u00f6m\u00fcrgecilik, g\u00f6\u00e7 gibi bir\u00e7ok kavram, ki\u015fi, olay\u0131 ve siyasete dair her \u015feyi 200 g\u00f6rsel ve dikkat \u00e7ekici bir \u00fcslupla sunan, siyaset bilgisini derinle\u015ftirmek isteyen herkese hitap eden bir ba\u015fucu kitab\u0131. <\/p>\n","protected":false},"excerpt":{"rendered":"<p>Siyasete Dair Bilmeniz Gereken Her \u015eey Siyasi teorilerden h\u00fck\u00fcmet y\u00f6ntemlerine kadar ihtiyac\u0131n\u0131z olan her \u015feyi kapsayan Dakikalar \u0130\u00e7inde Siyaset, kilit siyasi filozoflar\u0131n, liderlerin ve aktivistlerin fikirlerini,<span class=\"excerpt-hellip\"> [\u2026]<\/span><\/p>\n","protected":false},"featured_media":0,"template":"","meta":{"_monsterinsights_skip_tracking":false,"_monsterinsights_sitenote_active":false,"_monsterinsights_sitenote_note":"","_monsterinsights_sitenote_category":0},"product_brand":[],"product_cat":[13590,12337],"product_tag":[],"class_list":{"0":"post-762443","1":"product","2":"type-product","3":"status-publish","5":"product_cat-arastirma-inceleme-politika-siyaset","6":"product_cat-politika-siyaset","7":"pa_cilt-ciltsiz","8":"pa_tur-kitap","9":"pa_yayinevi-kronik-kitap","10":"pa_yazar-marcus-weeks","12":"first","13":"instock","14":"sale","15":"shipping-taxable","16":"purchasable","17":"product-type-simple"},"_links":{"self":[{"href":"https:\/\/roveyayinevi.com.tr\/index.php\/wp-json\/wp\/v2\/product\/762443","targetHints":{"allow":["GET"]}}],"collection":[{"href":"https:\/\/roveyayinevi.com.tr\/index.php\/wp-json\/wp\/v2\/product"}],"about":[{"href":"https:\/\/roveyayinevi.com.tr\/index.php\/wp-json\/wp\/v2\/types\/product"}],"wp:attachment":[{"href":"https:\/\/roveyayinevi.com.tr\/index.php\/wp-json\/wp\/v2\/media?parent=762443"}],"wp:term":[{"taxonomy":"product_brand","embeddable":true,"href":"https:\/\/roveyayinevi.com.tr\/index.php\/wp-json\/wp\/v2\/product_brand?post=762443"},{"taxonomy":"product_cat","embeddable":true,"href":"https:\/\/roveyayinevi.com.tr\/index.php\/wp-json\/wp\/v2\/product_cat?post=762443"},{"taxonomy":"product_tag","embeddable":true,"href":"https:\/\/roveyayinevi.com.tr\/index.php\/wp-json\/wp\/v2\/product_tag?post=762443"}],"curies":[{"name":"wp","href":"https:\/\/api.w.org\/{rel}","templated":true}]}}