{"id":762440,"date":"2025-08-28T10:09:23","date_gmt":"2025-08-28T07:09:23","guid":{"rendered":"https:\/\/roveyayinevi.com.tr\/index.php\/urun\/keltler\/"},"modified":"2026-04-15T03:27:37","modified_gmt":"2026-04-15T00:27:37","slug":"keltler","status":"publish","type":"product","link":"https:\/\/roveyayinevi.com.tr\/index.php\/urun\/keltler\/","title":{"rendered":"Keltler"},"content":{"rendered":"<p>ANT\u0130K \u00c7A\u011eIN G\u0130ZEML\u0130 AVRUPA HALKI G\u00fcn\u00fcm\u00fczden 2.600 y\u0131l \u00f6nce, Fransa\u2019daki Rhone Nehri k\u0131y\u0131s\u0131nda Yunanlar bir ticaret kolonisi kurdular. Kar\u015f\u0131lar\u0131na dillerini anlayamad\u0131klar\u0131, kendilerinden farkl\u0131 giyinen, tav\u0131rlar\u0131 ve davran\u0131\u015flar\u0131 farkl\u0131 bir kavimle kar\u015f\u0131la\u015ft\u0131. Sava\u015f\u00e7\u0131 olduklar\u0131 kadar zenginliklerini g\u00f6steren l\u00fcks \u00fcr\u00fcnlere ilgili bu sert miza\u00e7l\u0131 topluluk, \u015fatafatl\u0131 k\u0131yafetler giyen, s\u00fcsl\u00fc ziynet e\u015fyalar\u0131 kullanan \u015feflerin idaresindeydi. Bir as\u0131r sonra, Yunan co\u011frafyac\u0131 Hecataeus bu halk\u0131 Keltoi\/Keltler olarak adland\u0131rd\u0131 ama \u00fczerlerindeki s\u0131r perdesi o g\u00fcnden bug\u00fcne h\u00e2l\u00e2 tam anlam\u0131yla kalkmad\u0131. Kimdi bu Keltler? Hangi dili konu\u015fuyorlard\u0131? Akrabalar\u0131 kimlerdi? Orta Avrupal\u0131 bir halk olduklar\u0131 halde Britanya Adalar\u0131\u2019na ne zaman g\u00f6\u00e7t\u00fcler? Sadece sahip olduklar\u0131 zenginli\u011fi g\u00f6stermeyi seven, sert g\u00f6r\u00fcn\u00fcml\u00fc, sava\u015f\u00e7\u0131 bir insan toplulu\u011fu muydu? Yoksa tarihsel bir hayal \u00fcr\u00fcn\u00fcnden mi ibaretler? Peki, b\u00fct\u00fcn bu bilinmezler ve yar\u0131m cevaplar aras\u0131nda g\u00fcn\u00fcm\u00fczde Kelt miras\u0131 nas\u0131l ya\u015fat\u0131l\u0131yor? \u00dcnl\u00fc \u0130ngiliz tarih\u00e7i Simon Jenkins bu kitab\u0131nda; Keltlerin k\u00f6kenlerini, inan\u00e7lar\u0131n\u0131, sanatlar\u0131n\u0131 ve toplumsal yap\u0131lar\u0131n\u0131 derinlemesine inceliyor. Keltlerin yaln\u0131zca sava\u015f\u00e7\u0131 \u00f6zelliklerini de\u011fil ayn\u0131 zamanda zengin k\u00fclt\u00fcrel miras\u0131n\u0131, dillerini ve g\u00fcnl\u00fck ya\u015famlar\u0131n\u0131 kapsaml\u0131 bir \u015fekilde inceleyerek okuyucuyu tarihsel bir yolculu\u011fa \u00e7\u0131kar\u0131yor. Avrupa\u2019n\u0131n d\u00f6rt bir yan\u0131na yay\u0131lm\u0131\u015f olan Kelt toplumlar\u0131n\u0131n etkisini ve miras\u0131n\u0131 ele al\u0131rken, Keltlerin modern d\u00fcnyadaki yerini de anlat\u0131yor. Simon Jenkins, d\u00fcnya tarihinde haklar\u0131 yeterince teslim edilmeyen, konumlar\u0131 tart\u0131\u015fmal\u0131 bir halk olan Keltlerin tarihini g\u00fcncel verilerin \u0131\u015f\u0131\u011f\u0131nda, ikna edici yorumlarla okurlara sunuyor. Keltler: Antik \u00c7a\u011f\u0131n Gizemli Halk\u0131\u2019nda Avrupa\u2019n\u0131n kadim halklar\u0131ndan Keltlerin s\u00fcr\u00fckleyici ve ilgi \u00e7ekici hik\u00e2yesini b\u00fct\u00fcn yanl\u0131\u015f anlamalardan ve tespitlerden s\u0131yr\u0131lm\u0131\u015f \u015fekilde bulacaks\u0131n\u0131z.<\/p>\n","protected":false},"excerpt":{"rendered":"<p>ANT\u0130K \u00c7A\u011eIN G\u0130ZEML\u0130 AVRUPA HALKI G\u00fcn\u00fcm\u00fczden 2.600 y\u0131l \u00f6nce, Fransa\u2019daki Rhone Nehri k\u0131y\u0131s\u0131nda Yunanlar bir ticaret kolonisi kurdular. Kar\u015f\u0131lar\u0131na dillerini anlayamad\u0131klar\u0131, kendilerinden farkl\u0131 giyinen, tav\u0131rlar\u0131 ve<span class=\"excerpt-hellip\"> [\u2026]<\/span><\/p>\n","protected":false},"featured_media":0,"template":"","meta":{"_monsterinsights_skip_tracking":false,"_monsterinsights_sitenote_active":false,"_monsterinsights_sitenote_note":"","_monsterinsights_sitenote_category":0},"product_brand":[],"product_cat":[12370,12304],"product_tag":[],"class_list":{"0":"post-762440","1":"product","2":"type-product","3":"status-publish","5":"product_cat-arastirma-inceleme","6":"product_cat-tarih","7":"pa_cilt-ciltsiz","8":"pa_tur-kitap","9":"pa_yayinevi-kronik-kitap","10":"pa_yazar-simon-jenkins","12":"first","13":"instock","14":"sale","15":"shipping-taxable","16":"purchasable","17":"product-type-simple"},"_links":{"self":[{"href":"https:\/\/roveyayinevi.com.tr\/index.php\/wp-json\/wp\/v2\/product\/762440","targetHints":{"allow":["GET"]}}],"collection":[{"href":"https:\/\/roveyayinevi.com.tr\/index.php\/wp-json\/wp\/v2\/product"}],"about":[{"href":"https:\/\/roveyayinevi.com.tr\/index.php\/wp-json\/wp\/v2\/types\/product"}],"wp:attachment":[{"href":"https:\/\/roveyayinevi.com.tr\/index.php\/wp-json\/wp\/v2\/media?parent=762440"}],"wp:term":[{"taxonomy":"product_brand","embeddable":true,"href":"https:\/\/roveyayinevi.com.tr\/index.php\/wp-json\/wp\/v2\/product_brand?post=762440"},{"taxonomy":"product_cat","embeddable":true,"href":"https:\/\/roveyayinevi.com.tr\/index.php\/wp-json\/wp\/v2\/product_cat?post=762440"},{"taxonomy":"product_tag","embeddable":true,"href":"https:\/\/roveyayinevi.com.tr\/index.php\/wp-json\/wp\/v2\/product_tag?post=762440"}],"curies":[{"name":"wp","href":"https:\/\/api.w.org\/{rel}","templated":true}]}}