{"id":762437,"date":"2025-08-28T10:09:17","date_gmt":"2025-08-28T07:09:17","guid":{"rendered":"https:\/\/roveyayinevi.com.tr\/index.php\/urun\/mart-menekseleri\/"},"modified":"2026-04-15T03:27:37","modified_gmt":"2026-04-15T00:27:37","slug":"mart-menekseleri","status":"publish","type":"product","link":"https:\/\/roveyayinevi.com.tr\/index.php\/urun\/mart-menekseleri\/","title":{"rendered":"Mart Menek\u015feleri"},"content":{"rendered":"<p>\u201cB\u00fcy\u00fck a\u015fklar, zamana, k\u0131rg\u0131nl\u0131klara ve mesafeye g\u00f6\u011f\u00fcs gerer. Her \u015fey kaybedilmi\u015f g\u00f6r\u00fcnd\u00fc\u011f\u00fcnde bile, ger\u00e7ek a\u015fk varl\u0131\u011f\u0131n\u0131 s\u00fcrd\u00fcr\u00fcr. Ben bunu art\u0131k biliyorum. Umar\u0131m sen de \u00f6\u011frenirsin.\u201d       Emily Wilson hen\u00fcz yirmili ya\u015flar\u0131ndayken d\u00fcnyan\u0131n zirvesindeydi: \u00c7oksatan bir roman\u0131, GQ sayfalar\u0131ndan f\u0131rlam\u0131\u015f bir kocas\u0131 ve sonsuza dek s\u00fcrecek mutluluk i\u00e7in tek y\u00f6nl\u00fc bir bileti vard\u0131. Ta ki talihi tersine d\u00f6n\u00fcp onu Bainbridge Adas\u0131\u2019na s\u00fcr\u00fckleyene kadar\u2026   Bir mart ay\u0131nda Emily, yaralar\u0131n\u0131 sarmak i\u00e7in teyzesi Bee\u2019nin yan\u0131na gitmeye karar verdi\u011finde kendi hayat\u0131na dair bir\u00e7ok \u015feyi yeniden ke\u015ffedece\u011finden habersizdir; ger\u00e7ek a\u015fk\u0131n her \u015feyi yenebilece\u011finden, affetmenin asl\u0131nda y\u00fcklerinden ar\u0131nma anlam\u0131na geldi\u011finden ve her s\u0131rr\u0131n bir g\u00fcn mutlaka g\u00fcn y\u00fcz\u00fcne \u00e7\u0131kaca\u011f\u0131ndan\u2026  Mart Menek\u015feleri ile Library Journal En \u0130yi Kitap \u00d6d\u00fcl\u00fc\u2019n\u00fc kazanan Sarah Jio, bu kez iki farkl\u0131 zamandaki iki farkl\u0131 kad\u0131n\u0131n \u00f6yk\u00fcs\u00fcn\u00fc \u00e2deta okurlara ya\u015fatarak ger\u00e7ek a\u015fk\u0131n her \u015feyi yenebilece\u011fini bir kez daha herkese hat\u0131rlat\u0131yor.  <\/p>\n","protected":false},"excerpt":{"rendered":"<p>\u201cB\u00fcy\u00fck a\u015fklar, zamana, k\u0131rg\u0131nl\u0131klara ve mesafeye g\u00f6\u011f\u00fcs gerer. Her \u015fey kaybedilmi\u015f g\u00f6r\u00fcnd\u00fc\u011f\u00fcnde bile, ger\u00e7ek a\u015fk varl\u0131\u011f\u0131n\u0131 s\u00fcrd\u00fcr\u00fcr. Ben bunu art\u0131k biliyorum. Umar\u0131m sen de \u00f6\u011frenirsin.\u201d Emily<span class=\"excerpt-hellip\"> [\u2026]<\/span><\/p>\n","protected":false},"featured_media":0,"template":"","meta":{"_monsterinsights_skip_tracking":false,"_monsterinsights_sitenote_active":false,"_monsterinsights_sitenote_note":"","_monsterinsights_sitenote_category":0},"product_brand":[],"product_cat":[12291,12711],"product_tag":[],"class_list":{"0":"post-762437","1":"product","2":"type-product","3":"status-publish","5":"product_cat-edebiyat","6":"product_cat-roman-oyku","7":"pa_cilt-ciltsiz","8":"pa_tur-kitap","9":"pa_yayinevi-epsilon-yayinlari","10":"pa_yazar-sarah-jio","12":"first","13":"instock","14":"sale","15":"shipping-taxable","16":"purchasable","17":"product-type-simple"},"_links":{"self":[{"href":"https:\/\/roveyayinevi.com.tr\/index.php\/wp-json\/wp\/v2\/product\/762437","targetHints":{"allow":["GET"]}}],"collection":[{"href":"https:\/\/roveyayinevi.com.tr\/index.php\/wp-json\/wp\/v2\/product"}],"about":[{"href":"https:\/\/roveyayinevi.com.tr\/index.php\/wp-json\/wp\/v2\/types\/product"}],"wp:attachment":[{"href":"https:\/\/roveyayinevi.com.tr\/index.php\/wp-json\/wp\/v2\/media?parent=762437"}],"wp:term":[{"taxonomy":"product_brand","embeddable":true,"href":"https:\/\/roveyayinevi.com.tr\/index.php\/wp-json\/wp\/v2\/product_brand?post=762437"},{"taxonomy":"product_cat","embeddable":true,"href":"https:\/\/roveyayinevi.com.tr\/index.php\/wp-json\/wp\/v2\/product_cat?post=762437"},{"taxonomy":"product_tag","embeddable":true,"href":"https:\/\/roveyayinevi.com.tr\/index.php\/wp-json\/wp\/v2\/product_tag?post=762437"}],"curies":[{"name":"wp","href":"https:\/\/api.w.org\/{rel}","templated":true}]}}