{"id":762433,"date":"2025-08-28T10:09:11","date_gmt":"2025-08-28T07:09:11","guid":{"rendered":"https:\/\/roveyayinevi.com.tr\/index.php\/urun\/hegel-dersleri\/"},"modified":"2026-04-15T03:27:37","modified_gmt":"2026-04-15T00:27:37","slug":"hegel-dersleri","status":"publish","type":"product","link":"https:\/\/roveyayinevi.com.tr\/index.php\/urun\/hegel-dersleri\/","title":{"rendered":"Hegel Dersleri"},"content":{"rendered":"<p>Leo Strauss Hegel \u00fczerine ayr\u0131nt\u0131l\u0131 bir inceleme yazmay\u0131 planlam\u0131\u015f fakat buna f\u0131rsat bulamam\u0131\u015ft\u0131r. Strauss\u2019un yirminci y\u00fczy\u0131l siyaset felsefesini \u015fekillendiren ba\u015fl\u0131ca fig\u00fcrlerden oldu\u011fu d\u00fc\u015f\u00fcn\u00fcld\u00fc\u011f\u00fcnde, b\u00f6yle bir eserin hayata ge\u00e7irilememi\u015f olmas\u0131n\u0131 hem yirminci y\u00fczy\u0131l\u0131n hem de bug\u00fcn\u00fcn felsefesi i\u00e7in b\u00fcy\u00fck bir talihsizlik olarak de\u011ferlendirmek yanl\u0131\u015f olmaz. \u00d6te yandan, Strauss\u2019un 1965 K\u0131\u015f d\u00f6neminde Chicago \u00dcniversitesi\u2019nde verdi\u011fi Hegel\u2019in Tarih Felsefesi \u00fczerine derslerin elinizdeki d\u00f6k\u00fcm\u00fc, bu talihsizli\u011fi hi\u00e7 de\u011filse en \u00f6nemli ba\u015fl\u0131klar\u0131nda telafi edebilecek bir metindir. \u015eayet b\u00f6yle bir inceleme yapabilseydi ele alaca\u011f\u0131 ba\u015fl\u0131ca Hegelci temalar hangileri olurdu, Hegel\u2019le kritik kar\u015f\u0131la\u015fmalar\u0131nda beliren yol \u00e7atallar\u0131nda hangi y\u00f6ne gitmeyi tercih ederdi, h\u00e2l\u00e2 b\u00fct\u00fcn canl\u0131l\u0131\u011f\u0131n\u0131 koruyan fakat Marksizm dolay\u0131m\u0131ndan yorumlanmas\u0131 gelenek h\u00e2line gelmi\u015f Hegelcili\u011fin hi\u00e7 de\u011filse siyaset felsefesi \u00f6zelinde farkl\u0131 bir yorumu m\u00fcmk\u00fcn m\u00fcyd\u00fc; elinizdeki metinde tart\u0131\u015fmaya yer b\u0131rakmayarak cevaplanm\u0131\u015f bu sorular ve daha nicesi, Strauss\u2019un kendi Hegel\u2019inin capcanl\u0131 bi\u00e7imde g\u00f6zlerimizin \u00f6n\u00fcnde belirmesi i\u00e7in yeterli g\u00f6r\u00fcn\u00fcyor. Hegel Dersleri, tam da bu y\u00f6n\u00fcyle, So\u011fuk Sava\u015f d\u00f6neminin fokurdayan \u201cHegelci-Marksist\u201d Avrupa\u2019s\u0131ndan \u2013elbette deyim yerindeyse\u2013 \u201cHegelci-Liberal\u201d Birle\u015fik Devletler\u2019in s\u00fctliman \u00e7\u00f6llerine bak\u0131\u015f olarak da okunabilecek, tam anlam\u0131yla \u201cdiyalektik\u201d bir metin. <\/p>\n","protected":false},"excerpt":{"rendered":"<p>Leo Strauss Hegel \u00fczerine ayr\u0131nt\u0131l\u0131 bir inceleme yazmay\u0131 planlam\u0131\u015f fakat buna f\u0131rsat bulamam\u0131\u015ft\u0131r. Strauss\u2019un yirminci y\u00fczy\u0131l siyaset felsefesini \u015fekillendiren ba\u015fl\u0131ca fig\u00fcrlerden oldu\u011fu d\u00fc\u015f\u00fcn\u00fcld\u00fc\u011f\u00fcnde, b\u00f6yle bir eserin<span class=\"excerpt-hellip\"> [\u2026]<\/span><\/p>\n","protected":false},"featured_media":0,"template":"","meta":{"_monsterinsights_skip_tracking":false,"_monsterinsights_sitenote_active":false,"_monsterinsights_sitenote_note":"","_monsterinsights_sitenote_category":0},"product_brand":[],"product_cat":[12388],"product_tag":[],"class_list":{"0":"post-762433","1":"product","2":"type-product","3":"status-publish","5":"product_cat-felsefe","6":"pa_cilt-ciltsiz","7":"pa_tur-kitap","8":"pa_yayinevi-babil-kitap","9":"pa_yazar-leo-strauss","11":"first","12":"instock","13":"sale","14":"shipping-taxable","15":"purchasable","16":"product-type-simple"},"_links":{"self":[{"href":"https:\/\/roveyayinevi.com.tr\/index.php\/wp-json\/wp\/v2\/product\/762433","targetHints":{"allow":["GET"]}}],"collection":[{"href":"https:\/\/roveyayinevi.com.tr\/index.php\/wp-json\/wp\/v2\/product"}],"about":[{"href":"https:\/\/roveyayinevi.com.tr\/index.php\/wp-json\/wp\/v2\/types\/product"}],"wp:attachment":[{"href":"https:\/\/roveyayinevi.com.tr\/index.php\/wp-json\/wp\/v2\/media?parent=762433"}],"wp:term":[{"taxonomy":"product_brand","embeddable":true,"href":"https:\/\/roveyayinevi.com.tr\/index.php\/wp-json\/wp\/v2\/product_brand?post=762433"},{"taxonomy":"product_cat","embeddable":true,"href":"https:\/\/roveyayinevi.com.tr\/index.php\/wp-json\/wp\/v2\/product_cat?post=762433"},{"taxonomy":"product_tag","embeddable":true,"href":"https:\/\/roveyayinevi.com.tr\/index.php\/wp-json\/wp\/v2\/product_tag?post=762433"}],"curies":[{"name":"wp","href":"https:\/\/api.w.org\/{rel}","templated":true}]}}