{"id":762432,"date":"2025-08-28T10:09:10","date_gmt":"2025-08-28T07:09:10","guid":{"rendered":"https:\/\/roveyayinevi.com.tr\/index.php\/urun\/hizmet-sektorunde-pazarlama-tuketicilerin-kars-destinasyon-yemek-imajini-degerlendirmelerine-yonelik-bir-arastirma\/"},"modified":"2026-04-15T03:27:37","modified_gmt":"2026-04-15T00:27:37","slug":"hizmet-sektorunde-pazarlama-tuketicilerin-kars-destinasyon-yemek-imajini-degerlendirmelerine-yonelik-bir-arastirma","status":"publish","type":"product","link":"https:\/\/roveyayinevi.com.tr\/index.php\/urun\/hizmet-sektorunde-pazarlama-tuketicilerin-kars-destinasyon-yemek-imajini-degerlendirmelerine-yonelik-bir-arastirma\/","title":{"rendered":"Hizmet Sekt\u00f6r\u00fcnde Pazarlama: T\u00fcketicilerin Kars Destinasyon Yemek \u0130maj\u0131n\u0131 De\u011ferlendirmelerine Y\u00f6nelik Bir Ara\u015ft\u0131rma"},"content":{"rendered":"<p>B\u0130R\u0130NC\u0130 B\u00d6L\u00dcM Y\u0130YECEK VE \u0130\u00c7ECEK \u0130\u015eLETMETLER\u0130NDE H\u0130ZMET PAZARLAMASI   \u0130K\u0130NC\u0130 B\u00d6L\u00dcM H\u0130ZMET SEKT\u00d6R\u00dcNDE PAZARLAMA Y\u0130YECEK VE \u0130\u00c7ECEK \u0130\u015eLETMELER\u0130NDE B\u0130R PAZARLAMA ARA\u015eTIRMASI <\/p>\n","protected":false},"excerpt":{"rendered":"<p>B\u0130R\u0130NC\u0130 B\u00d6L\u00dcM Y\u0130YECEK VE \u0130\u00c7ECEK \u0130\u015eLETMETLER\u0130NDE H\u0130ZMET PAZARLAMASI \u0130K\u0130NC\u0130 B\u00d6L\u00dcM H\u0130ZMET SEKT\u00d6R\u00dcNDE PAZARLAMA Y\u0130YECEK VE \u0130\u00c7ECEK \u0130\u015eLETMELER\u0130NDE B\u0130R PAZARLAMA ARA\u015eTIRMASI<\/p>\n","protected":false},"featured_media":0,"template":"","meta":{"_monsterinsights_skip_tracking":false,"_monsterinsights_sitenote_active":false,"_monsterinsights_sitenote_note":"","_monsterinsights_sitenote_category":0},"product_brand":[],"product_cat":[14841,13043],"product_tag":[],"class_list":{"0":"post-762432","1":"product","2":"type-product","3":"status-publish","5":"product_cat-arastirma-inceleme-kuram","6":"product_cat-ekonomi","7":"pa_cilt-ciltsiz","8":"pa_tur-kitap","9":"pa_yayinevi-gazi-kitabevi","10":"pa_yazar-nazan-korucuk","12":"first","13":"instock","14":"sale","15":"shipping-taxable","16":"purchasable","17":"product-type-simple"},"_links":{"self":[{"href":"https:\/\/roveyayinevi.com.tr\/index.php\/wp-json\/wp\/v2\/product\/762432","targetHints":{"allow":["GET"]}}],"collection":[{"href":"https:\/\/roveyayinevi.com.tr\/index.php\/wp-json\/wp\/v2\/product"}],"about":[{"href":"https:\/\/roveyayinevi.com.tr\/index.php\/wp-json\/wp\/v2\/types\/product"}],"wp:attachment":[{"href":"https:\/\/roveyayinevi.com.tr\/index.php\/wp-json\/wp\/v2\/media?parent=762432"}],"wp:term":[{"taxonomy":"product_brand","embeddable":true,"href":"https:\/\/roveyayinevi.com.tr\/index.php\/wp-json\/wp\/v2\/product_brand?post=762432"},{"taxonomy":"product_cat","embeddable":true,"href":"https:\/\/roveyayinevi.com.tr\/index.php\/wp-json\/wp\/v2\/product_cat?post=762432"},{"taxonomy":"product_tag","embeddable":true,"href":"https:\/\/roveyayinevi.com.tr\/index.php\/wp-json\/wp\/v2\/product_tag?post=762432"}],"curies":[{"name":"wp","href":"https:\/\/api.w.org\/{rel}","templated":true}]}}