{"id":762431,"date":"2025-08-28T10:09:08","date_gmt":"2025-08-28T07:09:08","guid":{"rendered":"https:\/\/roveyayinevi.com.tr\/index.php\/urun\/beden-egitimi-ve-sporda-alternatif-olcme-ve-degerlendirme\/"},"modified":"2026-04-15T03:27:37","modified_gmt":"2026-04-15T00:27:37","slug":"beden-egitimi-ve-sporda-alternatif-olcme-ve-degerlendirme","status":"publish","type":"product","link":"https:\/\/roveyayinevi.com.tr\/index.php\/urun\/beden-egitimi-ve-sporda-alternatif-olcme-ve-degerlendirme\/","title":{"rendered":"Beden E\u011fitimi ve Sporda Alternatif \u00d6l\u00e7me ve De\u011ferlendirme"},"content":{"rendered":"<p>1.B\u00d6L\u00dcM B\u0130\u00c7\u0130MLEND\u0130R\u0130C\u0130 DE\u011eERLEND\u0130RME  2.B\u00d6L\u00dcM AKRAN DE\u011eERLEND\u0130RME  3.B\u00d6L\u00dcM \u00d6Z DE\u011eERLEND\u0130RME  4.B\u00d6L\u00dcM GRUP DE\u011eERLEND\u0130RME  5.B\u00d6L\u00dcM PERFORMANS VE PROJE DE\u011eERLEND\u0130RME  6.B\u00d6L\u00dcM \u00d6\u011eRENME ALANLARINA G\u00d6RE \u00d6L\u00c7ME DE\u011eERLEND\u0130RME YAKLA\u015eIMLARI  7.B\u00d6L\u00dcM DERECEL\u0130 PUANLAMA ANAHTARI (RUBR\u0130K)  8.B\u00d6L\u00dcM BEDEN E\u011e\u0130T\u0130M\u0130 VE SPOR\u2019DA WEB 2 .0 ARA\u00c7LARI \u0130LE B\u0130\u00c7\u0130MLEND\u0130R\u0130C\u0130 DE\u011eERLEND\u0130RME  9.B\u00d6L\u00dcM BECER\u0130 TESTLER\u0130  10.B\u00d6L\u00dcM \u00dcR\u00dcN SE\u00c7K\u0130 DOSYASI (PORTFOLYO) <\/p>\n","protected":false},"excerpt":{"rendered":"<p>1.B\u00d6L\u00dcM B\u0130\u00c7\u0130MLEND\u0130R\u0130C\u0130 DE\u011eERLEND\u0130RME 2.B\u00d6L\u00dcM AKRAN DE\u011eERLEND\u0130RME 3.B\u00d6L\u00dcM \u00d6Z DE\u011eERLEND\u0130RME 4.B\u00d6L\u00dcM GRUP DE\u011eERLEND\u0130RME 5.B\u00d6L\u00dcM PERFORMANS VE PROJE DE\u011eERLEND\u0130RME 6.B\u00d6L\u00dcM \u00d6\u011eRENME ALANLARINA G\u00d6RE \u00d6L\u00c7ME DE\u011eERLEND\u0130RME YAKLA\u015eIMLARI 7.B\u00d6L\u00dcM DERECEL\u0130<span class=\"excerpt-hellip\"> [\u2026]<\/span><\/p>\n","protected":false},"featured_media":0,"template":"","meta":{"_monsterinsights_skip_tracking":false,"_monsterinsights_sitenote_active":false,"_monsterinsights_sitenote_note":"","_monsterinsights_sitenote_category":0},"product_brand":[],"product_cat":[12573,12566],"product_tag":[],"class_list":{"0":"post-762431","1":"product","2":"type-product","3":"status-publish","5":"product_cat-akademik-kitaplar","6":"product_cat-egitim","7":"pa_cilt-ciltsiz","8":"pa_tur-kitap","9":"pa_yayinevi-gazi-kitabevi","10":"pa_yazar-kolektif","12":"first","13":"instock","14":"sale","15":"shipping-taxable","16":"purchasable","17":"product-type-simple"},"_links":{"self":[{"href":"https:\/\/roveyayinevi.com.tr\/index.php\/wp-json\/wp\/v2\/product\/762431","targetHints":{"allow":["GET"]}}],"collection":[{"href":"https:\/\/roveyayinevi.com.tr\/index.php\/wp-json\/wp\/v2\/product"}],"about":[{"href":"https:\/\/roveyayinevi.com.tr\/index.php\/wp-json\/wp\/v2\/types\/product"}],"wp:attachment":[{"href":"https:\/\/roveyayinevi.com.tr\/index.php\/wp-json\/wp\/v2\/media?parent=762431"}],"wp:term":[{"taxonomy":"product_brand","embeddable":true,"href":"https:\/\/roveyayinevi.com.tr\/index.php\/wp-json\/wp\/v2\/product_brand?post=762431"},{"taxonomy":"product_cat","embeddable":true,"href":"https:\/\/roveyayinevi.com.tr\/index.php\/wp-json\/wp\/v2\/product_cat?post=762431"},{"taxonomy":"product_tag","embeddable":true,"href":"https:\/\/roveyayinevi.com.tr\/index.php\/wp-json\/wp\/v2\/product_tag?post=762431"}],"curies":[{"name":"wp","href":"https:\/\/api.w.org\/{rel}","templated":true}]}}