{"id":762429,"date":"2025-08-28T10:08:32","date_gmt":"2025-08-28T07:08:32","guid":{"rendered":"https:\/\/roveyayinevi.com.tr\/index.php\/urun\/mercandan-babialiye\/"},"modified":"2026-04-15T03:27:37","modified_gmt":"2026-04-15T00:27:37","slug":"mercandan-babialiye","status":"publish","type":"product","link":"https:\/\/roveyayinevi.com.tr\/index.php\/urun\/mercandan-babialiye\/","title":{"rendered":"Mercan&#8217;dan Bab\u0131ali&#8217;ye"},"content":{"rendered":"<p>Hik\u00e2ye, roman, mensur \u015fiir, ele\u015ftiri, terc\u00fcme, biyografi, f\u0131kra, sohbet, makale, mektup gibi edebiyat\u0131n her t\u00fcr\u00fcnde eserler kaleme alan H\u00fcseyin Cahit Yal\u00e7\u0131n\u2019\u0131n \u00fczerinde durulmas\u0131 gereken y\u00f6nlerinden biri hat\u0131ra yazarl\u0131\u011f\u0131d\u0131r. O, -t\u0131pk\u0131 Edebiyat-\u0131 Cedide toplulu\u011fundan arkada\u015f\u0131 Halid Ziya gibi- hat\u0131ralarla ya\u015fayan ve hemen her f\u0131rsatta an\u0131lar\u0131n\u0131 yaz\u0131ya d\u00f6ken bir yazard\u0131r.H\u00fcseyin Cahit Yal\u00e7\u0131n, 1938 y\u0131l\u0131nda haftal\u0131k Yedig\u00fcn mecmuas\u0131nda \u201cMercan\u2019dan B\u00e2b\u0131\u00e2li\u2019ye\u201d ba\u015fl\u0131\u011f\u0131 alt\u0131nda maarif ve memuriyet hayat\u0131 ile ilgili hat\u0131ralar\u0131n\u0131 yay\u0131mlam\u0131\u015ft\u0131r ki elinizde tuttu\u011funuz \u00e7al\u0131\u015fmada bu \u00f6nemli tefrika kitapla\u015fmaktad\u0131r. Mercan\u2019dan B\u00e2b\u0131\u00e2li\u2019ye, H\u00fcseyin Cahit\u2019in biyografisine \u0131\u015f\u0131k tutan bir eser olmas\u0131n\u0131n yan\u0131 s\u0131ra, ele ald\u0131\u011f\u0131 d\u00f6nemin ruhunu yans\u0131tan, bilhassa 1896-1908 y\u0131llar\u0131 aras\u0131nda e\u011fitim d\u00fcnyam\u0131zla ilgili m\u00fchim ipu\u00e7lar\u0131 i\u00e7eren bir kitapt\u0131r.Yazar\u0131n hat\u0131ralar\u0131n\u0131 ne\u015frederken -biraz da \u201cb\u0131\u00e7k\u0131n\u201d mizac\u0131n\u0131n etkisiyle- memuriyet hayat\u0131m\u0131za ve maarif sistemimize dair yer yer sert ele\u015ftiriler y\u00f6neltti\u011fi g\u00f6r\u00fcl\u00fcr. Kitapta ele al\u0131nan hadiselerin \u00fczerinden bir as\u0131rdan fazla bir s\u00fcre ge\u00e7mesine ra\u011fmen, H\u00fcseyin Cahit\u2019in i\u015faret etti\u011fi baz\u0131 problemlerin \u201ckronik\u201d bir h\u00e2l ald\u0131\u011f\u0131n\u0131 ve baz\u0131 \u015feylerin g\u00fcn\u00fcm\u00fczde dahi de\u011fi\u015fmedi\u011fini g\u00f6rmek \u015fa\u015f\u0131rt\u0131c\u0131d\u0131r.<\/p>\n","protected":false},"excerpt":{"rendered":"<p>Hik\u00e2ye, roman, mensur \u015fiir, ele\u015ftiri, terc\u00fcme, biyografi, f\u0131kra, sohbet, makale, mektup gibi edebiyat\u0131n her t\u00fcr\u00fcnde eserler kaleme alan H\u00fcseyin Cahit Yal\u00e7\u0131n\u2019\u0131n \u00fczerinde durulmas\u0131 gereken y\u00f6nlerinden biri<span class=\"excerpt-hellip\"> [\u2026]<\/span><\/p>\n","protected":false},"featured_media":0,"template":"","meta":{"_monsterinsights_skip_tracking":false,"_monsterinsights_sitenote_active":false,"_monsterinsights_sitenote_note":"","_monsterinsights_sitenote_category":0},"product_brand":[],"product_cat":[14009,12291],"product_tag":[],"class_list":{"0":"post-762429","1":"product","2":"type-product","3":"status-publish","5":"product_cat-biyografi-otobiyografi-edebiyat","6":"product_cat-edebiyat","7":"pa_cilt-ciltsiz","8":"pa_tur-kitap","9":"pa_yayinevi-otuken-nesriyat","10":"pa_yazar-huseyin-cahit-yalcin","12":"first","13":"instock","14":"sale","15":"shipping-taxable","16":"purchasable","17":"product-type-simple"},"_links":{"self":[{"href":"https:\/\/roveyayinevi.com.tr\/index.php\/wp-json\/wp\/v2\/product\/762429","targetHints":{"allow":["GET"]}}],"collection":[{"href":"https:\/\/roveyayinevi.com.tr\/index.php\/wp-json\/wp\/v2\/product"}],"about":[{"href":"https:\/\/roveyayinevi.com.tr\/index.php\/wp-json\/wp\/v2\/types\/product"}],"wp:attachment":[{"href":"https:\/\/roveyayinevi.com.tr\/index.php\/wp-json\/wp\/v2\/media?parent=762429"}],"wp:term":[{"taxonomy":"product_brand","embeddable":true,"href":"https:\/\/roveyayinevi.com.tr\/index.php\/wp-json\/wp\/v2\/product_brand?post=762429"},{"taxonomy":"product_cat","embeddable":true,"href":"https:\/\/roveyayinevi.com.tr\/index.php\/wp-json\/wp\/v2\/product_cat?post=762429"},{"taxonomy":"product_tag","embeddable":true,"href":"https:\/\/roveyayinevi.com.tr\/index.php\/wp-json\/wp\/v2\/product_tag?post=762429"}],"curies":[{"name":"wp","href":"https:\/\/api.w.org\/{rel}","templated":true}]}}