{"id":762428,"date":"2025-08-28T10:08:30","date_gmt":"2025-08-28T07:08:30","guid":{"rendered":"https:\/\/roveyayinevi.com.tr\/index.php\/urun\/ortacagda-dogu-ve-bati-dunyasinin-onemli-kadinlari\/"},"modified":"2026-01-30T03:55:36","modified_gmt":"2026-01-30T00:55:36","slug":"ortacagda-dogu-ve-bati-dunyasinin-onemli-kadinlari","status":"publish","type":"product","link":"https:\/\/roveyayinevi.com.tr\/index.php\/urun\/ortacagda-dogu-ve-bati-dunyasinin-onemli-kadinlari\/","title":{"rendered":"Orta\u00e7a\u011fda Do\u011fu ve Bat\u0131 D\u00fcnyas\u0131n\u0131n \u00d6nemli Kad\u0131nlar\u0131"},"content":{"rendered":"<p>Orta\u00e7a\u011f, tarih boyunca hem Do\u011fu hem de Bat\u0131 d\u00fcnyas\u0131nda bir\u00e7ok \u00f6nemli kad\u0131n\u0131n ya\u015fam\u0131na ve miras\u0131na ev sahipli\u011fi yapm\u0131\u015ft\u0131r. Bu d\u00f6nemin karma\u015f\u0131k ve zengin toplumsal yap\u0131s\u0131 i\u00e7inde, kad\u0131nlar bilim, sanat, politika ve toplumsal hayatta \u00f6nemli roller \u00fcstlenmi\u015flerdir.             Bu \u00e7al\u0131\u015fma, Orta\u00e7a\u011f&#8217;da kad\u0131n olman\u0131n ne anlama geldi\u011fini ve bu d\u00f6nemin kad\u0131nlar \u00fczerindeki kal\u0131c\u0131 etkilerini daha iyi anlamam\u0131za yard\u0131mc\u0131 olmaktad\u0131r. Kad\u0131nlar\u0131n ya\u015fam ko\u015fullar\u0131, toplumsal rolleri, kar\u015f\u0131la\u015ft\u0131klar\u0131 zorluklar ve elde ettikleri ba\u015far\u0131lar, tarihsel belgeler, edebi eserler ve \u00e7e\u015fitli kaynaklar \u0131\u015f\u0131\u011f\u0131nda de\u011ferlendirilmi\u015ftir.             &#8220;Orta\u00e7a\u011f Do\u011fu ve Bat\u0131 D\u00fcnyas\u0131n\u0131n \u00d6nemli Kad\u0131nlar\u0131&#8221;, sadece tarihe dair bir bilgi birikimi sunmakla kalmayacak, ayn\u0131 zamanda g\u00fcn\u00fcm\u00fcz kad\u0131n haklar\u0131 ve toplumsal cinsiyet e\u015fitli\u011fi konular\u0131nda da de\u011ferli \u00e7\u0131kar\u0131mlar yapmam\u0131za olanak sa\u011flayacakt\u0131r. Bu \u00e7al\u0131\u015fma, kad\u0131n tarihine ve genel olarak insanl\u0131k tarihine katk\u0131da bulunmay\u0131 ama\u00e7lamaktad\u0131r. Kad\u0131nlar\u0131n tarihin her d\u00f6neminde oldu\u011fu gibi Orta\u00e7a\u011f&#8217;da da ne kadar g\u00fc\u00e7l\u00fc, diren\u00e7li ve etkili olabileceklerini bir kez daha g\u00f6zler \u00f6n\u00fcne sermektedir. <\/p>\n","protected":false},"excerpt":{"rendered":"<p>Orta\u00e7a\u011f, tarih boyunca hem Do\u011fu hem de Bat\u0131 d\u00fcnyas\u0131nda bir\u00e7ok \u00f6nemli kad\u0131n\u0131n ya\u015fam\u0131na ve miras\u0131na ev sahipli\u011fi yapm\u0131\u015ft\u0131r. Bu d\u00f6nemin karma\u015f\u0131k ve zengin toplumsal yap\u0131s\u0131 i\u00e7inde,<span class=\"excerpt-hellip\"> [\u2026]<\/span><\/p>\n","protected":false},"featured_media":0,"template":"","meta":{"_monsterinsights_skip_tracking":false,"_monsterinsights_sitenote_active":false,"_monsterinsights_sitenote_note":"","_monsterinsights_sitenote_category":0},"product_brand":[],"product_cat":[13946,12304],"product_tag":[],"class_list":{"0":"post-762428","1":"product","2":"type-product","3":"status-publish","5":"product_cat-biyografi-otobiyografi","6":"product_cat-tarih","7":"pa_cilt-ciltsiz","8":"pa_tur-kitap","9":"pa_yayinevi-vova-yayinlari","10":"pa_yazar-sedat-sayin","12":"first","13":"instock","14":"sale","15":"shipping-taxable","16":"purchasable","17":"product-type-simple"},"_links":{"self":[{"href":"https:\/\/roveyayinevi.com.tr\/index.php\/wp-json\/wp\/v2\/product\/762428","targetHints":{"allow":["GET"]}}],"collection":[{"href":"https:\/\/roveyayinevi.com.tr\/index.php\/wp-json\/wp\/v2\/product"}],"about":[{"href":"https:\/\/roveyayinevi.com.tr\/index.php\/wp-json\/wp\/v2\/types\/product"}],"wp:attachment":[{"href":"https:\/\/roveyayinevi.com.tr\/index.php\/wp-json\/wp\/v2\/media?parent=762428"}],"wp:term":[{"taxonomy":"product_brand","embeddable":true,"href":"https:\/\/roveyayinevi.com.tr\/index.php\/wp-json\/wp\/v2\/product_brand?post=762428"},{"taxonomy":"product_cat","embeddable":true,"href":"https:\/\/roveyayinevi.com.tr\/index.php\/wp-json\/wp\/v2\/product_cat?post=762428"},{"taxonomy":"product_tag","embeddable":true,"href":"https:\/\/roveyayinevi.com.tr\/index.php\/wp-json\/wp\/v2\/product_tag?post=762428"}],"curies":[{"name":"wp","href":"https:\/\/api.w.org\/{rel}","templated":true}]}}