{"id":762427,"date":"2025-08-28T10:08:28","date_gmt":"2025-08-28T07:08:28","guid":{"rendered":"https:\/\/roveyayinevi.com.tr\/index.php\/urun\/kutup-yildizi\/"},"modified":"2026-01-30T03:55:36","modified_gmt":"2026-01-30T00:55:36","slug":"kutup-yildizi","status":"publish","type":"product","link":"https:\/\/roveyayinevi.com.tr\/index.php\/urun\/kutup-yildizi\/","title":{"rendered":"Kutup Y\u0131ld\u0131z\u0131"},"content":{"rendered":"<p>Ben senin ile t\u00fcm evreni ke\u015ffe \u00e7\u0131kar, g\u00fcne\u015fi tutar, y\u00fcre\u011fimi Ay\u2019a teslim ederim&#8230; S\u0131cak bir Eyl\u00fcl g\u00fcn\u00fc&#8230; Ve y\u0131ld\u0131zlar&#8230; Karanl\u0131\u011f\u0131n koynuna, mum \u0131\u015f\u0131klar\u0131n\u0131 yerle\u015ftirir iken, gece, g\u00fcnd\u00fcze inat g\u00f6lgesi ile k\u0131z\u0131ll\u0131\u011fa soyunur. Senin ile sensiz&#8230; Yaprak h\u0131\u015f\u0131rt\u0131s\u0131n\u0131n na\u011fmesi, g\u00f6ky\u00fcz\u00fcn\u00fc s\u00fcsler iken, ben, a\u015fk badesini i\u00e7erim&#8230; Bilirim ki! &#8230; Cennet bah\u00e7emde ki \u00e7i\u00e7ekler reng\u00e2renk. \u00c7i\u00e7ekler \u00fczerindeki kelebekler c\u0131v\u0131l c\u0131v\u0131l&#8230; Gittik\u00e7e uzakla\u015fan ve yata\u011f\u0131n\u0131, sere serpe saran Ferdaya inat ben sen de apans\u0131z kendimi bulurum. Karanl\u0131\u011fa \u0131\u015f\u0131k sa\u00e7ar\u0131m. P\u0131rlantalar ile kar\u0131\u015f\u0131k, alt\u0131n ile g\u00fcm\u00fc\u015f tac\u0131n\u0131 serperim. Yedi Kandilli S\u00fcreyya Y\u0131ld\u0131z\u0131\u2019na&#8230; Vakit bug\u00fcn i\u00e7in kap\u0131y\u0131 \u00e7ald\u0131\u011f\u0131nda&#8230; &#8211; \u201cS\u0131n\u0131r tan\u0131mam! &#8230; U\u00e7suz bucaks\u0131z sonsuzluk&#8230; S\u0131n\u0131r tan\u0131mam! &#8230;\u201d<\/p>\n","protected":false},"excerpt":{"rendered":"<p>Ben senin ile t\u00fcm evreni ke\u015ffe \u00e7\u0131kar, g\u00fcne\u015fi tutar, y\u00fcre\u011fimi Ay\u2019a teslim ederim&#8230; S\u0131cak bir Eyl\u00fcl g\u00fcn\u00fc&#8230; Ve y\u0131ld\u0131zlar&#8230; Karanl\u0131\u011f\u0131n koynuna, mum \u0131\u015f\u0131klar\u0131n\u0131 yerle\u015ftirir iken, gece,<span class=\"excerpt-hellip\"> [\u2026]<\/span><\/p>\n","protected":false},"featured_media":0,"template":"","meta":{"_monsterinsights_skip_tracking":false,"_monsterinsights_sitenote_active":false,"_monsterinsights_sitenote_note":"","_monsterinsights_sitenote_category":0},"product_brand":[],"product_cat":[12291,12509],"product_tag":[],"class_list":{"0":"post-762427","1":"product","2":"type-product","3":"status-publish","5":"product_cat-edebiyat","6":"product_cat-siir","7":"pa_cilt-ciltsiz","8":"pa_tur-kitap","9":"pa_yayinevi-vova-yayinlari","10":"pa_yazar-sureyya-aktas","12":"first","13":"instock","14":"sale","15":"shipping-taxable","16":"purchasable","17":"product-type-simple"},"_links":{"self":[{"href":"https:\/\/roveyayinevi.com.tr\/index.php\/wp-json\/wp\/v2\/product\/762427","targetHints":{"allow":["GET"]}}],"collection":[{"href":"https:\/\/roveyayinevi.com.tr\/index.php\/wp-json\/wp\/v2\/product"}],"about":[{"href":"https:\/\/roveyayinevi.com.tr\/index.php\/wp-json\/wp\/v2\/types\/product"}],"wp:attachment":[{"href":"https:\/\/roveyayinevi.com.tr\/index.php\/wp-json\/wp\/v2\/media?parent=762427"}],"wp:term":[{"taxonomy":"product_brand","embeddable":true,"href":"https:\/\/roveyayinevi.com.tr\/index.php\/wp-json\/wp\/v2\/product_brand?post=762427"},{"taxonomy":"product_cat","embeddable":true,"href":"https:\/\/roveyayinevi.com.tr\/index.php\/wp-json\/wp\/v2\/product_cat?post=762427"},{"taxonomy":"product_tag","embeddable":true,"href":"https:\/\/roveyayinevi.com.tr\/index.php\/wp-json\/wp\/v2\/product_tag?post=762427"}],"curies":[{"name":"wp","href":"https:\/\/api.w.org\/{rel}","templated":true}]}}