{"id":762426,"date":"2025-08-28T10:08:27","date_gmt":"2025-08-28T07:08:27","guid":{"rendered":"https:\/\/roveyayinevi.com.tr\/index.php\/urun\/osmanlida-yeni-bilimin-kamusallasmasi\/"},"modified":"2026-04-15T03:27:37","modified_gmt":"2026-04-15T00:27:37","slug":"osmanlida-yeni-bilimin-kamusallasmasi","status":"publish","type":"product","link":"https:\/\/roveyayinevi.com.tr\/index.php\/urun\/osmanlida-yeni-bilimin-kamusallasmasi\/","title":{"rendered":"Osmanl\u0131da Yeni Bilimin Kamusalla\u015fmas\u0131"},"content":{"rendered":"<p>Osmanl\u0131da Yeni Bilimin Kamusalla\u015fmas\u0131, Bilim Tarihi ve Bilim \u0130leti\u015fimi alanlar\u0131n\u0131n kesi\u015fim noktas\u0131nda, Osmanl\u0131n\u0131n yeni bilimsel geli\u015fimine ve toplum \u00fczerindeki etkisine odaklanmaktad\u0131r. Yeni bilimin Osmanl\u0131 topraklar\u0131na giri\u015fiyle ba\u015flayan bu de\u011fi\u015fim r\u00fczg\u00e2r\u0131, eski bilim anlay\u0131\u015f\u0131n\u0131 yerinden oynat\u0131rken zihinlerde devrim niteli\u011finde bir d\u00f6n\u00fc\u015f\u00fcm meydana getirmi\u015ftir. Yazar, Avrupa\u2019da ortaya \u00e7\u0131kan \u201cyeni bilim\u201din Osmanl\u0131daki al\u0131mlan\u0131\u015f\u0131 ve tatbiki izle\u011fiyle on dokuzuncu ve yirminci y\u00fczy\u0131llar\u0131n sosyal, k\u00fclt\u00fcrel ve siyasi dinamiklerini de objektif bir yakla\u015f\u0131mla g\u00f6zler \u00f6n\u00fcne sermektedir.Kitap, alanda yaz\u0131lm\u0131\u015f eserleri kapsaml\u0131 bir \u015fekilde inceleyerek Osmanl\u0131ya yeni bilimin giri\u015fini ve dola\u015f\u0131m\u0131n\u0131, toplumda yaratt\u0131\u011f\u0131 zihniyet d\u00f6n\u00fc\u015f\u00fcm\u00fcn\u00fcn izlerini takip ediyor. Avrupa&#8217;daki yeni bilimle Osmanl\u0131daki kar\u015f\u0131l\u0131klar\u0131n\u0131 kar\u015f\u0131la\u015ft\u0131rarak Osmanl\u0131 d\u00fc\u015f\u00fcnce d\u00fcnyas\u0131ndaki yeni bilimin zihinsel d\u00f6n\u00fc\u015f\u00fcm\u00fcn\u00fc bilime ve topluma nas\u0131l yans\u0131tt\u0131\u011f\u0131na dair ipu\u00e7lar\u0131na ula\u015f\u0131yoruz.Prof. Dr. P\u0131nar \u00dclgenYazar, daha \u00f6nceki \u00e7al\u0131\u015fmas\u0131nda ayn\u0131 konuyu Avrupa\u2019n\u0131n yeni bilimle ayn\u0131 do\u011fay\u0131 nas\u0131l farkl\u0131 bir paradigma \u00fczerinden g\u00f6rd\u00fc\u011f\u00fcn\u00fc ve yeni bilimin yay\u0131l\u0131m\u0131nda nas\u0131l ara\u00e7lar kulland\u0131\u011f\u0131n\u0131 inceleyerek bu kitab\u0131yla iki farkl\u0131 medeniyet aras\u0131nda kar\u015f\u0131la\u015ft\u0131rma yapma imk\u00e2n\u0131 sunmaktad\u0131r.Prof. Dr. Mustafa Ka\u00e7arBilim tarihi yaz\u0131c\u0131l\u0131\u011f\u0131nda pozitivizmin idealize etti\u011fi yakla\u015f\u0131m yerine sosyolojik bak\u0131\u015f a\u00e7\u0131s\u0131na uygun olarak yaz\u0131lm\u0131\u015f bir kitap olmas\u0131 bak\u0131m\u0131ndan k\u0131ymetli bir \u00e7al\u0131\u015fma. Osmanl\u0131n\u0131n sosyal, siyasi ve ekonomik arka plan\u0131n\u0131 dikkate alarak yaz\u0131lm\u0131\u015f eser, bu sayede, Osmanl\u0131n\u0131n e\u011fitim ve bilim alan\u0131ndaki yeniliklerini anlamak i\u00e7in \u00f6nemli bir pencere a\u00e7\u0131yor.Prof. Dr. Ali Durusoy<\/p>\n","protected":false},"excerpt":{"rendered":"<p>Osmanl\u0131da Yeni Bilimin Kamusalla\u015fmas\u0131, Bilim Tarihi ve Bilim \u0130leti\u015fimi alanlar\u0131n\u0131n kesi\u015fim noktas\u0131nda, Osmanl\u0131n\u0131n yeni bilimsel geli\u015fimine ve toplum \u00fczerindeki etkisine odaklanmaktad\u0131r. Yeni bilimin Osmanl\u0131 topraklar\u0131na giri\u015fiyle<span class=\"excerpt-hellip\"> [\u2026]<\/span><\/p>\n","protected":false},"featured_media":0,"template":"","meta":{"_monsterinsights_skip_tracking":false,"_monsterinsights_sitenote_active":false,"_monsterinsights_sitenote_note":"","_monsterinsights_sitenote_category":0},"product_brand":[],"product_cat":[16038,12388],"product_tag":[],"class_list":{"0":"post-762426","1":"product","2":"type-product","3":"status-publish","5":"product_cat-arastirma-inceleme-referans-felsefe","6":"product_cat-felsefe","7":"pa_cilt-ciltsiz","8":"pa_tur-kitap","9":"pa_yayinevi-otuken-nesriyat","10":"pa_yazar-nihal-ozdemir","12":"first","13":"instock","14":"sale","15":"shipping-taxable","16":"purchasable","17":"product-type-simple"},"_links":{"self":[{"href":"https:\/\/roveyayinevi.com.tr\/index.php\/wp-json\/wp\/v2\/product\/762426","targetHints":{"allow":["GET"]}}],"collection":[{"href":"https:\/\/roveyayinevi.com.tr\/index.php\/wp-json\/wp\/v2\/product"}],"about":[{"href":"https:\/\/roveyayinevi.com.tr\/index.php\/wp-json\/wp\/v2\/types\/product"}],"wp:attachment":[{"href":"https:\/\/roveyayinevi.com.tr\/index.php\/wp-json\/wp\/v2\/media?parent=762426"}],"wp:term":[{"taxonomy":"product_brand","embeddable":true,"href":"https:\/\/roveyayinevi.com.tr\/index.php\/wp-json\/wp\/v2\/product_brand?post=762426"},{"taxonomy":"product_cat","embeddable":true,"href":"https:\/\/roveyayinevi.com.tr\/index.php\/wp-json\/wp\/v2\/product_cat?post=762426"},{"taxonomy":"product_tag","embeddable":true,"href":"https:\/\/roveyayinevi.com.tr\/index.php\/wp-json\/wp\/v2\/product_tag?post=762426"}],"curies":[{"name":"wp","href":"https:\/\/api.w.org\/{rel}","templated":true}]}}