{"id":762424,"date":"2025-08-28T10:08:23","date_gmt":"2025-08-28T07:08:23","guid":{"rendered":"https:\/\/roveyayinevi.com.tr\/index.php\/urun\/kotu-adamlar\/"},"modified":"2026-04-15T03:27:37","modified_gmt":"2026-04-15T00:27:37","slug":"kotu-adamlar","status":"publish","type":"product","link":"https:\/\/roveyayinevi.com.tr\/index.php\/urun\/kotu-adamlar\/","title":{"rendered":"K\u00f6t\u00fc Adamlar"},"content":{"rendered":"<p>K\u00d6T\u00dc ADAMLAR S\u00d6Z KONUSU OLDU\u011eUNDA, SADECE TEK SE\u00c7ENEK VARDIR&#8230; Saffy\u2019nin bir s\u0131rr\u0131 var. Derinden utand\u0131\u011f\u0131 bir s\u0131r. Hay\u0131r, utand\u0131\u011f\u0131 \u015fey bo\u015f zamanlar\u0131nda bir seri katil olmas\u0131 de\u011fil. Asl\u0131nda bununla gurur duyuyor. Ne de olsa sadece k\u00f6t\u00fc adamlar\u0131 \u00f6ld\u00fcr\u00fcyor. D\u00fcnyay\u0131 daha iyi bir yer haline getiriyor. Hay\u0131r, onun s\u0131rr\u0131 bundan \u00e7ok daha k\u00f6t\u00fc! Saffy\u2019nin da\u011f\u0131n\u0131k, a\u00e7\u0131klamas\u0131 g\u00fc\u00e7, kontrol edilemez bir a\u015fk\u0131 var. Bu y\u00fczden bir sonraki cinayetini planlamakla me\u015fgulken, nas\u0131l erkek arkada\u015f bulaca\u011f\u0131n\u0131 \u00e7\u00f6zmek gibi \u00e7ok daha zor bir g\u00f6revi de var. Ama Saffy\u2019nin bildi\u011fi bir \u015fey varsa, o da erke\u011fini nas\u0131l elde edece\u011fi&#8230;   Y\u0131l\u0131n en kar\u015f\u0131 konulmaz seri katiliyle tan\u0131\u015f\u0131n. \u00d6d\u00fcll\u00fc yazar Julie Mae Cohen\u2019in \u015fa\u015f\u0131rt\u0131c\u0131 feminist gerilim roman\u0131 hem \u00f6l\u00fcmc\u00fcl hem de \u00e7ok e\u011flenceli. *** \u201cBekledi\u011finizi bilmedi\u011finiz feminist seri katil. Heyecan verici.\u201d \u2013 Claire Mackintosh \u201cH\u0131zl\u0131, \u00f6fkeli ve \u00e7ok ama \u00e7ok komik.\u201d \u2013 Tammy Cohen \u201cBu canl\u0131 ve e\u011flenceli hik\u00e2yede Kuzular\u0131n Sessizli\u011fi ile Sex and the City bir araya geliyor.\u201d \u2013 Adam Lebor \u201cSayfalar\u0131 \u015feytani \u015fekilde \u00e7evirmeme yol a\u00e7t\u0131.\u201d \u2013 C.J. Skuse \u201cBir gerilim roman\u0131ndan en son ne zaman bu kadar keyif ald\u0131\u011f\u0131m\u0131 hi\u00e7 hat\u0131rlayam\u0131yorum.\u201d \u2013 Erin Kelly <\/p>\n","protected":false},"excerpt":{"rendered":"<p>K\u00d6T\u00dc ADAMLAR S\u00d6Z KONUSU OLDU\u011eUNDA, SADECE TEK SE\u00c7ENEK VARDIR&#8230; Saffy\u2019nin bir s\u0131rr\u0131 var. Derinden utand\u0131\u011f\u0131 bir s\u0131r. Hay\u0131r, utand\u0131\u011f\u0131 \u015fey bo\u015f zamanlar\u0131nda bir seri katil olmas\u0131<span class=\"excerpt-hellip\"> [\u2026]<\/span><\/p>\n","protected":false},"featured_media":0,"template":"","meta":{"_monsterinsights_skip_tracking":false,"_monsterinsights_sitenote_active":false,"_monsterinsights_sitenote_note":"","_monsterinsights_sitenote_category":0},"product_brand":[],"product_cat":[12291,12711],"product_tag":[],"class_list":{"0":"post-762424","1":"product","2":"type-product","3":"status-publish","5":"product_cat-edebiyat","6":"product_cat-roman-oyku","7":"pa_cilt-ciltsiz","8":"pa_tur-kitap","9":"pa_yayinevi-eksik-parca-yayinlari","10":"pa_yazar-julie-mae-cohen","12":"first","13":"instock","14":"sale","15":"shipping-taxable","16":"purchasable","17":"product-type-simple"},"_links":{"self":[{"href":"https:\/\/roveyayinevi.com.tr\/index.php\/wp-json\/wp\/v2\/product\/762424","targetHints":{"allow":["GET"]}}],"collection":[{"href":"https:\/\/roveyayinevi.com.tr\/index.php\/wp-json\/wp\/v2\/product"}],"about":[{"href":"https:\/\/roveyayinevi.com.tr\/index.php\/wp-json\/wp\/v2\/types\/product"}],"wp:attachment":[{"href":"https:\/\/roveyayinevi.com.tr\/index.php\/wp-json\/wp\/v2\/media?parent=762424"}],"wp:term":[{"taxonomy":"product_brand","embeddable":true,"href":"https:\/\/roveyayinevi.com.tr\/index.php\/wp-json\/wp\/v2\/product_brand?post=762424"},{"taxonomy":"product_cat","embeddable":true,"href":"https:\/\/roveyayinevi.com.tr\/index.php\/wp-json\/wp\/v2\/product_cat?post=762424"},{"taxonomy":"product_tag","embeddable":true,"href":"https:\/\/roveyayinevi.com.tr\/index.php\/wp-json\/wp\/v2\/product_tag?post=762424"}],"curies":[{"name":"wp","href":"https:\/\/api.w.org\/{rel}","templated":true}]}}