{"id":762423,"date":"2025-08-28T10:08:22","date_gmt":"2025-08-28T07:08:22","guid":{"rendered":"https:\/\/roveyayinevi.com.tr\/index.php\/urun\/cinsiyet\/"},"modified":"2026-01-30T03:55:36","modified_gmt":"2026-01-30T00:55:36","slug":"cinsiyet","status":"publish","type":"product","link":"https:\/\/roveyayinevi.com.tr\/index.php\/urun\/cinsiyet\/","title":{"rendered":"Cinsiyet"},"content":{"rendered":"<p>\u00d6znur Ayd\u0131n, \u00e7a\u011f\u0131m\u0131z\u0131n en \u00e7ok tart\u0131\u015f\u0131lan konular\u0131ndan biri olan cinsiyeti, kapsaml\u0131 ve empatik bir bak\u0131\u015f a\u00e7\u0131s\u0131yla ele al\u0131yor. Kitap, okuyucuyu sohbet tad\u0131nda sorularla kar\u015f\u0131layarak, cinsiyet meselesini dini, toplumsal, biyolojik ve felsefi perspektiflerden derinlemesine inceliyor.             Ayd\u0131n&#8217;\u0131n bu eseri, yaln\u0131zca detayl\u0131 bir inceleme de\u011fil, ayn\u0131 zamanda okuyucunun kendi d\u00fc\u015f\u00fcncelerini sorgulamas\u0131n\u0131 sa\u011flayan bir rehber niteli\u011finde. Yazar\u0131n empati yetene\u011fi ve kapsaml\u0131 sorular\u0131, okuyuculara yeni ufuklar a\u00e7arken, cinsiyet konusuna dair farkl\u0131 bak\u0131\u015f a\u00e7\u0131lar\u0131 geli\u015ftirmelerine yard\u0131mc\u0131 oluyor.             Toplumun her kesiminden insan\u0131n ilgiyle okuyaca\u011f\u0131 bu kitap, cinsiyet konusunu daha iyi anlamak ve \u00fczerine d\u00fc\u015f\u00fcnmek isteyen herkes i\u00e7in vazge\u00e7ilmez bir kaynak. \u0130yi okumalar dileriz.<\/p>\n","protected":false},"excerpt":{"rendered":"<p>\u00d6znur Ayd\u0131n, \u00e7a\u011f\u0131m\u0131z\u0131n en \u00e7ok tart\u0131\u015f\u0131lan konular\u0131ndan biri olan cinsiyeti, kapsaml\u0131 ve empatik bir bak\u0131\u015f a\u00e7\u0131s\u0131yla ele al\u0131yor. Kitap, okuyucuyu sohbet tad\u0131nda sorularla kar\u015f\u0131layarak, cinsiyet meselesini<span class=\"excerpt-hellip\"> [\u2026]<\/span><\/p>\n","protected":false},"featured_media":0,"template":"","meta":{"_monsterinsights_skip_tracking":false,"_monsterinsights_sitenote_active":false,"_monsterinsights_sitenote_note":"","_monsterinsights_sitenote_category":0},"product_brand":[],"product_cat":[13488],"product_tag":[],"class_list":{"0":"post-762423","1":"product","2":"type-product","3":"status-publish","5":"product_cat-toplum-ve-insan","6":"pa_cilt-ciltsiz","7":"pa_tur-kitap","8":"pa_yayinevi-vova-yayinlari","9":"pa_yazar-oznur-aydin","11":"first","12":"instock","13":"sale","14":"shipping-taxable","15":"purchasable","16":"product-type-simple"},"_links":{"self":[{"href":"https:\/\/roveyayinevi.com.tr\/index.php\/wp-json\/wp\/v2\/product\/762423","targetHints":{"allow":["GET"]}}],"collection":[{"href":"https:\/\/roveyayinevi.com.tr\/index.php\/wp-json\/wp\/v2\/product"}],"about":[{"href":"https:\/\/roveyayinevi.com.tr\/index.php\/wp-json\/wp\/v2\/types\/product"}],"wp:attachment":[{"href":"https:\/\/roveyayinevi.com.tr\/index.php\/wp-json\/wp\/v2\/media?parent=762423"}],"wp:term":[{"taxonomy":"product_brand","embeddable":true,"href":"https:\/\/roveyayinevi.com.tr\/index.php\/wp-json\/wp\/v2\/product_brand?post=762423"},{"taxonomy":"product_cat","embeddable":true,"href":"https:\/\/roveyayinevi.com.tr\/index.php\/wp-json\/wp\/v2\/product_cat?post=762423"},{"taxonomy":"product_tag","embeddable":true,"href":"https:\/\/roveyayinevi.com.tr\/index.php\/wp-json\/wp\/v2\/product_tag?post=762423"}],"curies":[{"name":"wp","href":"https:\/\/api.w.org\/{rel}","templated":true}]}}