{"id":762422,"date":"2025-08-28T10:08:20","date_gmt":"2025-08-28T07:08:20","guid":{"rendered":"https:\/\/roveyayinevi.com.tr\/index.php\/urun\/koyumden-gonlumden\/"},"modified":"2026-04-15T03:27:36","modified_gmt":"2026-04-15T00:27:36","slug":"koyumden-gonlumden","status":"publish","type":"product","link":"https:\/\/roveyayinevi.com.tr\/index.php\/urun\/koyumden-gonlumden\/","title":{"rendered":"K\u00f6y\u00fcmden G\u00f6nl\u00fcmden"},"content":{"rendered":"<p>\u201cNevzat K\u00f6so\u011flu a\u011fabey \u201cK\u00f6ye plastik pencere geldi\u011finde bir \u015feyler eksilmeye ba\u015flad\u0131,\u201d demi\u015fti. K\u00f6y\u00fcm\u00fcze kanunsuz, ka\u00e7ak in\u015faat yapan, a\u011fa\u00e7lar\u0131 kesen belediyeyi yazd\u0131\u011f\u0131mda gen\u00e7lerin bir k\u0131sm\u0131 \u201cK\u00f6ye bir \u015feyler yap\u0131ls\u0131n da kim yaparsa yaps\u0131n, kayna\u011f\u0131 ne olursa olsun,\u201d gibi laflar ettiler.Yazmaya \u00e7al\u0131\u015ft\u0131\u011f\u0131m \u201cK\u00f6y\u00fcmden&#8230; G\u00f6nl\u00fcmden\u2026\u201d bunlar de\u011fildi. K\u00f6ydeki g\u00fczelliklerdi, insanlar\u0131n samimiyeti idi. Helali, haram\u0131, do\u011fruyu, yanl\u0131\u015f\u0131 ay\u0131rmaktaki ferasetleriydi. Ahmet\u2019in da\u011fda bay\u0131rda bulunan sahipsiz a\u011fa\u00e7lar\u0131 \u201cKurt, ku\u015f yir,\u201d diye a\u015f\u0131lamas\u0131yd\u0131. Geliri olmayan bir teyzenin \u201cYa\u015f\u0131n altm\u0131\u015f be\u015f olmu\u015f, o y\u00fczden sana ya\u015fl\u0131l\u0131k ayl\u0131\u011f\u0131 ba\u011flamaya geldik,\u201d diyen yetkililere \u201cOlmaz, almam, \u0131rahmetlik buvam beni n\u00f6fusa bi ya\u015f b\u00f6y\u00fck yazd\u0131rm\u0131\u015f, al\u0131rsam haram olur,\u201d diyen g\u00fczelli\u011fiydi.\u201dMehmet Ali KalkanMehmet Ali Kalkan, K\u00f6y\u00fcmden\u2026 G\u00f6nl\u00fcmden\u2026 kitab\u0131yla her zamanki mutedil uslubuyla milletimizin g\u00fczel hasletlerinin alt\u0131n\u0131 \u00e7izerken neleri kaybetti\u011fimizi de net bir \u015fekilde \u00f6n\u00fcm\u00fcze koyuyor. \u015eimdi okuma ve d\u00fc\u015f\u00fcnme zaman\u0131.<\/p>\n","protected":false},"excerpt":{"rendered":"<p>\u201cNevzat K\u00f6so\u011flu a\u011fabey \u201cK\u00f6ye plastik pencere geldi\u011finde bir \u015feyler eksilmeye ba\u015flad\u0131,\u201d demi\u015fti. K\u00f6y\u00fcm\u00fcze kanunsuz, ka\u00e7ak in\u015faat yapan, a\u011fa\u00e7lar\u0131 kesen belediyeyi yazd\u0131\u011f\u0131mda gen\u00e7lerin bir k\u0131sm\u0131 \u201cK\u00f6ye bir<span class=\"excerpt-hellip\"> [\u2026]<\/span><\/p>\n","protected":false},"featured_media":0,"template":"","meta":{"_monsterinsights_skip_tracking":false,"_monsterinsights_sitenote_active":false,"_monsterinsights_sitenote_note":"","_monsterinsights_sitenote_category":0},"product_brand":[],"product_cat":[12777,12291],"product_tag":[],"class_list":{"0":"post-762422","1":"product","2":"type-product","3":"status-publish","5":"product_cat-deneme","6":"product_cat-edebiyat","7":"pa_cilt-ciltsiz","8":"pa_tur-kitap","9":"pa_yayinevi-otuken-nesriyat","10":"pa_yazar-mehmet-ali-kalkan","12":"first","13":"instock","14":"sale","15":"shipping-taxable","16":"purchasable","17":"product-type-simple"},"_links":{"self":[{"href":"https:\/\/roveyayinevi.com.tr\/index.php\/wp-json\/wp\/v2\/product\/762422","targetHints":{"allow":["GET"]}}],"collection":[{"href":"https:\/\/roveyayinevi.com.tr\/index.php\/wp-json\/wp\/v2\/product"}],"about":[{"href":"https:\/\/roveyayinevi.com.tr\/index.php\/wp-json\/wp\/v2\/types\/product"}],"wp:attachment":[{"href":"https:\/\/roveyayinevi.com.tr\/index.php\/wp-json\/wp\/v2\/media?parent=762422"}],"wp:term":[{"taxonomy":"product_brand","embeddable":true,"href":"https:\/\/roveyayinevi.com.tr\/index.php\/wp-json\/wp\/v2\/product_brand?post=762422"},{"taxonomy":"product_cat","embeddable":true,"href":"https:\/\/roveyayinevi.com.tr\/index.php\/wp-json\/wp\/v2\/product_cat?post=762422"},{"taxonomy":"product_tag","embeddable":true,"href":"https:\/\/roveyayinevi.com.tr\/index.php\/wp-json\/wp\/v2\/product_tag?post=762422"}],"curies":[{"name":"wp","href":"https:\/\/api.w.org\/{rel}","templated":true}]}}