{"id":762418,"date":"2025-08-28T10:08:13","date_gmt":"2025-08-28T07:08:13","guid":{"rendered":"https:\/\/roveyayinevi.com.tr\/index.php\/urun\/bozkirin-kurdu-mete-han\/"},"modified":"2026-04-07T03:21:48","modified_gmt":"2026-04-07T00:21:48","slug":"bozkirin-kurdu-mete-han","status":"publish","type":"product","link":"https:\/\/roveyayinevi.com.tr\/index.php\/urun\/bozkirin-kurdu-mete-han\/","title":{"rendered":"Bozk\u0131r\u0131n Kurdu Mete Han"},"content":{"rendered":"<p>\u201cYerin g\u00f6k ile birle\u015fti\u011fi; \u00f6l\u00fcm ile ya\u015fam\u0131n ba\u015flang\u0131c\u0131 olan sonsuzluk diyar\u0131 Tanr\u0131 Da\u011flar\u0131\u2019ndan yay\u0131lan sis, t\u00fcm \u00d6t\u00fcken\u2019i kaplam\u0131\u015ft\u0131. Puslu hava, T\u00fcrk ota\u011f\u0131nda sadece etraf\u0131 g\u00f6r\u00fcnmez k\u0131lmam\u0131\u015f, \u00e2deta T\u00fcrklerin uslar\u0131n\u0131 da ger\u00e7e\u011fe kapam\u0131\u015ft\u0131. Bozkurt ruhuna sahip; demir bilekli, aslan y\u00fcrekli, kanlar\u0131 deli akan birka\u00e7 asker hari\u00e7. Son nefeslerine kadar Mete\u2019ye ba\u011fl\u0131 kalacaklar\u0131na ant i\u00e7mi\u015flerdi. T\u00fcrklerin merkezi \u00d6t\u00fcken\u2019de, bu kutlu yerde \u2018T\u00fcrk t\u00f6resi ya\u015fas\u0131n, devlet \u00c7inli anadan do\u011fma Tigin\u2019in eline d\u00fc\u015fmesin\u2019 diye anla\u015ft\u0131lar. Hunlar\u0131n gelece\u011fi i\u00e7in Mete\u2019nin yan\u0131nda olacaklar\u0131na dair G\u00f6k Tengri\u2019ye yemin verdiler.\u201d Mete Han, tarih boyunca bilinen ve dillerden d\u00fc\u015fmeyen g\u00fc\u00e7l\u00fc bir sava\u015f\u00e7\u0131 olmu\u015ftur. Asya Hun Devleti\u2019nin b\u00fcy\u00fcy\u00fcp imparatorlu\u011fa d\u00f6n\u00fc\u015fmesini sa\u011flayan Mete Han, ayn\u0131 zamanda bizlere T\u00fcrklerin m\u00fccadeleci, boyun e\u011fmeyen, g\u00fc\u00e7l\u00fc sava\u015f\u00e7\u0131lar oldu\u011funu g\u00f6steriyor. Bozk\u0131r\u0131n Kurdu Mete Han, ger\u00e7ek bir m\u00fccadeleye giri\u015fin heyecanl\u0131 ser\u00fcvenini g\u00f6zler \u00f6n\u00fcne seriyor. Bu kitap Mete Han\u2019\u0131n g\u00fcndelik hayat\u0131n\u0131, Y\u00fce\u00e7ileri, Tung-hu\u2019larla m\u00fccadelesini ve Baideng Muharebesi\u2019ni \u00f6zg\u00fcn bir kurguyla gen\u00e7lere sunuyor. Anlat\u0131lan hik\u00e2yeler ve olay \u00f6rg\u00fcs\u00fcyle yazar, okuru ge\u00e7mi\u015fe k\u0131sa bir gezintiye \u00e7\u0131kar\u0131yor.<\/p>\n","protected":false},"excerpt":{"rendered":"<p>\u201cYerin g\u00f6k ile birle\u015fti\u011fi; \u00f6l\u00fcm ile ya\u015fam\u0131n ba\u015flang\u0131c\u0131 olan sonsuzluk diyar\u0131 Tanr\u0131 Da\u011flar\u0131\u2019ndan yay\u0131lan sis, t\u00fcm \u00d6t\u00fcken\u2019i kaplam\u0131\u015ft\u0131. Puslu hava, T\u00fcrk ota\u011f\u0131nda sadece etraf\u0131 g\u00f6r\u00fcnmez k\u0131lmam\u0131\u015f,<span class=\"excerpt-hellip\"> [\u2026]<\/span><\/p>\n","protected":false},"featured_media":0,"template":"","meta":{"_monsterinsights_skip_tracking":false,"_monsterinsights_sitenote_active":false,"_monsterinsights_sitenote_note":"","_monsterinsights_sitenote_category":0},"product_brand":[],"product_cat":[12274,12284],"product_tag":[],"class_list":{"0":"post-762418","1":"product","2":"type-product","3":"status-publish","5":"product_cat-cocuk-ve-genclik-kitaplari","6":"product_cat-hikayeler","7":"pa_cilt-ciltsiz","8":"pa_tur-kitap","9":"pa_yayinevi-otuken-nesriyat","10":"pa_yazar-fatime-atas","12":"first","13":"instock","14":"sale","15":"shipping-taxable","16":"purchasable","17":"product-type-simple"},"_links":{"self":[{"href":"https:\/\/roveyayinevi.com.tr\/index.php\/wp-json\/wp\/v2\/product\/762418","targetHints":{"allow":["GET"]}}],"collection":[{"href":"https:\/\/roveyayinevi.com.tr\/index.php\/wp-json\/wp\/v2\/product"}],"about":[{"href":"https:\/\/roveyayinevi.com.tr\/index.php\/wp-json\/wp\/v2\/types\/product"}],"wp:attachment":[{"href":"https:\/\/roveyayinevi.com.tr\/index.php\/wp-json\/wp\/v2\/media?parent=762418"}],"wp:term":[{"taxonomy":"product_brand","embeddable":true,"href":"https:\/\/roveyayinevi.com.tr\/index.php\/wp-json\/wp\/v2\/product_brand?post=762418"},{"taxonomy":"product_cat","embeddable":true,"href":"https:\/\/roveyayinevi.com.tr\/index.php\/wp-json\/wp\/v2\/product_cat?post=762418"},{"taxonomy":"product_tag","embeddable":true,"href":"https:\/\/roveyayinevi.com.tr\/index.php\/wp-json\/wp\/v2\/product_tag?post=762418"}],"curies":[{"name":"wp","href":"https:\/\/api.w.org\/{rel}","templated":true}]}}