{"id":762413,"date":"2025-08-28T10:08:01","date_gmt":"2025-08-28T07:08:01","guid":{"rendered":"https:\/\/roveyayinevi.com.tr\/index.php\/urun\/jean-genet-oyunlarinda-bir-arinma-araci-mazosizm\/"},"modified":"2026-04-15T03:27:36","modified_gmt":"2026-04-15T00:27:36","slug":"jean-genet-oyunlarinda-bir-arinma-araci-mazosizm","status":"publish","type":"product","link":"https:\/\/roveyayinevi.com.tr\/index.php\/urun\/jean-genet-oyunlarinda-bir-arinma-araci-mazosizm\/","title":{"rendered":"Jean Genet Oyunlar\u0131nda Bir Ar\u0131nma Arac\u0131 Mazo\u015fizm"},"content":{"rendered":"<p>Yeralt\u0131 edebiyat\u0131n\u0131n en b\u00fcy\u00fck \u00f6nc\u00fclerinden Jean Genet&#8217;in s\u0131ra d\u0131\u015f\u0131 dili, isyank\u00e2r duru\u015fu, hayal ile ger\u00e7ek aras\u0131nda s\u0131k\u0131\u015fm\u0131\u015f olan varolu\u015f sanc\u0131lar\u0131n\u0131n ifadesidir. Bu sanc\u0131lar \u00f6teki olarak anlam bulan karakterlerin tutum ve ya\u015fam bi\u00e7imlerinin \u00f6z\u00fcn\u00fc bozar. Karakterlerinin yarat\u0131ld\u0131\u011f\u0131 oyun d\u00fcnyas\u0131nda yozla\u015fma ve \u00e7\u00fcr\u00fcmeyle birlikte toplumsal ahlak\u0131n da niteli\u011fi bozulmu\u015ftur. Genet&#8217;in yazd\u0131\u011f\u0131 oyunlarda karakterlerin ayk\u0131r\u0131 tipler oldu\u011fu ortadad\u0131r. Yeralt\u0131na inen oyun ki\u015filerinin bir amac\u0131 da yer \u00fcst\u00fc kurallar\u0131n\u0131n varl\u0131\u011f\u0131ndan ka\u00e7\u0131\u015ft\u0131r. Ancak bu d\u00fczlemde y\u00fcz y\u00fcze geldikleri ar\u0131nma, intikam, rahatlama, cezaland\u0131rma gibi olgular onlara y\u00f6neltilen bir silah haline d\u00f6n\u00fc\u015f\u00fcr. Bu kitap, &#8216;Balkon&#8217;, &#8216;Hizmet\u00e7iler&#8217;, &#8216;S\u0131k\u0131 G\u00f6zetim&#8217; oyunlar\u0131nda yarat\u0131lan oyun ki\u015filerinin sadist-mazo\u015fist unsurlar \u0131\u015f\u0131\u011f\u0131nda de\u011ferlendirilmesi ve ar\u0131nma yolculu\u011funun ara\u015ft\u0131rmas\u0131 niteli\u011findedir. Bu kitap T\u00fcrk tiyatrosu ve edebiyat literat\u00fcr\u00fcne katk\u0131 sa\u011flamay\u0131 ama\u00e7lamaktad\u0131r. S\u00f6z konusu oyun metinleri \u00f6znelinde yap\u0131lan alt metin incelemeleri Genet&#8217; in karakter yarat\u0131m\u0131n\u0131n anla\u015f\u0131lmas\u0131na \u0131\u015f\u0131k tutacakt\u0131r.     Poyraz Deniz Gen\u00e7, &#8216;Jean Genet Oyunlar\u0131nda Bir Ar\u0131nma Arac\u0131 Mazo\u015fizm&#8217; eserinde a\u015fina oldu\u011fumuz akademik eserlerden s\u0131yr\u0131larak, kendine has kalemini vurgulay\u0131c\u0131 \u00f6rnekleriyle okuyucular\u0131na sunmaktad\u0131r.<\/p>\n","protected":false},"excerpt":{"rendered":"<p>Yeralt\u0131 edebiyat\u0131n\u0131n en b\u00fcy\u00fck \u00f6nc\u00fclerinden Jean Genet&#8217;in s\u0131ra d\u0131\u015f\u0131 dili, isyank\u00e2r duru\u015fu, hayal ile ger\u00e7ek aras\u0131nda s\u0131k\u0131\u015fm\u0131\u015f olan varolu\u015f sanc\u0131lar\u0131n\u0131n ifadesidir. Bu sanc\u0131lar \u00f6teki olarak anlam<span class=\"excerpt-hellip\"> [\u2026]<\/span><\/p>\n","protected":false},"featured_media":0,"template":"","meta":{"_monsterinsights_skip_tracking":false,"_monsterinsights_sitenote_active":false,"_monsterinsights_sitenote_note":"","_monsterinsights_sitenote_category":0},"product_brand":[],"product_cat":[12291,14272],"product_tag":[],"class_list":{"0":"post-762413","1":"product","2":"type-product","3":"status-publish","5":"product_cat-edebiyat","6":"product_cat-tiyatro","7":"pa_cilt-ciltsiz","8":"pa_tur-kitap","9":"pa_yayinevi-elpis-yayinlari","10":"pa_yazar-poyraz-deniz-genc","12":"first","13":"instock","14":"sale","15":"shipping-taxable","16":"purchasable","17":"product-type-simple"},"_links":{"self":[{"href":"https:\/\/roveyayinevi.com.tr\/index.php\/wp-json\/wp\/v2\/product\/762413","targetHints":{"allow":["GET"]}}],"collection":[{"href":"https:\/\/roveyayinevi.com.tr\/index.php\/wp-json\/wp\/v2\/product"}],"about":[{"href":"https:\/\/roveyayinevi.com.tr\/index.php\/wp-json\/wp\/v2\/types\/product"}],"wp:attachment":[{"href":"https:\/\/roveyayinevi.com.tr\/index.php\/wp-json\/wp\/v2\/media?parent=762413"}],"wp:term":[{"taxonomy":"product_brand","embeddable":true,"href":"https:\/\/roveyayinevi.com.tr\/index.php\/wp-json\/wp\/v2\/product_brand?post=762413"},{"taxonomy":"product_cat","embeddable":true,"href":"https:\/\/roveyayinevi.com.tr\/index.php\/wp-json\/wp\/v2\/product_cat?post=762413"},{"taxonomy":"product_tag","embeddable":true,"href":"https:\/\/roveyayinevi.com.tr\/index.php\/wp-json\/wp\/v2\/product_tag?post=762413"}],"curies":[{"name":"wp","href":"https:\/\/api.w.org\/{rel}","templated":true}]}}