{"id":762412,"date":"2025-08-28T10:08:00","date_gmt":"2025-08-28T07:08:00","guid":{"rendered":"https:\/\/roveyayinevi.com.tr\/index.php\/urun\/duy-beni-anne\/"},"modified":"2026-04-03T03:19:51","modified_gmt":"2026-04-03T00:19:51","slug":"duy-beni-anne","status":"publish","type":"product","link":"https:\/\/roveyayinevi.com.tr\/index.php\/urun\/duy-beni-anne\/","title":{"rendered":"Duy Beni Anne"},"content":{"rendered":"<p>Sahabe- i Kiram efendilerimizden biri bir g\u00fcn Peygamber Efendimize (s.a.v) gelerek, \u201cEy Allah&#8217;\u0131n Resul\u00fc! Benim bir \u00e7ocu\u011fum var onu nas\u0131l terbiye edeyim?\u201d diye sorar. Peygamber Efendimiz, (s.a.v) \u201c\u00c7ocu\u011fun ka\u00e7 ya\u015f\u0131nda?\u201d der. Sahabe Efendimiz, \u201c\u0130ki ya\u015f\u0131nda.\u201d diye cevap verir. Peygamber Efendimiz, ( s.a.v) \u201c\u00c7ocu\u011fun terbiyesi i\u00e7in ge\u00e7 kald\u0131n.\u201d buyurur. Sahabe Efendimiz, \u201cEy Allah&#8217;\u0131n Resul\u00fc, nas\u0131l yani iki ya\u015f\u0131ndaki \u00e7ocu\u011fun terbiyesi i\u00e7in ge\u00e7 mi kald\u0131m?\u201d deyince Efendimiz, (s.a.v) \u201cEvet ge\u00e7 kald\u0131n.\u201d buyurur. \u201c\u00c7\u00fcnk\u00fc, \u00e7ocu\u011fun terbiyesi anne karn\u0131nda ba\u015flar.\u201d buyurur.   \u00c7ocuk anne rahmine d\u00fc\u015fmeden \u00f6nce anne ve baban\u0131n ya\u015fant\u0131s\u0131, ruh h\u00e2llerinden etkilenir. Hamilelik d\u00f6neminde anne- baban\u0131n ya\u015fant\u0131lar\u0131, yedikleri, i\u00e7tikleri ve konu\u015ftuklar\u0131ndan \u00e7ocuk pay\u0131n\u0131 al\u0131r.   M\u00fclk Suresi 23. Ayette bildirildi\u011fi \u00fczere, bir insan\u0131n yarat\u0131l\u0131\u015f\u0131 anne karn\u0131nda ilk olarak kulaklar\u0131n olu\u015ftu\u011funu, sonra g\u00f6zlerin ve kalplerin olu\u015ftu\u011funu haber verir. \u201cO sizi yaratand\u0131r, size kulaklar, g\u00f6zler, kalpler ve ak\u0131llar verendir. Ne kadar da az \u015f\u00fckrediyorsunuz.\u201d ( M\u00fclk Suresi 23)     Sebiha Meryem \u00d6ral, &#8216;Duy Beni Anne&#8217; eserinde, evlilik ve aile kurman\u0131n temelleriyle, aile i\u00e7erisindeki kurulacak ileti\u015fimin \u00f6nemini harmanlayarak annenin hamilelik s\u00fcrecinin bebe\u011fi \u00fczerinde ne kadar \u00f6nemli bir rol oynad\u0131\u011f\u0131n\u0131 dan\u0131\u015fan \u00f6rnekleriyle okuyucular\u0131na sunuyor.<\/p>\n","protected":false},"excerpt":{"rendered":"<p>Sahabe- i Kiram efendilerimizden biri bir g\u00fcn Peygamber Efendimize (s.a.v) gelerek, \u201cEy Allah&#8217;\u0131n Resul\u00fc! Benim bir \u00e7ocu\u011fum var onu nas\u0131l terbiye edeyim?\u201d diye sorar. Peygamber Efendimiz,<span class=\"excerpt-hellip\"> [\u2026]<\/span><\/p>\n","protected":false},"featured_media":0,"template":"","meta":{"_monsterinsights_skip_tracking":false,"_monsterinsights_sitenote_active":false,"_monsterinsights_sitenote_note":"","_monsterinsights_sitenote_category":0},"product_brand":[],"product_cat":[12364,12376],"product_tag":[],"class_list":{"0":"post-762412","1":"product","2":"type-product","3":"status-publish","5":"product_cat-genel-konular","6":"product_cat-kisisel-gelisim","7":"pa_cilt-ciltsiz","8":"pa_tur-kitap","9":"pa_yayinevi-elpis-yayinlari","10":"pa_yazar-sebiha-meryem-oral","12":"first","13":"instock","14":"sale","15":"shipping-taxable","16":"purchasable","17":"product-type-simple"},"_links":{"self":[{"href":"https:\/\/roveyayinevi.com.tr\/index.php\/wp-json\/wp\/v2\/product\/762412","targetHints":{"allow":["GET"]}}],"collection":[{"href":"https:\/\/roveyayinevi.com.tr\/index.php\/wp-json\/wp\/v2\/product"}],"about":[{"href":"https:\/\/roveyayinevi.com.tr\/index.php\/wp-json\/wp\/v2\/types\/product"}],"wp:attachment":[{"href":"https:\/\/roveyayinevi.com.tr\/index.php\/wp-json\/wp\/v2\/media?parent=762412"}],"wp:term":[{"taxonomy":"product_brand","embeddable":true,"href":"https:\/\/roveyayinevi.com.tr\/index.php\/wp-json\/wp\/v2\/product_brand?post=762412"},{"taxonomy":"product_cat","embeddable":true,"href":"https:\/\/roveyayinevi.com.tr\/index.php\/wp-json\/wp\/v2\/product_cat?post=762412"},{"taxonomy":"product_tag","embeddable":true,"href":"https:\/\/roveyayinevi.com.tr\/index.php\/wp-json\/wp\/v2\/product_tag?post=762412"}],"curies":[{"name":"wp","href":"https:\/\/api.w.org\/{rel}","templated":true}]}}