{"id":762411,"date":"2025-08-28T10:07:59","date_gmt":"2025-08-28T07:07:59","guid":{"rendered":"https:\/\/roveyayinevi.com.tr\/index.php\/urun\/iktisat-ve-toplum-dergisi-165-sayi-sikilasmadan-normallesmeye\/"},"modified":"2026-04-15T03:27:36","modified_gmt":"2026-04-15T00:27:36","slug":"iktisat-ve-toplum-dergisi-165-sayi-sikilasmadan-normallesmeye","status":"publish","type":"product","link":"https:\/\/roveyayinevi.com.tr\/index.php\/urun\/iktisat-ve-toplum-dergisi-165-sayi-sikilasmadan-normallesmeye\/","title":{"rendered":"\u0130ktisat ve Toplum Dergisi 165. Say\u0131  S\u0131k\u0131la\u015fmadan Normalle\u015fmeye"},"content":{"rendered":"<p>Bu say\u0131da:   Ekonomide Son Bir Y\u0131l\u0131n De\u011ferlendirilmesi &#8211; Mahfi E\u011filmez AKP Ekonomi \u0130daresinde \u201cRasyonaliteye\u201d D\u00f6n\u00fc\u015f: Kim i\u00e7in? &#8211; A. Erin\u00e7 Yeldan H\u00fck\u00fcmetin Bir Y\u0131l\u0131: \u201cNormalle\u015fme\u201d? &#8211; Seda Demiralp \u00c7are Mali Kural m\u0131? &#8211; S\u00fcbidey Togan Devlet, Bankalar ve \u0130ktisat Politikalar\u0131 &#8211; \u00d6mer Faruk \u00c7olak Avrupa Birli\u011fi 2024 Se\u00e7imlerinin Ard\u0131ndan &#8211; Ersin Kalayc\u0131o\u011flu \u0130ktisatta De\u011fer Teorisi Ger\u00e7ekten de Gerekli mi? &#8211; H\u00fcseyin \u00d6zel Yeni Teknolojiler Sosyalizmi Daha Gerekli, Ger\u00e7ek\u00e7i ve Zorunlu K\u0131lacak m\u0131? &#8211; Turan Suba\u015fat Normatif \u0130ktisat, Pozitif \u0130ktisat ve Sanat \u0130li\u015fkisine Karma\u015f\u0131kl\u0131k Yakla\u015f\u0131m\u0131 &#8211; Ercan Eren Sermayenin Do\u011fas\u0131 ya da Sermayenin Do\u011fayla \u0130mtihan\u0131 &#8211; U\u011fur Eser \u0130klim \u00c7al\u0131\u015fmalar\u0131 Tarihi ve Sanayi Kapitalizmi S\u00fcreci &#8211; Arda Tunca \u00dcniversite-Sanayi \u0130\u015f Birli\u011fi Perspektifinden Mesleki E\u011fitim-\u0130stihdam \u0130li\u015fkisi &#8211; \u0130lker Akar, Oytun Me\u00e7ik Ka\u00e7ak Atom Bombas\u0131 Yapmak &#8211; Ergun T\u00fcrkcan Kundera\u2019y\u0131 \u0130ktisat \u00c7er\u00e7evesinde Okumak: Varolman\u0131n Dayan\u0131lmaz Hafifli\u011fi &#8211; G\u00fcl\u00e7in Elif Y\u00fccel Mesleki ve Akademik Dergilerde Hakemlik S\u00fcreci \u00dczerine Notlar &#8211; Oktar T\u00fcrel<\/p>\n","protected":false},"excerpt":{"rendered":"<p>Bu say\u0131da: Ekonomide Son Bir Y\u0131l\u0131n De\u011ferlendirilmesi &#8211; Mahfi E\u011filmez AKP Ekonomi \u0130daresinde \u201cRasyonaliteye\u201d D\u00f6n\u00fc\u015f: Kim i\u00e7in? &#8211; A. Erin\u00e7 Yeldan H\u00fck\u00fcmetin Bir Y\u0131l\u0131: \u201cNormalle\u015fme\u201d? &#8211;<span class=\"excerpt-hellip\"> [\u2026]<\/span><\/p>\n","protected":false},"featured_media":0,"template":"","meta":{"_monsterinsights_skip_tracking":false,"_monsterinsights_sitenote_active":false,"_monsterinsights_sitenote_note":"","_monsterinsights_sitenote_category":0},"product_brand":[],"product_cat":[13527],"product_tag":[],"class_list":{"0":"post-762411","1":"product","2":"type-product","3":"status-publish","5":"product_cat-sureli-yayinlar","6":"pa_cilt-ciltsiz","7":"pa_tur-dergi","8":"pa_yayinevi-efil-yayinevi-dergi","9":"pa_yazar-kolektif","11":"first","12":"instock","13":"sale","14":"shipping-taxable","15":"purchasable","16":"product-type-simple"},"_links":{"self":[{"href":"https:\/\/roveyayinevi.com.tr\/index.php\/wp-json\/wp\/v2\/product\/762411","targetHints":{"allow":["GET"]}}],"collection":[{"href":"https:\/\/roveyayinevi.com.tr\/index.php\/wp-json\/wp\/v2\/product"}],"about":[{"href":"https:\/\/roveyayinevi.com.tr\/index.php\/wp-json\/wp\/v2\/types\/product"}],"wp:attachment":[{"href":"https:\/\/roveyayinevi.com.tr\/index.php\/wp-json\/wp\/v2\/media?parent=762411"}],"wp:term":[{"taxonomy":"product_brand","embeddable":true,"href":"https:\/\/roveyayinevi.com.tr\/index.php\/wp-json\/wp\/v2\/product_brand?post=762411"},{"taxonomy":"product_cat","embeddable":true,"href":"https:\/\/roveyayinevi.com.tr\/index.php\/wp-json\/wp\/v2\/product_cat?post=762411"},{"taxonomy":"product_tag","embeddable":true,"href":"https:\/\/roveyayinevi.com.tr\/index.php\/wp-json\/wp\/v2\/product_tag?post=762411"}],"curies":[{"name":"wp","href":"https:\/\/api.w.org\/{rel}","templated":true}]}}