{"id":762409,"date":"2025-08-28T10:07:54","date_gmt":"2025-08-28T07:07:54","guid":{"rendered":"https:\/\/roveyayinevi.com.tr\/index.php\/urun\/iceriden-olmek\/"},"modified":"2026-04-14T03:24:12","modified_gmt":"2026-04-14T00:24:12","slug":"iceriden-olmek","status":"publish","type":"product","link":"https:\/\/roveyayinevi.com.tr\/index.php\/urun\/iceriden-olmek\/","title":{"rendered":"\u0130\u00e7eriden \u00d6lmek"},"content":{"rendered":"<p>\u201c\u0130\u00e7eriden \u00d6lmek, hepimizin i\u00e7ten i\u00e7e \u00f6ld\u00fc\u011f\u00fcm\u00fcz\u00fc ve nihayetinde bir zamanlar oldu\u011fumuz ki\u015finin yiti\u015fiyle y\u00fczle\u015fmek zorunda kalaca\u011f\u0131m\u0131z\u0131 anlatan muhte\u015fem bir roman.\u201d \u2014Michael Dirda   \u201cSilverberg bilimkurgu sevmeyenler i\u00e7in m\u00fckemmel bir bilimkurgu roman\u0131 yazm\u0131\u015f.\u201d \u2014The New York Times    \u201cK\u0130M OLACA\u011eIM BEN, KEND\u0130M OLMAYI BIRAKTI\u011eIMDA?\u201d 2004 y\u0131l\u0131nda Amerika bilimkurgu yazarlar\u0131n\u0131n b\u00fcy\u00fck \u00fcstad\u0131 se\u00e7ilen, Hugo ve Nebula \u00f6d\u00fcllerinin gediklisi Robert Silverberg bilimkurgu ve fantazi edebiyat\u0131n\u0131n ya\u015fayan en b\u00fcy\u00fck isimlerinden biri. 1972\u2019de yay\u0131mlanan ve t\u00fcre farkl\u0131 bir pencereden bakan \u0130\u00e7eriden \u00d6lmek zengin, alayc\u0131 ve \u015fiirsel diliyle Silverberg\u2019\u00fcn ba\u015fyap\u0131t\u0131. E\u015fsiz bir yetene\u011fe, zihin okuma g\u00fcc\u00fcne sahip David Selig bu yetene\u011fine ra\u011fmen alelade bir hayat s\u00fcr\u00fcyordu. K\u00f6t\u00fcl\u00fckle sava\u015fm\u0131yor, d\u00fcnyay\u0131 kurtarm\u0131yor, \u00fcniversite \u00f6\u011frencileri i\u00e7in \u00f6dev yazarak para kazan\u0131p bo\u015f zamanlar\u0131nda insanlar\u0131n i\u00e7ini r\u00f6ntgenliyordu. Orta ya\u015flara yakla\u015ft\u0131k\u00e7a Selig\u2019in hi\u00e7 beklemedi\u011fi bir \u015fey olmaya ba\u015flam\u0131\u015ft\u0131. Telepati g\u00fcc\u00fcn\u00fc yava\u015f yava\u015f kaybediyordu. Hayat\u0131 boyunca beyninin i\u00e7inde ba\u015fkalar\u0131n\u0131n i\u00e7 sesleri yank\u0131lanan Selig art\u0131k kendi zihninin sesini dinlemek zorunda kalacakt\u0131, t\u0131pk\u0131 di\u011fer herkes gibi. Yaln\u0131zl\u0131k, yas, ileti\u015fimin kayb\u0131 ve orta ya\u015f bunal\u0131m\u0131 gibi konular\u0131 incelikle i\u015fleyen \u0130\u00e7eriden \u00d6lmek, iyi bilimkurgunun hangi seviyelere eri\u015febilece\u011fini g\u00f6steren nadir bir eser. \u0130\u00e7eriden \u00d6lmek, insan olman\u0131n ne demek oldu\u011funu \u00f6\u011frenmek zorunda kalan bir s\u00fcperinsan\u0131n ac\u0131kl\u0131 hik\u00e2yesi.<\/p>\n","protected":false},"excerpt":{"rendered":"<p>\u201c\u0130\u00e7eriden \u00d6lmek, hepimizin i\u00e7ten i\u00e7e \u00f6ld\u00fc\u011f\u00fcm\u00fcz\u00fc ve nihayetinde bir zamanlar oldu\u011fumuz ki\u015finin yiti\u015fiyle y\u00fczle\u015fmek zorunda kalaca\u011f\u0131m\u0131z\u0131 anlatan muhte\u015fem bir roman.\u201d \u2014Michael Dirda \u201cSilverberg bilimkurgu sevmeyenler i\u00e7in<span class=\"excerpt-hellip\"> [\u2026]<\/span><\/p>\n","protected":false},"featured_media":0,"template":"","meta":{"_monsterinsights_skip_tracking":false,"_monsterinsights_sitenote_active":false,"_monsterinsights_sitenote_note":"","_monsterinsights_sitenote_category":0},"product_brand":[],"product_cat":[12540,12291],"product_tag":[],"class_list":{"0":"post-762409","1":"product","2":"type-product","3":"status-publish","5":"product_cat-bilim-kurgu","6":"product_cat-edebiyat","7":"pa_cilt-ciltsiz","8":"pa_tur-kitap","9":"pa_yayinevi-ithaki-yayinlari","10":"pa_yazar-robert-silverberg","12":"first","13":"instock","14":"sale","15":"shipping-taxable","16":"purchasable","17":"product-type-simple"},"_links":{"self":[{"href":"https:\/\/roveyayinevi.com.tr\/index.php\/wp-json\/wp\/v2\/product\/762409","targetHints":{"allow":["GET"]}}],"collection":[{"href":"https:\/\/roveyayinevi.com.tr\/index.php\/wp-json\/wp\/v2\/product"}],"about":[{"href":"https:\/\/roveyayinevi.com.tr\/index.php\/wp-json\/wp\/v2\/types\/product"}],"wp:attachment":[{"href":"https:\/\/roveyayinevi.com.tr\/index.php\/wp-json\/wp\/v2\/media?parent=762409"}],"wp:term":[{"taxonomy":"product_brand","embeddable":true,"href":"https:\/\/roveyayinevi.com.tr\/index.php\/wp-json\/wp\/v2\/product_brand?post=762409"},{"taxonomy":"product_cat","embeddable":true,"href":"https:\/\/roveyayinevi.com.tr\/index.php\/wp-json\/wp\/v2\/product_cat?post=762409"},{"taxonomy":"product_tag","embeddable":true,"href":"https:\/\/roveyayinevi.com.tr\/index.php\/wp-json\/wp\/v2\/product_tag?post=762409"}],"curies":[{"name":"wp","href":"https:\/\/api.w.org\/{rel}","templated":true}]}}