{"id":762407,"date":"2025-08-28T10:07:51","date_gmt":"2025-08-28T07:07:51","guid":{"rendered":"https:\/\/roveyayinevi.com.tr\/index.php\/urun\/hifzissihha\/"},"modified":"2026-04-15T03:27:36","modified_gmt":"2026-04-15T00:27:36","slug":"hifzissihha","status":"publish","type":"product","link":"https:\/\/roveyayinevi.com.tr\/index.php\/urun\/hifzissihha\/","title":{"rendered":"H\u0131fz\u0131ss\u0131hha"},"content":{"rendered":"<p>19. y\u00fczy\u0131lda salg\u0131n hastal\u0131klarla ilgili ya\u015fanan geli\u015fmeler sonucunda, modern devletlerin temel hedefi bireyin sa\u011fl\u0131\u011f\u0131n\u0131 korumak de\u011fil, toplumun sa\u011fl\u0131\u011f\u0131n\u0131 korumak olmu\u015ftur ve bu ba\u011flamda h\u0131fz\u0131ss\u0131hha, bireysel bir mesele olmaktan \u00e7ok toplumsal bir mesele h\u00e2line gelmi\u015ftir.  Halid \u0130zzet Bey\u2019in H\u0131fz\u0131ss\u0131hha adl\u0131 eseri \u00e7a\u011f\u0131n ruhunu yans\u0131tan \u00f6nemli bir \u00f6rnektir. Modern t\u0131p e\u011fitimi alm\u0131\u015f bir tabip, halk\u0131 bilin\u00e7lendirme sorumlulu\u011fu ile h\u0131fz\u0131ss\u0131hha ile ilgili bir eser vermekte ve d\u00f6nemin bir ge\u00e7i\u015f d\u00f6nemi olmas\u0131n\u0131n etkisiyle teorik alt yap\u0131s\u0131n\u0131 Hipokrat\u2019tan o g\u00fcne de\u011fin s\u00fcregelen h\u00fcmoral patoloji \u00fczerine kurmaktad\u0131r. Yine \u00e7a\u011f\u0131ndaki bakteriyolojik geli\u015fmeleri takip etmekle beraber bu geli\u015fmeleri miyazmac\u0131 bir perspektiften yorumlayarak modern ve klasik aras\u0131nda bir ge\u00e7i\u015f form\u00fcl\u00fc uygulam\u0131\u015f g\u00f6r\u00fcnmektedir.  Bu \u00e7al\u0131\u015fmada, \u00f6nemli g\u00f6revlerde bulunmu\u015f bir hekimin hayat\u0131 yeni belgeler \u0131\u015f\u0131\u011f\u0131nda ele al\u0131nm\u0131\u015f ve bu yap\u0131l\u0131rken siyasi-asker\u00ee tarihle paralel bir okuma yap\u0131lmaya \u00e7al\u0131\u015f\u0131lm\u0131\u015ft\u0131r. Bununla birlikte eserin transkripsiyonuna ve Osmanl\u0131 T\u00fcrk\u00e7esi t\u0131pk\u0131 bas\u0131m\u0131na yer verilmi\u015ftir. <\/p>\n","protected":false},"excerpt":{"rendered":"<p>19. y\u00fczy\u0131lda salg\u0131n hastal\u0131klarla ilgili ya\u015fanan geli\u015fmeler sonucunda, modern devletlerin temel hedefi bireyin sa\u011fl\u0131\u011f\u0131n\u0131 korumak de\u011fil, toplumun sa\u011fl\u0131\u011f\u0131n\u0131 korumak olmu\u015ftur ve bu ba\u011flamda h\u0131fz\u0131ss\u0131hha, bireysel bir<span class=\"excerpt-hellip\"> [\u2026]<\/span><\/p>\n","protected":false},"featured_media":0,"template":"","meta":{"_monsterinsights_skip_tracking":false,"_monsterinsights_sitenote_active":false,"_monsterinsights_sitenote_note":"","_monsterinsights_sitenote_category":0},"product_brand":[],"product_cat":[12370,12304],"product_tag":[],"class_list":{"0":"post-762407","1":"product","2":"type-product","3":"status-publish","5":"product_cat-arastirma-inceleme","6":"product_cat-tarih","7":"pa_cilt-ciltsiz","8":"pa_tur-kitap","9":"pa_yayinevi-yeditepe-yayinevi","10":"pa_yazar-halid-izzet-bey","12":"first","13":"instock","14":"sale","15":"shipping-taxable","16":"purchasable","17":"product-type-simple"},"_links":{"self":[{"href":"https:\/\/roveyayinevi.com.tr\/index.php\/wp-json\/wp\/v2\/product\/762407","targetHints":{"allow":["GET"]}}],"collection":[{"href":"https:\/\/roveyayinevi.com.tr\/index.php\/wp-json\/wp\/v2\/product"}],"about":[{"href":"https:\/\/roveyayinevi.com.tr\/index.php\/wp-json\/wp\/v2\/types\/product"}],"wp:attachment":[{"href":"https:\/\/roveyayinevi.com.tr\/index.php\/wp-json\/wp\/v2\/media?parent=762407"}],"wp:term":[{"taxonomy":"product_brand","embeddable":true,"href":"https:\/\/roveyayinevi.com.tr\/index.php\/wp-json\/wp\/v2\/product_brand?post=762407"},{"taxonomy":"product_cat","embeddable":true,"href":"https:\/\/roveyayinevi.com.tr\/index.php\/wp-json\/wp\/v2\/product_cat?post=762407"},{"taxonomy":"product_tag","embeddable":true,"href":"https:\/\/roveyayinevi.com.tr\/index.php\/wp-json\/wp\/v2\/product_tag?post=762407"}],"curies":[{"name":"wp","href":"https:\/\/api.w.org\/{rel}","templated":true}]}}