{"id":762406,"date":"2025-08-28T10:07:49","date_gmt":"2025-08-28T07:07:49","guid":{"rendered":"https:\/\/roveyayinevi.com.tr\/index.php\/urun\/orta-dogu\/"},"modified":"2026-04-15T03:27:36","modified_gmt":"2026-04-15T00:27:36","slug":"orta-dogu","status":"publish","type":"product","link":"https:\/\/roveyayinevi.com.tr\/index.php\/urun\/orta-dogu\/","title":{"rendered":"Orta Do\u011fu"},"content":{"rendered":"<p>2010 sonunda Tunus\u2019ta ba\u015flayan ve hemen hemen b\u00fct\u00fcn b\u00f6lgeye yay\u0131lan Arap Bahar\u0131 \u0130syanlar\u0131 beklenenden \u00e7ok daha uzun s\u00fcrd\u00fc. Arap Bahar\u0131 s\u00fcreci belki istenilen ba\u015far\u0131y\u0131 g\u00f6sterememi\u015f olsa da Merkez\u00ee \u0130slam co\u011frafyas\u0131nda \u00f6nemli de\u011fi\u015fikliklere ve b\u00f6l\u00fcnmelere sebep oldu. \u00d6zellikle 2021 y\u0131l\u0131ndan itibaren b\u00f6lgede de facto bir konsolidasyondan s\u00f6z edilebilir. 07 Ekim 2023 sonras\u0131 ba\u015flayan ve h\u00e2l\u00e2 devam etmekte olan \u0130srail\u2019in Gazze\u2019de uygulad\u0131\u011f\u0131 soyk\u0131r\u0131ma varan politikalar, Arap Bahar\u0131 s\u00fcrecinin s\u00f6nmeye y\u00fcz tutmakta olan korlar\u0131n\u0131 yeniden tutu\u015fturdu. Her iki s\u00fcre\u00e7 de devam ediyor ve nereye evrilece\u011fi netle\u015fmi\u015f de\u011fil. Ancak \u0130bn Haldun\u2019un \u00e7ok veciz bir \u015fekilde ifade etti\u011fi gibi \u201cGe\u00e7mi\u015f, gelece\u011fe suyun suya benzedi\u011finden daha fazla benzer\u201d. Umar\u0131m bu yaz\u0131lar da b\u00f6lgeyle ilgilenenlere bir ufuk a\u00e7ar ve yeni sorular sormalar\u0131na sebep olur.<\/p>\n","protected":false},"excerpt":{"rendered":"<p>2010 sonunda Tunus\u2019ta ba\u015flayan ve hemen hemen b\u00fct\u00fcn b\u00f6lgeye yay\u0131lan Arap Bahar\u0131 \u0130syanlar\u0131 beklenenden \u00e7ok daha uzun s\u00fcrd\u00fc. Arap Bahar\u0131 s\u00fcreci belki istenilen ba\u015far\u0131y\u0131 g\u00f6sterememi\u015f olsa<span class=\"excerpt-hellip\"> [\u2026]<\/span><\/p>\n","protected":false},"featured_media":0,"template":"","meta":{"_monsterinsights_skip_tracking":false,"_monsterinsights_sitenote_active":false,"_monsterinsights_sitenote_note":"","_monsterinsights_sitenote_category":0},"product_brand":[],"product_cat":[13590,12337],"product_tag":[],"class_list":{"0":"post-762406","1":"product","2":"type-product","3":"status-publish","5":"product_cat-arastirma-inceleme-politika-siyaset","6":"product_cat-politika-siyaset","7":"pa_cilt-ciltsiz","8":"pa_tur-kitap","9":"pa_yayinevi-yeditepe-yayinevi","10":"pa_yazar-cengiz-tomar","12":"first","13":"instock","14":"sale","15":"shipping-taxable","16":"purchasable","17":"product-type-simple"},"_links":{"self":[{"href":"https:\/\/roveyayinevi.com.tr\/index.php\/wp-json\/wp\/v2\/product\/762406","targetHints":{"allow":["GET"]}}],"collection":[{"href":"https:\/\/roveyayinevi.com.tr\/index.php\/wp-json\/wp\/v2\/product"}],"about":[{"href":"https:\/\/roveyayinevi.com.tr\/index.php\/wp-json\/wp\/v2\/types\/product"}],"wp:attachment":[{"href":"https:\/\/roveyayinevi.com.tr\/index.php\/wp-json\/wp\/v2\/media?parent=762406"}],"wp:term":[{"taxonomy":"product_brand","embeddable":true,"href":"https:\/\/roveyayinevi.com.tr\/index.php\/wp-json\/wp\/v2\/product_brand?post=762406"},{"taxonomy":"product_cat","embeddable":true,"href":"https:\/\/roveyayinevi.com.tr\/index.php\/wp-json\/wp\/v2\/product_cat?post=762406"},{"taxonomy":"product_tag","embeddable":true,"href":"https:\/\/roveyayinevi.com.tr\/index.php\/wp-json\/wp\/v2\/product_tag?post=762406"}],"curies":[{"name":"wp","href":"https:\/\/api.w.org\/{rel}","templated":true}]}}