{"id":762405,"date":"2025-08-28T10:07:48","date_gmt":"2025-08-28T07:07:48","guid":{"rendered":"https:\/\/roveyayinevi.com.tr\/index.php\/urun\/camiden-parka-ilk-kelimelerim-oyuncakli-kitap\/"},"modified":"2026-04-15T03:27:36","modified_gmt":"2026-04-15T00:27:36","slug":"camiden-parka-ilk-kelimelerim-oyuncakli-kitap","status":"publish","type":"product","link":"https:\/\/roveyayinevi.com.tr\/index.php\/urun\/camiden-parka-ilk-kelimelerim-oyuncakli-kitap\/","title":{"rendered":"Camiden Parka \u0130lk Kelimelerim &#8211; Oyuncakl\u0131 Kitap"},"content":{"rendered":"<p>\u0130lk kelimelerini \u00f6\u011frenmeye var m\u0131s\u0131n?Senin i\u00e7in bu karton kitaplar\u0131 bir oyunca\u011fa d\u00f6n\u00fc\u015ft\u00fcrd\u00fck. Kitab\u0131 a\u00e7t\u0131\u011f\u0131nda i\u00e7eriye sabitlenmi\u015f d\u00f6rt ayr\u0131 kitapla ve bir mahalle krokisiyle kar\u015f\u0131la\u015facaks\u0131n. Hem oyuncak arabayla bu mahallede gezinebilecek hem de duraklardaki kitaplar\u0131 al\u0131p \u201cilk kelimelerini\u201d \u00f6\u011frenebileceksin.Camideki, parktaki, evdeki ve \u00e7iftlikteki kelimeler minik okurlar\u0131n\u0131 bekliyor.<\/p>\n","protected":false},"excerpt":{"rendered":"<p>\u0130lk kelimelerini \u00f6\u011frenmeye var m\u0131s\u0131n?Senin i\u00e7in bu karton kitaplar\u0131 bir oyunca\u011fa d\u00f6n\u00fc\u015ft\u00fcrd\u00fck. Kitab\u0131 a\u00e7t\u0131\u011f\u0131nda i\u00e7eriye sabitlenmi\u015f d\u00f6rt ayr\u0131 kitapla ve bir mahalle krokisiyle kar\u015f\u0131la\u015facaks\u0131n. Hem oyuncak<span class=\"excerpt-hellip\"> [\u2026]<\/span><\/p>\n","protected":false},"featured_media":0,"template":"","meta":{"_monsterinsights_skip_tracking":false,"_monsterinsights_sitenote_active":false,"_monsterinsights_sitenote_note":"","_monsterinsights_sitenote_category":0},"product_brand":[],"product_cat":[12274,18802],"product_tag":[],"class_list":{"0":"post-762405","1":"product","2":"type-product","3":"status-publish","5":"product_cat-cocuk-ve-genclik-kitaplari","6":"product_cat-din-egitimi","7":"pa_cilt-ciltsiz","8":"pa_tur-kitap","9":"pa_yayinevi-gulce-kitap","10":"pa_yazar-sukran-tugba-gokdemir","12":"first","13":"instock","14":"sale","15":"shipping-taxable","16":"purchasable","17":"product-type-simple"},"_links":{"self":[{"href":"https:\/\/roveyayinevi.com.tr\/index.php\/wp-json\/wp\/v2\/product\/762405","targetHints":{"allow":["GET"]}}],"collection":[{"href":"https:\/\/roveyayinevi.com.tr\/index.php\/wp-json\/wp\/v2\/product"}],"about":[{"href":"https:\/\/roveyayinevi.com.tr\/index.php\/wp-json\/wp\/v2\/types\/product"}],"wp:attachment":[{"href":"https:\/\/roveyayinevi.com.tr\/index.php\/wp-json\/wp\/v2\/media?parent=762405"}],"wp:term":[{"taxonomy":"product_brand","embeddable":true,"href":"https:\/\/roveyayinevi.com.tr\/index.php\/wp-json\/wp\/v2\/product_brand?post=762405"},{"taxonomy":"product_cat","embeddable":true,"href":"https:\/\/roveyayinevi.com.tr\/index.php\/wp-json\/wp\/v2\/product_cat?post=762405"},{"taxonomy":"product_tag","embeddable":true,"href":"https:\/\/roveyayinevi.com.tr\/index.php\/wp-json\/wp\/v2\/product_tag?post=762405"}],"curies":[{"name":"wp","href":"https:\/\/api.w.org\/{rel}","templated":true}]}}