{"id":762404,"date":"2025-08-28T10:07:46","date_gmt":"2025-08-28T07:07:46","guid":{"rendered":"https:\/\/roveyayinevi.com.tr\/index.php\/urun\/boyalarin-en-guzeli\/"},"modified":"2026-04-07T03:21:48","modified_gmt":"2026-04-07T00:21:48","slug":"boyalarin-en-guzeli","status":"publish","type":"product","link":"https:\/\/roveyayinevi.com.tr\/index.php\/urun\/boyalarin-en-guzeli\/","title":{"rendered":"Boyalar\u0131n En G\u00fczeli"},"content":{"rendered":"<p>Bir g\u00fcn boya kalemleri, sahipleri Zeynep\u2019e bir s\u00fcrpriz yapmak ister. Kalemler onun i\u00e7in bir manzara resmi \u00e7izecektir. Hep ayn\u0131 yerleri boyamaktan s\u0131k\u0131lan kalemler g\u00f6revlerini de\u011fi\u015fir fakat ortaya hi\u00e7 de g\u00fczel olmayan bir manzara \u00e7\u0131kar. \u00c7\u00fcnk\u00fc boyalar\u0131n en g\u00fczeli Allah\u2019\u0131n do\u011faya verdi\u011fi renklerdir. Zeynep, kalemlerin gizlice yapt\u0131\u011f\u0131 bu resmi be\u011fenecek mi dersiniz? Sizce boya kalemleri nerede hata yapt\u0131klar\u0131n\u0131 anlayabilecek mi?\u201cS\u0131bgatullah\u201d kavram\u0131n\u0131 anlatan reng\u00e2renk bir tefekk\u00fcr kitab\u0131.<\/p>\n","protected":false},"excerpt":{"rendered":"<p>Bir g\u00fcn boya kalemleri, sahipleri Zeynep\u2019e bir s\u00fcrpriz yapmak ister. Kalemler onun i\u00e7in bir manzara resmi \u00e7izecektir. Hep ayn\u0131 yerleri boyamaktan s\u0131k\u0131lan kalemler g\u00f6revlerini de\u011fi\u015fir fakat<span class=\"excerpt-hellip\"> [\u2026]<\/span><\/p>\n","protected":false},"featured_media":0,"template":"","meta":{"_monsterinsights_skip_tracking":false,"_monsterinsights_sitenote_active":false,"_monsterinsights_sitenote_note":"","_monsterinsights_sitenote_category":0},"product_brand":[],"product_cat":[12274,12284],"product_tag":[],"class_list":{"0":"post-762404","1":"product","2":"type-product","3":"status-publish","5":"product_cat-cocuk-ve-genclik-kitaplari","6":"product_cat-hikayeler","7":"pa_cilt-ciltsiz","8":"pa_tur-kitap","9":"pa_yayinevi-gulce-kitap","10":"pa_yazar-ayse-odabasi","12":"first","13":"instock","14":"sale","15":"shipping-taxable","16":"purchasable","17":"product-type-simple"},"_links":{"self":[{"href":"https:\/\/roveyayinevi.com.tr\/index.php\/wp-json\/wp\/v2\/product\/762404","targetHints":{"allow":["GET"]}}],"collection":[{"href":"https:\/\/roveyayinevi.com.tr\/index.php\/wp-json\/wp\/v2\/product"}],"about":[{"href":"https:\/\/roveyayinevi.com.tr\/index.php\/wp-json\/wp\/v2\/types\/product"}],"wp:attachment":[{"href":"https:\/\/roveyayinevi.com.tr\/index.php\/wp-json\/wp\/v2\/media?parent=762404"}],"wp:term":[{"taxonomy":"product_brand","embeddable":true,"href":"https:\/\/roveyayinevi.com.tr\/index.php\/wp-json\/wp\/v2\/product_brand?post=762404"},{"taxonomy":"product_cat","embeddable":true,"href":"https:\/\/roveyayinevi.com.tr\/index.php\/wp-json\/wp\/v2\/product_cat?post=762404"},{"taxonomy":"product_tag","embeddable":true,"href":"https:\/\/roveyayinevi.com.tr\/index.php\/wp-json\/wp\/v2\/product_tag?post=762404"}],"curies":[{"name":"wp","href":"https:\/\/api.w.org\/{rel}","templated":true}]}}