{"id":762402,"date":"2025-08-28T10:07:43","date_gmt":"2025-08-28T07:07:43","guid":{"rendered":"https:\/\/roveyayinevi.com.tr\/index.php\/urun\/dinozorca-duygular-sarilazor\/"},"modified":"2026-04-15T03:27:36","modified_gmt":"2026-04-15T00:27:36","slug":"dinozorca-duygular-sarilazor","status":"publish","type":"product","link":"https:\/\/roveyayinevi.com.tr\/index.php\/urun\/dinozorca-duygular-sarilazor\/","title":{"rendered":"Dinozorca Duygular: Sar\u0131lazor"},"content":{"rendered":"<p>G\u00fcne\u015fli bir sabah, Sar\u0131lazor ilk kez kendi ba\u015f\u0131na d\u00fcnyaya a\u00e7\u0131l\u0131yor. Yeni arkada\u015flar edinmek onu \u00c7OK heyecanland\u0131r\u0131yor! Ama \u00e7ok ge\u00e7meden ba\u015fka k\u00fc\u00e7\u00fck dinozorlar kavga \u00e7\u0131kar\u0131yor. Sence Sar\u0131lazor tekrar BARI\u015e sa\u011flaman\u0131n bir yolunu bulabilir mi?   Nezaketin d\u00fcnyay\u0131 nas\u0131l de\u011fi\u015ftirebilece\u011fine dair e\u011flenceli bir hik\u00e2ye\u2026 <\/p>\n","protected":false},"excerpt":{"rendered":"<p>G\u00fcne\u015fli bir sabah, Sar\u0131lazor ilk kez kendi ba\u015f\u0131na d\u00fcnyaya a\u00e7\u0131l\u0131yor. Yeni arkada\u015flar edinmek onu \u00c7OK heyecanland\u0131r\u0131yor! Ama \u00e7ok ge\u00e7meden ba\u015fka k\u00fc\u00e7\u00fck dinozorlar kavga \u00e7\u0131kar\u0131yor. Sence Sar\u0131lazor<span class=\"excerpt-hellip\"> [\u2026]<\/span><\/p>\n","protected":false},"featured_media":0,"template":"","meta":{"_monsterinsights_skip_tracking":false,"_monsterinsights_sitenote_active":false,"_monsterinsights_sitenote_note":"","_monsterinsights_sitenote_category":0},"product_brand":[],"product_cat":[12274,12284],"product_tag":[],"class_list":{"0":"post-762402","1":"product","2":"type-product","3":"status-publish","5":"product_cat-cocuk-ve-genclik-kitaplari","6":"product_cat-hikayeler","7":"pa_cilt-ciltsiz","8":"pa_tur-kitap","9":"pa_yayinevi-mundi","10":"pa_yazar-rachel-bright","12":"first","13":"instock","14":"sale","15":"shipping-taxable","16":"purchasable","17":"product-type-simple"},"_links":{"self":[{"href":"https:\/\/roveyayinevi.com.tr\/index.php\/wp-json\/wp\/v2\/product\/762402","targetHints":{"allow":["GET"]}}],"collection":[{"href":"https:\/\/roveyayinevi.com.tr\/index.php\/wp-json\/wp\/v2\/product"}],"about":[{"href":"https:\/\/roveyayinevi.com.tr\/index.php\/wp-json\/wp\/v2\/types\/product"}],"wp:attachment":[{"href":"https:\/\/roveyayinevi.com.tr\/index.php\/wp-json\/wp\/v2\/media?parent=762402"}],"wp:term":[{"taxonomy":"product_brand","embeddable":true,"href":"https:\/\/roveyayinevi.com.tr\/index.php\/wp-json\/wp\/v2\/product_brand?post=762402"},{"taxonomy":"product_cat","embeddable":true,"href":"https:\/\/roveyayinevi.com.tr\/index.php\/wp-json\/wp\/v2\/product_cat?post=762402"},{"taxonomy":"product_tag","embeddable":true,"href":"https:\/\/roveyayinevi.com.tr\/index.php\/wp-json\/wp\/v2\/product_tag?post=762402"}],"curies":[{"name":"wp","href":"https:\/\/api.w.org\/{rel}","templated":true}]}}