{"id":762400,"date":"2025-08-28T10:07:39","date_gmt":"2025-08-28T07:07:39","guid":{"rendered":"https:\/\/roveyayinevi.com.tr\/index.php\/urun\/dinozorca-duygular-somurtazor\/"},"modified":"2026-04-15T03:27:36","modified_gmt":"2026-04-15T00:27:36","slug":"dinozorca-duygular-somurtazor","status":"publish","type":"product","link":"https:\/\/roveyayinevi.com.tr\/index.php\/urun\/dinozorca-duygular-somurtazor\/","title":{"rendered":"Dinozorca Duygular: Somurtazor"},"content":{"rendered":"<p>Bir sabah, Somurtazor mutlu bir r\u00fcyadan uyanarak yeni g\u00fcne heyecanla ba\u015flad\u0131. Fakat sonra i\u015fler biraz ters gitti. \u0130\u00e7inden K\u00dcKREMELER ve G\u00dcRLEMELER y\u00fckseldi! Somurtazor g\u00fcne burnundan soluyarak ba\u015flad\u0131, peki b\u00f6yle mi bitirecek? Sence g\u00fcn\u00fcn\u00fc G\u00dcZELLE\u015eT\u0130RECEK yeni bir yol bulabilir mi?   Bak\u0131\u015f a\u00e7\u0131s\u0131n\u0131n g\u00fcc\u00fc ve bunalt\u0131c\u0131 duygularla ba\u015f etme y\u00f6ntemleri hakk\u0131nda e\u011flenceli bir hik\u00e2ye\u2026 <\/p>\n","protected":false},"excerpt":{"rendered":"<p>Bir sabah, Somurtazor mutlu bir r\u00fcyadan uyanarak yeni g\u00fcne heyecanla ba\u015flad\u0131. Fakat sonra i\u015fler biraz ters gitti. \u0130\u00e7inden K\u00dcKREMELER ve G\u00dcRLEMELER y\u00fckseldi! Somurtazor g\u00fcne burnundan soluyarak<span class=\"excerpt-hellip\"> [\u2026]<\/span><\/p>\n","protected":false},"featured_media":0,"template":"","meta":{"_monsterinsights_skip_tracking":false,"_monsterinsights_sitenote_active":false,"_monsterinsights_sitenote_note":"","_monsterinsights_sitenote_category":0},"product_brand":[],"product_cat":[12274,12284],"product_tag":[],"class_list":{"0":"post-762400","1":"product","2":"type-product","3":"status-publish","5":"product_cat-cocuk-ve-genclik-kitaplari","6":"product_cat-hikayeler","7":"pa_cilt-ciltsiz","8":"pa_tur-kitap","9":"pa_yayinevi-mundi","10":"pa_yazar-rachel-bright","12":"first","13":"instock","14":"sale","15":"shipping-taxable","16":"purchasable","17":"product-type-simple"},"_links":{"self":[{"href":"https:\/\/roveyayinevi.com.tr\/index.php\/wp-json\/wp\/v2\/product\/762400","targetHints":{"allow":["GET"]}}],"collection":[{"href":"https:\/\/roveyayinevi.com.tr\/index.php\/wp-json\/wp\/v2\/product"}],"about":[{"href":"https:\/\/roveyayinevi.com.tr\/index.php\/wp-json\/wp\/v2\/types\/product"}],"wp:attachment":[{"href":"https:\/\/roveyayinevi.com.tr\/index.php\/wp-json\/wp\/v2\/media?parent=762400"}],"wp:term":[{"taxonomy":"product_brand","embeddable":true,"href":"https:\/\/roveyayinevi.com.tr\/index.php\/wp-json\/wp\/v2\/product_brand?post=762400"},{"taxonomy":"product_cat","embeddable":true,"href":"https:\/\/roveyayinevi.com.tr\/index.php\/wp-json\/wp\/v2\/product_cat?post=762400"},{"taxonomy":"product_tag","embeddable":true,"href":"https:\/\/roveyayinevi.com.tr\/index.php\/wp-json\/wp\/v2\/product_tag?post=762400"}],"curies":[{"name":"wp","href":"https:\/\/api.w.org\/{rel}","templated":true}]}}