{"id":762399,"date":"2025-08-28T10:07:38","date_gmt":"2025-08-28T07:07:38","guid":{"rendered":"https:\/\/roveyayinevi.com.tr\/index.php\/urun\/dinozorca-duygular-kaygilizor\/"},"modified":"2026-04-15T03:27:36","modified_gmt":"2026-04-15T00:27:36","slug":"dinozorca-duygular-kaygilizor","status":"publish","type":"product","link":"https:\/\/roveyayinevi.com.tr\/index.php\/urun\/dinozorca-duygular-kaygilizor\/","title":{"rendered":"Dinozorca Duygular: Kayg\u0131l\u0131zor"},"content":{"rendered":"<p>Bug\u00fcn \u00e7ok g\u00fczel bir g\u00fcn ve Kayg\u0131l\u0131zor \u00f6zel bir piknik planlad\u0131.   Ta ki minicik bir KAYGI kelebe\u011fi karn\u0131nda kanat \u00e7\u0131rpana dek\u2026 Ya yeterince yiyecek GET\u0130RMED\u0130YSE? Ya ormanda KAYBOLURSA? Ya aya\u011f\u0131 tak\u0131l\u0131p D\u00dc\u015eERSE? Ya ya\u011fmur YA\u011eARSA?   Kayg\u0131 ve korkuyu yenip \u00e2n\u0131 ya\u015faman\u0131n \u00f6nemini anlatan e\u011flenceli bir hik\u00e2ye&#8230; <\/p>\n","protected":false},"excerpt":{"rendered":"<p>Bug\u00fcn \u00e7ok g\u00fczel bir g\u00fcn ve Kayg\u0131l\u0131zor \u00f6zel bir piknik planlad\u0131. Ta ki minicik bir KAYGI kelebe\u011fi karn\u0131nda kanat \u00e7\u0131rpana dek\u2026 Ya yeterince yiyecek GET\u0130RMED\u0130YSE? Ya<span class=\"excerpt-hellip\"> [\u2026]<\/span><\/p>\n","protected":false},"featured_media":0,"template":"","meta":{"_monsterinsights_skip_tracking":false,"_monsterinsights_sitenote_active":false,"_monsterinsights_sitenote_note":"","_monsterinsights_sitenote_category":0},"product_brand":[],"product_cat":[12274,12284],"product_tag":[],"class_list":{"0":"post-762399","1":"product","2":"type-product","3":"status-publish","5":"product_cat-cocuk-ve-genclik-kitaplari","6":"product_cat-hikayeler","7":"pa_cilt-ciltsiz","8":"pa_tur-kitap","9":"pa_yayinevi-mundi","10":"pa_yazar-rachel-bright","12":"first","13":"instock","14":"sale","15":"shipping-taxable","16":"purchasable","17":"product-type-simple"},"_links":{"self":[{"href":"https:\/\/roveyayinevi.com.tr\/index.php\/wp-json\/wp\/v2\/product\/762399","targetHints":{"allow":["GET"]}}],"collection":[{"href":"https:\/\/roveyayinevi.com.tr\/index.php\/wp-json\/wp\/v2\/product"}],"about":[{"href":"https:\/\/roveyayinevi.com.tr\/index.php\/wp-json\/wp\/v2\/types\/product"}],"wp:attachment":[{"href":"https:\/\/roveyayinevi.com.tr\/index.php\/wp-json\/wp\/v2\/media?parent=762399"}],"wp:term":[{"taxonomy":"product_brand","embeddable":true,"href":"https:\/\/roveyayinevi.com.tr\/index.php\/wp-json\/wp\/v2\/product_brand?post=762399"},{"taxonomy":"product_cat","embeddable":true,"href":"https:\/\/roveyayinevi.com.tr\/index.php\/wp-json\/wp\/v2\/product_cat?post=762399"},{"taxonomy":"product_tag","embeddable":true,"href":"https:\/\/roveyayinevi.com.tr\/index.php\/wp-json\/wp\/v2\/product_tag?post=762399"}],"curies":[{"name":"wp","href":"https:\/\/api.w.org\/{rel}","templated":true}]}}