{"id":762392,"date":"2025-08-28T10:07:24","date_gmt":"2025-08-28T07:07:24","guid":{"rendered":"https:\/\/roveyayinevi.com.tr\/index.php\/urun\/iyilik-timi\/"},"modified":"2026-04-15T03:27:36","modified_gmt":"2026-04-15T00:27:36","slug":"iyilik-timi","status":"publish","type":"product","link":"https:\/\/roveyayinevi.com.tr\/index.php\/urun\/iyilik-timi\/","title":{"rendered":"\u0130yilik Timi"},"content":{"rendered":"<p>\u0130yilik Timi\u2019yle beraber birbirinden heyecanl\u0131 maceralar ya\u015famaya haz\u0131r m\u0131s\u0131n?\u00c7ikolata makinesi yap\u0131m\u0131,Kuru Fasulye \u015eenli\u011fi,T\u00fcm mahalleye dondurma da\u011f\u0131tmaca,Tek dostu arabas\u0131 olan amcayla macera,Aras\u2019\u0131 kurtarma ser\u00fcveni ve daha neler neler\u2026Bu kitap seni birbirinden heyecanl\u0131 maceraya s\u00fcr\u00fcklerken bir yandan da kalbinden hi\u00e7 \u00e7\u0131kmayacak olaylarla kar\u015f\u0131 kar\u015f\u0131ya b\u0131rakacak!<\/p>\n","protected":false},"excerpt":{"rendered":"<p>\u0130yilik Timi\u2019yle beraber birbirinden heyecanl\u0131 maceralar ya\u015famaya haz\u0131r m\u0131s\u0131n?\u00c7ikolata makinesi yap\u0131m\u0131,Kuru Fasulye \u015eenli\u011fi,T\u00fcm mahalleye dondurma da\u011f\u0131tmaca,Tek dostu arabas\u0131 olan amcayla macera,Aras\u2019\u0131 kurtarma ser\u00fcveni ve daha neler<span class=\"excerpt-hellip\"> [\u2026]<\/span><\/p>\n","protected":false},"featured_media":0,"template":"","meta":{"_monsterinsights_skip_tracking":false,"_monsterinsights_sitenote_active":false,"_monsterinsights_sitenote_note":"","_monsterinsights_sitenote_category":0},"product_brand":[],"product_cat":[12274,12284],"product_tag":[],"class_list":{"0":"post-762392","1":"product","2":"type-product","3":"status-publish","5":"product_cat-cocuk-ve-genclik-kitaplari","6":"product_cat-hikayeler","7":"pa_cilt-ciltsiz","8":"pa_tur-kitap","9":"pa_yayinevi-genc-timas","10":"pa_yazar-metin-ozdamarlar","12":"first","13":"instock","14":"sale","15":"shipping-taxable","16":"purchasable","17":"product-type-simple"},"_links":{"self":[{"href":"https:\/\/roveyayinevi.com.tr\/index.php\/wp-json\/wp\/v2\/product\/762392","targetHints":{"allow":["GET"]}}],"collection":[{"href":"https:\/\/roveyayinevi.com.tr\/index.php\/wp-json\/wp\/v2\/product"}],"about":[{"href":"https:\/\/roveyayinevi.com.tr\/index.php\/wp-json\/wp\/v2\/types\/product"}],"wp:attachment":[{"href":"https:\/\/roveyayinevi.com.tr\/index.php\/wp-json\/wp\/v2\/media?parent=762392"}],"wp:term":[{"taxonomy":"product_brand","embeddable":true,"href":"https:\/\/roveyayinevi.com.tr\/index.php\/wp-json\/wp\/v2\/product_brand?post=762392"},{"taxonomy":"product_cat","embeddable":true,"href":"https:\/\/roveyayinevi.com.tr\/index.php\/wp-json\/wp\/v2\/product_cat?post=762392"},{"taxonomy":"product_tag","embeddable":true,"href":"https:\/\/roveyayinevi.com.tr\/index.php\/wp-json\/wp\/v2\/product_tag?post=762392"}],"curies":[{"name":"wp","href":"https:\/\/api.w.org\/{rel}","templated":true}]}}