{"id":762390,"date":"2025-08-28T10:07:20","date_gmt":"2025-08-28T07:07:20","guid":{"rendered":"https:\/\/roveyayinevi.com.tr\/index.php\/urun\/elma-cekirdegi\/"},"modified":"2026-04-15T03:27:36","modified_gmt":"2026-04-15T00:27:36","slug":"elma-cekirdegi","status":"publish","type":"product","link":"https:\/\/roveyayinevi.com.tr\/index.php\/urun\/elma-cekirdegi\/","title":{"rendered":"Elma \u00c7ekirde\u011fi"},"content":{"rendered":"<p>Herkes bir elman\u0131n d\u0131\u015f\u0131na bakar, peki ya i\u00e7indeki \u00e7ekirde\u011fe? Tea kendini elma \u00e7ekirde\u011fi gibi g\u00f6r\u00fcnmez hisseden bir k\u0131z \u00e7ocu\u011fuydu. Ta ki teyzesiyle ya\u015famaya ba\u015flayana dek. S\u0131radan hayat\u0131ndan \u00e7\u0131k\u0131p teyzesinin s\u0131ra d\u0131\u015f\u0131 ya\u015fam\u0131na uyum sa\u011flayamayaca\u011f\u0131n\u0131 d\u00fc\u015f\u00fcn\u00fcrken kendini bir anda b\u00fct\u00fcn bu tuhafl\u0131\u011f\u0131n i\u00e7inde bulan Tea, bu yeni evine \u00f6yle bir uyum sa\u011flar ki ba\u015fka bir hayat d\u00fc\u015f\u00fcnemez. Ne\u015fe terapileri, \u00e7ay yapraklar\u0131ndan mesaj \u00e7\u0131karmaya \u00e7al\u0131\u015fmak, hayvanlar\u0131 kurtarmak ve daha nicesi. Ancak teyzesi yemeklerin i\u00e7ine tuhaf malzemeler katabilece\u011fi i\u00e7in de her zaman dikkatli olmal\u0131d\u0131r. G\u00f6r\u00fclmemi\u015f karakterleri ve s\u0131cac\u0131k hik\u00e2yesiyle Elma \u00c7ekirde\u011fi, aile ve arkada\u015fl\u0131\u011f\u0131n \u00f6nemine dikkat \u00e7eken bir roman.<\/p>\n","protected":false},"excerpt":{"rendered":"<p>Herkes bir elman\u0131n d\u0131\u015f\u0131na bakar, peki ya i\u00e7indeki \u00e7ekirde\u011fe? Tea kendini elma \u00e7ekirde\u011fi gibi g\u00f6r\u00fcnmez hisseden bir k\u0131z \u00e7ocu\u011fuydu. Ta ki teyzesiyle ya\u015famaya ba\u015flayana dek. S\u0131radan<span class=\"excerpt-hellip\"> [\u2026]<\/span><\/p>\n","protected":false},"featured_media":0,"template":"","meta":{"_monsterinsights_skip_tracking":false,"_monsterinsights_sitenote_active":false,"_monsterinsights_sitenote_note":"","_monsterinsights_sitenote_category":0},"product_brand":[],"product_cat":[12274,12284],"product_tag":[],"class_list":{"0":"post-762390","1":"product","2":"type-product","3":"status-publish","5":"product_cat-cocuk-ve-genclik-kitaplari","6":"product_cat-hikayeler","7":"pa_cilt-ciltsiz","8":"pa_tur-kitap","9":"pa_yayinevi-genc-timas","10":"pa_yazar-chiara-lorenzi","12":"first","13":"instock","14":"sale","15":"shipping-taxable","16":"purchasable","17":"product-type-simple"},"_links":{"self":[{"href":"https:\/\/roveyayinevi.com.tr\/index.php\/wp-json\/wp\/v2\/product\/762390","targetHints":{"allow":["GET"]}}],"collection":[{"href":"https:\/\/roveyayinevi.com.tr\/index.php\/wp-json\/wp\/v2\/product"}],"about":[{"href":"https:\/\/roveyayinevi.com.tr\/index.php\/wp-json\/wp\/v2\/types\/product"}],"wp:attachment":[{"href":"https:\/\/roveyayinevi.com.tr\/index.php\/wp-json\/wp\/v2\/media?parent=762390"}],"wp:term":[{"taxonomy":"product_brand","embeddable":true,"href":"https:\/\/roveyayinevi.com.tr\/index.php\/wp-json\/wp\/v2\/product_brand?post=762390"},{"taxonomy":"product_cat","embeddable":true,"href":"https:\/\/roveyayinevi.com.tr\/index.php\/wp-json\/wp\/v2\/product_cat?post=762390"},{"taxonomy":"product_tag","embeddable":true,"href":"https:\/\/roveyayinevi.com.tr\/index.php\/wp-json\/wp\/v2\/product_tag?post=762390"}],"curies":[{"name":"wp","href":"https:\/\/api.w.org\/{rel}","templated":true}]}}