{"id":762389,"date":"2025-08-28T10:07:18","date_gmt":"2025-08-28T07:07:18","guid":{"rendered":"https:\/\/roveyayinevi.com.tr\/index.php\/urun\/bi-dunya-gizem-dunyanin-gizemli-tarihi\/"},"modified":"2026-04-15T03:27:36","modified_gmt":"2026-04-15T00:27:36","slug":"bi-dunya-gizem-dunyanin-gizemli-tarihi","status":"publish","type":"product","link":"https:\/\/roveyayinevi.com.tr\/index.php\/urun\/bi-dunya-gizem-dunyanin-gizemli-tarihi\/","title":{"rendered":"Bi&#8217; D\u00fcnya Gizem! &#8211; D\u00fcnyan\u0131n Gizemli Tarihi"},"content":{"rendered":"<p>Gizemli dolu bir d\u00fcnya seyahatine \u00e7\u0131kmaya haz\u0131r m\u0131s\u0131n? Elindeki kitap hen\u00fcz s\u0131rr\u0131 \u00e7\u00f6z\u00fclememi\u015f onlarca olay, yap\u0131 ve d\u00f6neme do\u011fru yolculu\u011fa \u00e7\u0131kart\u0131yor. G\u00f6beklitepe\u2019den M\u0131s\u0131r piramitlerine, Kleaopatra\u2019n\u0131n kay\u0131p mezar\u0131ndan Ayasofya\u2019n\u0131n alt\u0131ndaki t\u00fcnel efsanesine, me\u015fhur Tarsus kaz\u0131s\u0131ndan Kapadokya\u2019n\u0131n alt\u0131ndaki s\u0131r dolu \u015fehirlere kadar onlarca gizemli olay\u0131n i\u00e7ine bal\u0131klama dalacaks\u0131n. Bu yolculuk s\u0131ras\u0131nda heyecan, aksiyon, gerilim ve e\u011flence bir arada olacak. Haydi, acele et; gizemli d\u00fcnya seyahati i\u00e7in b\u00fct\u00fcn haz\u0131rl\u0131klar tamam!<\/p>\n","protected":false},"excerpt":{"rendered":"<p>Gizemli dolu bir d\u00fcnya seyahatine \u00e7\u0131kmaya haz\u0131r m\u0131s\u0131n? Elindeki kitap hen\u00fcz s\u0131rr\u0131 \u00e7\u00f6z\u00fclememi\u015f onlarca olay, yap\u0131 ve d\u00f6neme do\u011fru yolculu\u011fa \u00e7\u0131kart\u0131yor. G\u00f6beklitepe\u2019den M\u0131s\u0131r piramitlerine, Kleaopatra\u2019n\u0131n kay\u0131p<span class=\"excerpt-hellip\"> [\u2026]<\/span><\/p>\n","protected":false},"featured_media":0,"template":"","meta":{"_monsterinsights_skip_tracking":false,"_monsterinsights_sitenote_active":false,"_monsterinsights_sitenote_note":"","_monsterinsights_sitenote_category":0},"product_brand":[],"product_cat":[12274,15842],"product_tag":[],"class_list":{"0":"post-762389","1":"product","2":"type-product","3":"status-publish","5":"product_cat-cocuk-ve-genclik-kitaplari","6":"product_cat-egitici-kitaplar","7":"pa_cilt-ciltsiz","8":"pa_tur-kitap","9":"pa_yayinevi-eglenceli-bilgi-yayinlari","10":"pa_yazar-nurlan-nazli-kaya","12":"first","13":"instock","14":"sale","15":"shipping-taxable","16":"purchasable","17":"product-type-simple"},"_links":{"self":[{"href":"https:\/\/roveyayinevi.com.tr\/index.php\/wp-json\/wp\/v2\/product\/762389","targetHints":{"allow":["GET"]}}],"collection":[{"href":"https:\/\/roveyayinevi.com.tr\/index.php\/wp-json\/wp\/v2\/product"}],"about":[{"href":"https:\/\/roveyayinevi.com.tr\/index.php\/wp-json\/wp\/v2\/types\/product"}],"wp:attachment":[{"href":"https:\/\/roveyayinevi.com.tr\/index.php\/wp-json\/wp\/v2\/media?parent=762389"}],"wp:term":[{"taxonomy":"product_brand","embeddable":true,"href":"https:\/\/roveyayinevi.com.tr\/index.php\/wp-json\/wp\/v2\/product_brand?post=762389"},{"taxonomy":"product_cat","embeddable":true,"href":"https:\/\/roveyayinevi.com.tr\/index.php\/wp-json\/wp\/v2\/product_cat?post=762389"},{"taxonomy":"product_tag","embeddable":true,"href":"https:\/\/roveyayinevi.com.tr\/index.php\/wp-json\/wp\/v2\/product_tag?post=762389"}],"curies":[{"name":"wp","href":"https:\/\/api.w.org\/{rel}","templated":true}]}}