{"id":762387,"date":"2025-08-28T10:07:14","date_gmt":"2025-08-28T07:07:14","guid":{"rendered":"https:\/\/roveyayinevi.com.tr\/index.php\/urun\/tasavvufun-zaferleri\/"},"modified":"2026-04-15T03:27:36","modified_gmt":"2026-04-15T00:27:36","slug":"tasavvufun-zaferleri","status":"publish","type":"product","link":"https:\/\/roveyayinevi.com.tr\/index.php\/urun\/tasavvufun-zaferleri\/","title":{"rendered":"Tasavvufun Zaferleri"},"content":{"rendered":"<p>Yasemin \u00c7i\u00e7ek taraf\u0131ndan yay\u0131na haz\u0131rlanan bu eser, D\u00e2r\u00fc\u2019l-Hikmeti\u2019l-\u0130sl\u00e2miyye azal\u0131\u011f\u0131nda bulunan \u0130zmirli \u0130smail Hakk\u0131 ile Tetk\u00eek-i Mes\u00e2hif-i \u015eer\u00eefe ve M\u00fcellef\u00e2t-\u0131 \u015eer\u2018iyye Heyeti riyasetindeki \u015eeyh Safvet&#8217;in ahlak ve tasavvuf kitaplar\u0131ndaki hadislerin s\u0131hhati konusunda aralar\u0131nda ge\u00e7en ilmi tart\u0131\u015fmalar\u0131n bir neticesidir.1920 y\u0131l\u0131nda ba\u015flay\u0131p 1925\u2019te sona ermi\u015f olan bu m\u00fcnazara; modernle\u015fme ile birlikte mevcut din anlay\u0131\u015f\u0131n\u0131n d\u00f6n\u00fc\u015ft\u00fcr\u00fclmesinin zorunlu oldu\u011fu fikrinin devam etti\u011fi \u015fartlarda, iki m\u00fchim ve etkili \u00e2limin tasavvuf literat\u00fcr\u00fcn\u00fc kendi cephelerinden de\u011ferlendirmeleri \u00fczerinedir.Tart\u0131\u015fmalarda \u0130zmirli \u0130smail Hakk\u0131 ba\u015fta felsefe ve kelam olmakla birlikte bir\u00e7ok ilim dal\u0131nda yetkin bir Dar\u00fclf\u00fcnun hocas\u0131 kimli\u011fi ile mutasavv\u0131flar ve tasavvuf kitaplar\u0131yla ilgili tenkitlerini ileri s\u00fcrm\u00fc\u015ft\u00fcr. \u015eeyh Safvet Efendi ise Ezher\u2019de e\u011fitim alm\u0131\u015f tarikat \u015feyhli\u011fi ve bir\u00e7ok ilm\u00ee heyette idar\u00ee g\u00f6revleri olan bir \u00e2lim kimli\u011finin yan\u0131 s\u0131ra mebusluk yapm\u0131\u015f siyas\u00ee bir \u015fahsiyettir. \u0130slam d\u00fcnyas\u0131n\u0131n modernle\u015fme s\u00fcrecinde ortaya \u00e7\u0131kan meselelerinden biri olan ahlak ve tasavvuf kitaplar\u0131ndaki hadislerle ilgili tenkitleri cevaplam\u0131\u015f, iddalar\u0131n\u0131 savunmu\u015f ve itirazlar\u0131n\u0131 dile getirmi\u015ftir.&#8221;Tasavvuf daima muzafferdir.&#8221; d\u00fcsturuyla yola \u00e7\u0131kan bu eserde, hadis, f\u0131k\u0131h ve usul gibi temel \u0130slami ilimlere dair g\u00fcn\u00fcm\u00fczde de tart\u0131\u015f\u0131lan pek \u00e7ok hususa Osmanl\u0131 T\u00fcrk\u00e7esinin selis \u00fcslubuyla cevaplar bulacaks\u0131n\u0131z.<\/p>\n","protected":false},"excerpt":{"rendered":"<p>Yasemin \u00c7i\u00e7ek taraf\u0131ndan yay\u0131na haz\u0131rlanan bu eser, D\u00e2r\u00fc\u2019l-Hikmeti\u2019l-\u0130sl\u00e2miyye azal\u0131\u011f\u0131nda bulunan \u0130zmirli \u0130smail Hakk\u0131 ile Tetk\u00eek-i Mes\u00e2hif-i \u015eer\u00eefe ve M\u00fcellef\u00e2t-\u0131 \u015eer\u2018iyye Heyeti riyasetindeki \u015eeyh Safvet&#8217;in ahlak ve<span class=\"excerpt-hellip\"> [\u2026]<\/span><\/p>\n","protected":false},"featured_media":0,"template":"","meta":{"_monsterinsights_skip_tracking":false,"_monsterinsights_sitenote_active":false,"_monsterinsights_sitenote_note":"","_monsterinsights_sitenote_category":0},"product_brand":[],"product_cat":[12718,12719,15238],"product_tag":[],"class_list":{"0":"post-762387","1":"product","2":"type-product","3":"status-publish","5":"product_cat-din","6":"product_cat-islam","7":"product_cat-tasavvuf","8":"pa_cilt-ciltsiz","9":"pa_tur-kitap","10":"pa_yayinevi-sufi-kitap","11":"pa_yazar-seyh-safvet-yetkin","13":"first","14":"instock","15":"sale","16":"shipping-taxable","17":"purchasable","18":"product-type-simple"},"_links":{"self":[{"href":"https:\/\/roveyayinevi.com.tr\/index.php\/wp-json\/wp\/v2\/product\/762387","targetHints":{"allow":["GET"]}}],"collection":[{"href":"https:\/\/roveyayinevi.com.tr\/index.php\/wp-json\/wp\/v2\/product"}],"about":[{"href":"https:\/\/roveyayinevi.com.tr\/index.php\/wp-json\/wp\/v2\/types\/product"}],"wp:attachment":[{"href":"https:\/\/roveyayinevi.com.tr\/index.php\/wp-json\/wp\/v2\/media?parent=762387"}],"wp:term":[{"taxonomy":"product_brand","embeddable":true,"href":"https:\/\/roveyayinevi.com.tr\/index.php\/wp-json\/wp\/v2\/product_brand?post=762387"},{"taxonomy":"product_cat","embeddable":true,"href":"https:\/\/roveyayinevi.com.tr\/index.php\/wp-json\/wp\/v2\/product_cat?post=762387"},{"taxonomy":"product_tag","embeddable":true,"href":"https:\/\/roveyayinevi.com.tr\/index.php\/wp-json\/wp\/v2\/product_tag?post=762387"}],"curies":[{"name":"wp","href":"https:\/\/api.w.org\/{rel}","templated":true}]}}