{"id":762382,"date":"2025-08-28T10:07:01","date_gmt":"2025-08-28T07:07:01","guid":{"rendered":"https:\/\/roveyayinevi.com.tr\/index.php\/urun\/dijital-cagin-karanlik-yuzu-teknoloji-siyaset-ve-guvenlikte-dezenformasyon\/"},"modified":"2025-09-15T16:39:15","modified_gmt":"2025-09-15T13:39:15","slug":"dijital-cagin-karanlik-yuzu-teknoloji-siyaset-ve-guvenlikte-dezenformasyon","status":"publish","type":"product","link":"https:\/\/roveyayinevi.com.tr\/index.php\/urun\/dijital-cagin-karanlik-yuzu-teknoloji-siyaset-ve-guvenlikte-dezenformasyon\/","title":{"rendered":"Dijital \u00c7a\u011f\u0131n Karanl\u0131k Y\u00fcz\u00fc Teknoloji, Siyaset ve G\u00fcvenlikte Dezenformasyon"},"content":{"rendered":"<p>1. B\u00d6L\u00dcM: DEZENFORMASYON KAVRAMINA GENEL B\u0130R BAKI\u015e   2. B\u00d6L\u00dcM: S\u0130YASAL ALANDA D\u0130J\u0130TAL DEZENFORMASYONUN ROL\u00dc VE ETK\u0130LER\u0130   3. B\u00d6L\u00dcM: TEKNOLOJ\u0130N\u0130N ROL\u00dc: SOSYAL MEDYA VE ALGOR\u0130TMALAR   4. B\u00d6L\u00dcM: D\u0130J\u0130TAL DEZENFORMASYON VE HALKLA \u0130L\u0130\u015eK\u0130LER: ULUSLARARASI PERSPEKT\u0130FTEN STRATEJ\u0130K M\u00dcDAHALELER   5. B\u00d6L\u00dcM: D\u0130J\u0130TAL DEZENFORMASYON, RAD\u0130KALLE\u015eME VE TER\u00d6R\u0130ZM: BBC \u00d6RNE\u011e\u0130   6. B\u00d6L\u00dcM: KR\u0130Z VE AFET DURUMLARINDA DEZENFORMASYONLA M\u00dcCADELE STRATEJ\u0130LER\u0130   7. B\u00d6L\u00dcM: D\u0130J\u0130TAL VATANDA\u015eLIK VE MEDYA OKURYAZARLI\u011eI: D\u0130J\u0130TAL D\u00dcNYADA G\u00dcVENDE KALMAK   8. B\u00d6L\u00dcM: HABER MEDYASI VE DEZENFORMASYON   9. B\u00d6L\u00dcM: D\u0130J\u0130TAL DEZENFORMASYONA HUKUK\u0130 B\u0130R \u00c7ER\u00c7EVEDEN BAKMAK   10. B\u00d6L\u00dcM: YAPAY ZEK\u00c2 KULLANILARAK DEZENFORMASYONUN TESP\u0130T ED\u0130LMES\u0130 VE \u00d6NLENMES\u0130   11. B\u00d6L\u00dcM: GELECE\u011eE BAKI\u015e: DEZENFORMASYONUN D\u00d6N\u00dc\u015e\u00dcM\u00dc VE YEN\u0130 ZORLUKLAR <\/p>\n","protected":false},"excerpt":{"rendered":"<p>1. B\u00d6L\u00dcM: DEZENFORMASYON KAVRAMINA GENEL B\u0130R BAKI\u015e 2. B\u00d6L\u00dcM: S\u0130YASAL ALANDA D\u0130J\u0130TAL DEZENFORMASYONUN ROL\u00dc VE ETK\u0130LER\u0130 3. B\u00d6L\u00dcM: TEKNOLOJ\u0130N\u0130N ROL\u00dc: SOSYAL MEDYA VE ALGOR\u0130TMALAR 4. B\u00d6L\u00dcM:<span class=\"excerpt-hellip\"> [\u2026]<\/span><\/p>\n","protected":false},"featured_media":0,"template":"","meta":{"_monsterinsights_skip_tracking":false,"_monsterinsights_sitenote_active":false,"_monsterinsights_sitenote_note":"","_monsterinsights_sitenote_category":0},"product_brand":[],"product_cat":[12573,12566],"product_tag":[],"class_list":{"0":"post-762382","1":"product","2":"type-product","3":"status-publish","5":"product_cat-akademik-kitaplar","6":"product_cat-egitim","7":"pa_cilt-ciltsiz","8":"pa_tur-kitap","9":"pa_yayinevi-gazi-kitabevi","10":"pa_yazar-kolektif","12":"first","13":"instock","14":"sale","15":"shipping-taxable","16":"purchasable","17":"product-type-simple"},"_links":{"self":[{"href":"https:\/\/roveyayinevi.com.tr\/index.php\/wp-json\/wp\/v2\/product\/762382","targetHints":{"allow":["GET"]}}],"collection":[{"href":"https:\/\/roveyayinevi.com.tr\/index.php\/wp-json\/wp\/v2\/product"}],"about":[{"href":"https:\/\/roveyayinevi.com.tr\/index.php\/wp-json\/wp\/v2\/types\/product"}],"wp:attachment":[{"href":"https:\/\/roveyayinevi.com.tr\/index.php\/wp-json\/wp\/v2\/media?parent=762382"}],"wp:term":[{"taxonomy":"product_brand","embeddable":true,"href":"https:\/\/roveyayinevi.com.tr\/index.php\/wp-json\/wp\/v2\/product_brand?post=762382"},{"taxonomy":"product_cat","embeddable":true,"href":"https:\/\/roveyayinevi.com.tr\/index.php\/wp-json\/wp\/v2\/product_cat?post=762382"},{"taxonomy":"product_tag","embeddable":true,"href":"https:\/\/roveyayinevi.com.tr\/index.php\/wp-json\/wp\/v2\/product_tag?post=762382"}],"curies":[{"name":"wp","href":"https:\/\/api.w.org\/{rel}","templated":true}]}}