{"id":762380,"date":"2025-08-28T10:06:57","date_gmt":"2025-08-28T07:06:57","guid":{"rendered":"https:\/\/roveyayinevi.com.tr\/index.php\/urun\/gokturkler\/"},"modified":"2026-04-15T03:27:35","modified_gmt":"2026-04-15T00:27:35","slug":"gokturkler","status":"publish","type":"product","link":"https:\/\/roveyayinevi.com.tr\/index.php\/urun\/gokturkler\/","title":{"rendered":"G\u00f6kt\u00fcrkler"},"content":{"rendered":"<p>Zengin yahut fakir, geli\u015fmi\u015f yahut geri kalm\u0131\u015f her milletin en \u00f6nemli zenginli\u011fi insan kayna\u011f\u0131d\u0131r. Bu kayna\u011f\u0131n s\u00fcreklili\u011fini sa\u011flayan ise \u00e7ocuklar ve gen\u00e7lerdir. Dolay\u0131s\u0131yla yeni nesillerin gerek fiziksel gerekse ruhsal geli\u015fimlerini sa\u011flamak amac\u0131yla yap\u0131lan \u00e7al\u0131\u015fmalar\u0131n, verilen emeklerin, harcanan enerjilerin kutsal bir y\u00f6n\u00fc vard\u0131r. \u00dclkemizde son y\u0131llarda \u00e7ocuklar i\u00e7in haz\u0131rlanm\u0131\u015f nitelikli ve ilgi \u00e7ekici yay\u0131nlar pe\u015f pe\u015fe ne\u015fredilmektedir. Bu yay\u0131nlardan biri de G\u00f6kt\u00fcrk Kitabeleri\u2019ni zihinlere nak\u015fetme g\u00fcc\u00fc olduk\u00e7a y\u00fcksek olan elinizdeki romand\u0131r. Milletimizin evlatlar\u0131n\u0131, bug\u00fcne kadar ke\u015ffedilebilmi\u015f olan en eski T\u00fcrk metinleri ve T\u00fcrk tarihinin alt\u0131n \u00e7a\u011flar\u0131ndan birini te\u015fkil eden G\u00f6kt\u00fcrk Ka\u011fanl\u0131\u011f\u0131 ile tan\u0131\u015ft\u0131racak olan bu eser; \u00f6zg\u00fcn kurgusu ve s\u00fcr\u00fckleyici anlat\u0131m\u0131 ile elden ele dola\u015facak bir hazinedir. \u0130lkokul son s\u0131n\u0131f ve ortaokul \u00f6\u011frencilerini kendine hedef kitle olarak belirleyen Sinan Ate\u015f\u2019in bu eserini b\u00fcy\u00fcklerin de soluksuz bir \u015fekilde okuyaca\u011f\u0131n\u0131 belirtmek gerekir. Fatih KESK\u0130N<\/p>\n","protected":false},"excerpt":{"rendered":"<p>Zengin yahut fakir, geli\u015fmi\u015f yahut geri kalm\u0131\u015f her milletin en \u00f6nemli zenginli\u011fi insan kayna\u011f\u0131d\u0131r. Bu kayna\u011f\u0131n s\u00fcreklili\u011fini sa\u011flayan ise \u00e7ocuklar ve gen\u00e7lerdir. Dolay\u0131s\u0131yla yeni nesillerin gerek<span class=\"excerpt-hellip\"> [\u2026]<\/span><\/p>\n","protected":false},"featured_media":0,"template":"","meta":{"_monsterinsights_skip_tracking":false,"_monsterinsights_sitenote_active":false,"_monsterinsights_sitenote_note":"","_monsterinsights_sitenote_category":0},"product_brand":[],"product_cat":[12274,12284],"product_tag":[],"class_list":{"0":"post-762380","1":"product","2":"type-product","3":"status-publish","5":"product_cat-cocuk-ve-genclik-kitaplari","6":"product_cat-hikayeler","7":"pa_cilt-ciltsiz","8":"pa_tur-kitap","9":"pa_yayinevi-30-aralik-yayinlari","10":"pa_yazar-sinan-ates","12":"first","13":"instock","14":"sale","15":"shipping-taxable","16":"purchasable","17":"product-type-simple"},"_links":{"self":[{"href":"https:\/\/roveyayinevi.com.tr\/index.php\/wp-json\/wp\/v2\/product\/762380","targetHints":{"allow":["GET"]}}],"collection":[{"href":"https:\/\/roveyayinevi.com.tr\/index.php\/wp-json\/wp\/v2\/product"}],"about":[{"href":"https:\/\/roveyayinevi.com.tr\/index.php\/wp-json\/wp\/v2\/types\/product"}],"wp:attachment":[{"href":"https:\/\/roveyayinevi.com.tr\/index.php\/wp-json\/wp\/v2\/media?parent=762380"}],"wp:term":[{"taxonomy":"product_brand","embeddable":true,"href":"https:\/\/roveyayinevi.com.tr\/index.php\/wp-json\/wp\/v2\/product_brand?post=762380"},{"taxonomy":"product_cat","embeddable":true,"href":"https:\/\/roveyayinevi.com.tr\/index.php\/wp-json\/wp\/v2\/product_cat?post=762380"},{"taxonomy":"product_tag","embeddable":true,"href":"https:\/\/roveyayinevi.com.tr\/index.php\/wp-json\/wp\/v2\/product_tag?post=762380"}],"curies":[{"name":"wp","href":"https:\/\/api.w.org\/{rel}","templated":true}]}}