{"id":762378,"date":"2025-08-28T10:06:54","date_gmt":"2025-08-28T07:06:54","guid":{"rendered":"https:\/\/roveyayinevi.com.tr\/index.php\/urun\/farkindalikli-beden\/"},"modified":"2026-04-03T03:19:50","modified_gmt":"2026-04-03T00:19:50","slug":"farkindalikli-beden","status":"publish","type":"product","link":"https:\/\/roveyayinevi.com.tr\/index.php\/urun\/farkindalikli-beden\/","title":{"rendered":"Fark\u0131ndal\u0131kl\u0131 Beden"},"content":{"rendered":"<p>Bir karar verip harekete ge\u00e7ti\u011finizde her \u015fey de\u011fi\u015fir! Konu sa\u011fl\u0131\u011f\u0131n\u0131z oldu\u011funda (tutulmu\u015f dizleriniz, y\u0131pranm\u0131\u015f sinirleriniz, azalan g\u00f6rme yetiniz vb.) hayat\u0131n\u0131z\u0131 daha da k\u00f6t\u00fcye gidebilirmi\u015f gibi ya\u015fama e\u011filiminde olabilirsiniz.   Fark\u0131ndal\u0131kl\u0131 Beden bu olumsuz bak\u0131\u015f a\u00e7\u0131s\u0131n\u0131n ne kadar yanl\u0131\u015f oldu\u011funu a\u00e7\u0131kl\u0131yor ve kendinizi ge\u00e7mi\u015f deneyimlerle ya da geleneksel ak\u0131lla s\u0131n\u0131rlamad\u0131\u011f\u0131n\u0131zda d\u00fc\u015f\u00fcncelerinizin bedenlerinizi nas\u0131l derinden \u015fekillendirme potansiyaline sahip oldu\u011funu ortaya koyuyor.   Psikolojide \u00e7\u0131\u011f\u0131r a\u00e7an deneyleriyle \u201cFark\u0131ndal\u0131\u011f\u0131n Anas\u0131\u201d olarak an\u0131lan, 21. y\u00fczy\u0131l\u0131n \u00f6nde gelen sosyal psikologlar\u0131ndan Ellen J. Langer\u2019\u0131n bu kitab\u0131n\u0131 okurken zihin-beden b\u00fct\u00fcnl\u00fc\u011f\u00fcn\u00fc sa\u011flaman\u0131n \u00f6nemini kavrayacak ve ger\u00e7ek bir sa\u011fl\u0131k anlay\u0131\u015f\u0131 benimseyeceksiniz.     \u201cFark\u0131ndal\u0131kl\u0131 Beden, insan sa\u011fl\u0131\u011f\u0131 i\u00e7in derin anlamlar ve etkiler i\u00e7eren ola\u011fanu\u0308stu\u0308 bir bilim ve ilim eseridir. Ellen J. Langer\u2019\u0131n \u00f6ncu\u0308 ara\u015ft\u0131rmas\u0131, du\u0308\u015fu\u0308ncelerimizin ve alg\u0131lar\u0131m\u0131z\u0131n fiziksel sa\u011fl\u0131\u011f\u0131m\u0131z\u0131 gen\u00e7le\u015ftirebilece\u011fini, zihinsel enerjimizi yenileyebilece\u011fini ve ya\u015fam\u0131n olanaklar\u0131na dair anlay\u0131\u015f\u0131m\u0131z\u0131 geri getirebilece\u011fini g\u00f6steriyor. Bu kitap tam kapasite potansiyelimizi ortaya \u00e7\u0131karman\u0131n nihai anahtar\u0131n\u0131 sunuyor.\u201d \u2014Daniel H. Pink, New York Times \u00e7oksatan yazar\u0131<\/p>\n","protected":false},"excerpt":{"rendered":"<p>Bir karar verip harekete ge\u00e7ti\u011finizde her \u015fey de\u011fi\u015fir! Konu sa\u011fl\u0131\u011f\u0131n\u0131z oldu\u011funda (tutulmu\u015f dizleriniz, y\u0131pranm\u0131\u015f sinirleriniz, azalan g\u00f6rme yetiniz vb.) hayat\u0131n\u0131z\u0131 daha da k\u00f6t\u00fcye gidebilirmi\u015f gibi ya\u015fama<span class=\"excerpt-hellip\"> [\u2026]<\/span><\/p>\n","protected":false},"featured_media":0,"template":"","meta":{"_monsterinsights_skip_tracking":false,"_monsterinsights_sitenote_active":false,"_monsterinsights_sitenote_note":"","_monsterinsights_sitenote_category":0},"product_brand":[],"product_cat":[12364,12376],"product_tag":[],"class_list":{"0":"post-762378","1":"product","2":"type-product","3":"status-publish","5":"product_cat-genel-konular","6":"product_cat-kisisel-gelisim","7":"pa_cilt-ciltsiz","8":"pa_tur-kitap","9":"pa_yayinevi-serenad-yayinevi","10":"pa_yazar-ellen-j-langer","12":"first","13":"instock","14":"sale","15":"shipping-taxable","16":"purchasable","17":"product-type-simple"},"_links":{"self":[{"href":"https:\/\/roveyayinevi.com.tr\/index.php\/wp-json\/wp\/v2\/product\/762378","targetHints":{"allow":["GET"]}}],"collection":[{"href":"https:\/\/roveyayinevi.com.tr\/index.php\/wp-json\/wp\/v2\/product"}],"about":[{"href":"https:\/\/roveyayinevi.com.tr\/index.php\/wp-json\/wp\/v2\/types\/product"}],"wp:attachment":[{"href":"https:\/\/roveyayinevi.com.tr\/index.php\/wp-json\/wp\/v2\/media?parent=762378"}],"wp:term":[{"taxonomy":"product_brand","embeddable":true,"href":"https:\/\/roveyayinevi.com.tr\/index.php\/wp-json\/wp\/v2\/product_brand?post=762378"},{"taxonomy":"product_cat","embeddable":true,"href":"https:\/\/roveyayinevi.com.tr\/index.php\/wp-json\/wp\/v2\/product_cat?post=762378"},{"taxonomy":"product_tag","embeddable":true,"href":"https:\/\/roveyayinevi.com.tr\/index.php\/wp-json\/wp\/v2\/product_tag?post=762378"}],"curies":[{"name":"wp","href":"https:\/\/api.w.org\/{rel}","templated":true}]}}