{"id":762370,"date":"2025-08-28T10:06:38","date_gmt":"2025-08-28T07:06:38","guid":{"rendered":"https:\/\/roveyayinevi.com.tr\/index.php\/urun\/gonul-teline-dokunmak\/"},"modified":"2026-04-15T03:27:17","modified_gmt":"2026-04-15T00:27:17","slug":"gonul-teline-dokunmak","status":"publish","type":"product","link":"https:\/\/roveyayinevi.com.tr\/index.php\/urun\/gonul-teline-dokunmak\/","title":{"rendered":"G\u00f6n\u00fcl Teline Dokunmak"},"content":{"rendered":"<p>TAR\u0130FS\u0130Z DUYGULAR   Ne zaman bir keman sesi duysam \u0130\u00e7imde aniden bir \u015feyler uyan\u0131r \u00d6nce burnumun dire\u011fi s\u0131zlar Duygular\u0131m haddini a\u015far Sonra g\u00f6zlerimin p\u0131nar\u0131 ta\u015far Sol g\u00f6z\u00fcm sad\u0131k, i\u00e7ime akar Sa\u011f g\u00f6z\u00fcm ars\u0131z, d\u0131\u015far\u0131 ta\u015far G\u00f6n\u00fcl telimi titreten her tezene Ta i\u00e7 \u00e2lemlere g\u00f6t\u00fcr\u00fcr beni Ge\u00e7mi\u015fin karanl\u0131k dehlizlerine Ne \u00e7ok birikmi\u015f \u00e7\u00f6pler varm\u0131\u015f Kokmu\u015f, ta\u015fm\u0131\u015f kab\u0131ndan \u0130fadesiz, tatminsiz duygular Gereksiz bo\u015f alg\u0131lar, salg\u0131lar G\u00f6zler yalan s\u00f6ylemez derler ya G\u00f6zlerim haber verir sessizce \u0130\u00e7imin i\u00e7li tarifsiz yaln\u0131zl\u0131\u011f\u0131n\u0131 \u0130\u00e7imde i\u00e7ten kaynayan bir tand\u0131r Volkan gibi haz\u0131r ta\u015fmaya Sol g\u00f6z\u00fcm sad\u0131k, i\u00e7ime akar Sa\u011f g\u00f6z\u00fcm ars\u0131z, d\u0131\u015far\u0131 ta\u015far <\/p>\n","protected":false},"excerpt":{"rendered":"<p>TAR\u0130FS\u0130Z DUYGULAR Ne zaman bir keman sesi duysam \u0130\u00e7imde aniden bir \u015feyler uyan\u0131r \u00d6nce burnumun dire\u011fi s\u0131zlar Duygular\u0131m haddini a\u015far Sonra g\u00f6zlerimin p\u0131nar\u0131 ta\u015far Sol g\u00f6z\u00fcm<span class=\"excerpt-hellip\"> [\u2026]<\/span><\/p>\n","protected":false},"featured_media":0,"template":"","meta":{"_monsterinsights_skip_tracking":false,"_monsterinsights_sitenote_active":false,"_monsterinsights_sitenote_note":"","_monsterinsights_sitenote_category":0},"product_brand":[],"product_cat":[12291,12509],"product_tag":[],"class_list":{"0":"post-762370","1":"product","2":"type-product","3":"status-publish","5":"product_cat-edebiyat","6":"product_cat-siir","7":"pa_cilt-ciltsiz","8":"pa_tur-kitap","9":"pa_yayinevi-gulnar-yayinlari","10":"pa_yazar-huseyin-tasova","12":"first","13":"instock","14":"sale","15":"shipping-taxable","16":"purchasable","17":"product-type-simple"},"_links":{"self":[{"href":"https:\/\/roveyayinevi.com.tr\/index.php\/wp-json\/wp\/v2\/product\/762370","targetHints":{"allow":["GET"]}}],"collection":[{"href":"https:\/\/roveyayinevi.com.tr\/index.php\/wp-json\/wp\/v2\/product"}],"about":[{"href":"https:\/\/roveyayinevi.com.tr\/index.php\/wp-json\/wp\/v2\/types\/product"}],"wp:attachment":[{"href":"https:\/\/roveyayinevi.com.tr\/index.php\/wp-json\/wp\/v2\/media?parent=762370"}],"wp:term":[{"taxonomy":"product_brand","embeddable":true,"href":"https:\/\/roveyayinevi.com.tr\/index.php\/wp-json\/wp\/v2\/product_brand?post=762370"},{"taxonomy":"product_cat","embeddable":true,"href":"https:\/\/roveyayinevi.com.tr\/index.php\/wp-json\/wp\/v2\/product_cat?post=762370"},{"taxonomy":"product_tag","embeddable":true,"href":"https:\/\/roveyayinevi.com.tr\/index.php\/wp-json\/wp\/v2\/product_tag?post=762370"}],"curies":[{"name":"wp","href":"https:\/\/api.w.org\/{rel}","templated":true}]}}