{"id":762369,"date":"2025-08-28T10:06:36","date_gmt":"2025-08-28T07:06:36","guid":{"rendered":"https:\/\/roveyayinevi.com.tr\/index.php\/urun\/kitle-iletisim-kuramlari-4\/"},"modified":"2026-04-15T03:27:17","modified_gmt":"2026-04-15T00:27:17","slug":"kitle-iletisim-kuramlari-4","status":"publish","type":"product","link":"https:\/\/roveyayinevi.com.tr\/index.php\/urun\/kitle-iletisim-kuramlari-4\/","title":{"rendered":"Kitle \u0130leti\u015fim Kuramlar\u0131"},"content":{"rendered":"<p>Louisiana Eyalet \u00dcniversitesinden emekli olan Profes\u00f6r Margaret H. DeFleur ve ayn\u0131 \u00fcniversitede profes\u00f6r unvan\u0131yla g\u00f6rev yapan Melvin L. DeFleur, ders kitab\u0131 niteli\u011findeki bu eserlerinde kitle ileti\u015fim kuramlar\u0131 hakk\u0131nda kapsaml\u0131 bir bak\u0131\u015f a\u00e7\u0131s\u0131 sunuyor. Bu teorilerin \u00e7\u0131k\u0131\u015f noktalar\u0131 ve geli\u015fimini inceleyen eser, sosyal bilimler alan\u0131nda b\u00fcy\u00fck bir bo\u015flu\u011fu doldurmaktad\u0131r. Kitab\u0131n her bir bo\u0308lu\u0308mu\u0308; temel terimleri, bu alanda yap\u0131lm\u0131\u015f bilimsel \u00e7al\u0131\u015fmalar\u0131 ve analizleri ihtiva etmektedir. Ayr\u0131ca inceledi\u011fi teorileri birbirine ba\u011fl\u0131 be\u015f veya alt\u0131 temel \u00f6nermeye b\u00f6lerek \u00f6\u011frenciler i\u00e7in kolayca kavranabilir h\u00e2le getirmektedir. Eser, sunulan teorilerin kapsam\u0131n\u0131 geni\u015fletmekle kalmaz, ayn\u0131 zamanda g\u00fcncel ara\u015ft\u0131rmalar\u0131; i\u015fleme teorisi, sessizlik sarmal\u0131 ve \u00e7er\u00e7eveleme gibi teorilerin geni\u015fletilmi\u015f de\u011ferlendirmelerini; \u00e7a\u011fda\u015f ve sosyal medya \u00f6rneklerini; b\u00f6l\u00fcm tart\u0131\u015fma sorular\u0131n\u0131; bilgilendirici \u00e7izelgeleri ve \u015fekilleri bar\u0131nd\u0131rmaktad\u0131r<\/p>\n","protected":false},"excerpt":{"rendered":"<p>Louisiana Eyalet \u00dcniversitesinden emekli olan Profes\u00f6r Margaret H. DeFleur ve ayn\u0131 \u00fcniversitede profes\u00f6r unvan\u0131yla g\u00f6rev yapan Melvin L. DeFleur, ders kitab\u0131 niteli\u011findeki bu eserlerinde kitle ileti\u015fim<span class=\"excerpt-hellip\"> [\u2026]<\/span><\/p>\n","protected":false},"featured_media":0,"template":"","meta":{"_monsterinsights_skip_tracking":false,"_monsterinsights_sitenote_active":false,"_monsterinsights_sitenote_note":"","_monsterinsights_sitenote_category":0},"product_brand":[],"product_cat":[15983,13488],"product_tag":[],"class_list":{"0":"post-762369","1":"product","2":"type-product","3":"status-publish","5":"product_cat-iletisim-ve-medya","6":"product_cat-toplum-ve-insan","7":"pa_cilt-ciltsiz","8":"pa_tur-kitap","9":"pa_yayinevi-anadolu-ajansi-yayinevi","10":"pa_yazar-melvin-l-defleur-maegeret-h-defleur","12":"first","13":"instock","14":"sale","15":"shipping-taxable","16":"purchasable","17":"product-type-simple"},"_links":{"self":[{"href":"https:\/\/roveyayinevi.com.tr\/index.php\/wp-json\/wp\/v2\/product\/762369","targetHints":{"allow":["GET"]}}],"collection":[{"href":"https:\/\/roveyayinevi.com.tr\/index.php\/wp-json\/wp\/v2\/product"}],"about":[{"href":"https:\/\/roveyayinevi.com.tr\/index.php\/wp-json\/wp\/v2\/types\/product"}],"wp:attachment":[{"href":"https:\/\/roveyayinevi.com.tr\/index.php\/wp-json\/wp\/v2\/media?parent=762369"}],"wp:term":[{"taxonomy":"product_brand","embeddable":true,"href":"https:\/\/roveyayinevi.com.tr\/index.php\/wp-json\/wp\/v2\/product_brand?post=762369"},{"taxonomy":"product_cat","embeddable":true,"href":"https:\/\/roveyayinevi.com.tr\/index.php\/wp-json\/wp\/v2\/product_cat?post=762369"},{"taxonomy":"product_tag","embeddable":true,"href":"https:\/\/roveyayinevi.com.tr\/index.php\/wp-json\/wp\/v2\/product_tag?post=762369"}],"curies":[{"name":"wp","href":"https:\/\/api.w.org\/{rel}","templated":true}]}}