{"id":762368,"date":"2025-08-28T10:06:35","date_gmt":"2025-08-28T07:06:35","guid":{"rendered":"https:\/\/roveyayinevi.com.tr\/index.php\/urun\/film-ve-fenomenoloji\/"},"modified":"2026-04-15T03:27:17","modified_gmt":"2026-04-15T00:27:17","slug":"film-ve-fenomenoloji","status":"publish","type":"product","link":"https:\/\/roveyayinevi.com.tr\/index.php\/urun\/film-ve-fenomenoloji\/","title":{"rendered":"Film ve Fenomenoloji"},"content":{"rendered":"<p>Elinizdeki kitap, Allan Casebier\u2019\u0131n fenomenolojinin babas\u0131 olan Edmund Husserl taraf\u0131ndan ortaya at\u0131lan temsil teorisinin geli\u015ftirilmi\u015f h\u00e2lidir. Yazar, Husserl\u2019\u0131n teorisini sinematik temsil teorisine uyarlam\u0131\u015f ve bu yeni bak\u0131\u015f a\u00e7\u0131s\u0131, son derece a\u00e7\u0131k ve etkili bir bi\u00e7imde okuyucuya sunulmu\u015ftur. Fenomenolojinin yirminci y\u00fczy\u0131l sinemas\u0131na \u00f6zg\u00fc sanat formunu tasvir eden eser, \u015fimdiye kadar var olan t\u00fcm teorilere bir panzehir olarak tasarlanm\u0131\u015ft\u0131r. Casebier eserinde, temsilin fenomenolojik a\u00e7\u0131klamas\u0131n\u0131n herhangi bir film teorisinin hedeflerini nas\u0131l ilerletece\u011fini a\u00e7\u0131klamaktad\u0131r. Ayr\u0131ca Derrida\u2019n\u0131n \u201cyap\u0131bozumu\u201d meydan okumas\u0131n\u0131 da tahlil ederek, film teorisinin hem epistemolojik hem de ontolojik konular a\u00e7\u0131s\u0131ndan realist olmas\u0131 gerekti\u011fini savunmu\u015ftur. Film ve Fenomenoloji, \u00e7a\u011fda\u015f film teorisinin gidi\u015fat\u0131na ayk\u0131r\u0131 olarak sinemadaki temsil sorununa yeni bir yakla\u015f\u0131m sunuyor. Kitab\u0131 okurken yeni ufuklara yelken a\u00e7makla kalmayacak ayn\u0131 zamanda alan\u0131nda e\u015fsiz bir eseri okuman\u0131n imtiyaz\u0131na kavu\u015facaks\u0131n\u0131z. <\/p>\n","protected":false},"excerpt":{"rendered":"<p>Elinizdeki kitap, Allan Casebier\u2019\u0131n fenomenolojinin babas\u0131 olan Edmund Husserl taraf\u0131ndan ortaya at\u0131lan temsil teorisinin geli\u015ftirilmi\u015f h\u00e2lidir. Yazar, Husserl\u2019\u0131n teorisini sinematik temsil teorisine uyarlam\u0131\u015f ve bu yeni<span class=\"excerpt-hellip\"> [\u2026]<\/span><\/p>\n","protected":false},"featured_media":0,"template":"","meta":{"_monsterinsights_skip_tracking":false,"_monsterinsights_sitenote_active":false,"_monsterinsights_sitenote_note":"","_monsterinsights_sitenote_category":0},"product_brand":[],"product_cat":[15983,13488],"product_tag":[],"class_list":{"0":"post-762368","1":"product","2":"type-product","3":"status-publish","5":"product_cat-iletisim-ve-medya","6":"product_cat-toplum-ve-insan","7":"pa_cilt-ciltsiz","8":"pa_tur-kitap","9":"pa_yayinevi-anadolu-ajansi-yayinevi","10":"pa_yazar-allan-casebier","12":"first","13":"instock","14":"sale","15":"shipping-taxable","16":"purchasable","17":"product-type-simple"},"_links":{"self":[{"href":"https:\/\/roveyayinevi.com.tr\/index.php\/wp-json\/wp\/v2\/product\/762368","targetHints":{"allow":["GET"]}}],"collection":[{"href":"https:\/\/roveyayinevi.com.tr\/index.php\/wp-json\/wp\/v2\/product"}],"about":[{"href":"https:\/\/roveyayinevi.com.tr\/index.php\/wp-json\/wp\/v2\/types\/product"}],"wp:attachment":[{"href":"https:\/\/roveyayinevi.com.tr\/index.php\/wp-json\/wp\/v2\/media?parent=762368"}],"wp:term":[{"taxonomy":"product_brand","embeddable":true,"href":"https:\/\/roveyayinevi.com.tr\/index.php\/wp-json\/wp\/v2\/product_brand?post=762368"},{"taxonomy":"product_cat","embeddable":true,"href":"https:\/\/roveyayinevi.com.tr\/index.php\/wp-json\/wp\/v2\/product_cat?post=762368"},{"taxonomy":"product_tag","embeddable":true,"href":"https:\/\/roveyayinevi.com.tr\/index.php\/wp-json\/wp\/v2\/product_tag?post=762368"}],"curies":[{"name":"wp","href":"https:\/\/api.w.org\/{rel}","templated":true}]}}