{"id":762365,"date":"2025-08-28T10:06:31","date_gmt":"2025-08-28T07:06:31","guid":{"rendered":"https:\/\/roveyayinevi.com.tr\/index.php\/urun\/gizli-manipulasyon\/"},"modified":"2026-04-05T03:18:29","modified_gmt":"2026-04-05T00:18:29","slug":"gizli-manipulasyon","status":"publish","type":"product","link":"https:\/\/roveyayinevi.com.tr\/index.php\/urun\/gizli-manipulasyon\/","title":{"rendered":"Gizli Manip\u00fclasyon"},"content":{"rendered":"<p>Zihninizi ele ge\u00e7irmek i\u00e7in verilen sava\u015f\u0131 fark edin!   Zihninizi \u00f6zg\u00fcr iradenizle kontrol etti\u011finizi mi san\u0131yorsunuz? Mesela bu yaz\u0131y\u0131 okumay\u0131 se\u00e7ti\u011finizdeki gibi\u2026 Televizyonu her a\u00e7t\u0131\u011f\u0131n\u0131zda, herhangi bir kitab\u0131 okudu\u011funuzda, bir ma\u011fazaya girdi\u011finizde, internette gezindi\u011finizde akl\u0131n\u0131za baz\u0131 fikirler yerle\u015ftirilmeye \u00e7al\u0131\u015f\u0131l\u0131r. Sabah g\u00f6zlerinizi a\u00e7t\u0131\u011f\u0131n\u0131z andan gece uyuyana kadar s\u00fcrekli olarak ikna ve tesir \u00e7abalar\u0131n\u0131n hedefi olursunuz. Bu kitab\u0131n amac\u0131, pek \u00e7ok \u015feyin zihninizi ve dolay\u0131s\u0131yla se\u00e7imlerinizi nas\u0131l etkiledi\u011fini a\u00e7\u0131klamaya \u00e7al\u0131\u015fmakt\u0131r. Her zaman etki alt\u0131ndas\u0131n\u0131z ama siz de ba\u015fkalar\u0131n\u0131 etkileyebilirsiniz. Bu kitap, ba\u015fkalar\u0131n\u0131 etkileme sanat\u0131 i\u00e7in bir k\u0131lavuz olarak tasarlanmam\u0131\u015f olsa da isterseniz bu \u015fekilde de kullanabilirsiniz. \u0130nsanlar\u0131n tutumlar\u0131n\u0131 ve g\u00f6r\u00fc\u015flerini de\u011fi\u015ftirmek, onlar\u0131 kendi taraf\u0131n\u0131za \u00e7ekmek, kendi imaj\u0131n\u0131z\u0131 geli\u015ftirmek veya \u00e7ocuklar\u0131n\u0131z\u0131 sebze yemeye ikna etmek\u2026 Kitapta bunlar\u0131n hepsi i\u00e7in baz\u0131 teknikler bulacaks\u0131n\u0131z. Esas ama\u00e7, zihninizi ele ge\u00e7irmek i\u00e7in yap\u0131lan sava\u015f\u0131n nas\u0131l ilerledi\u011fi hakk\u0131nda bir \u015feyler \u00f6\u011frenmenizdir. Bu kitab\u0131 okuduktan sonra birisi sizi istemedi\u011finiz bir \u015fekilde etkilemeye \u00e7al\u0131\u015ft\u0131\u011f\u0131nda bunun daha kolay fark\u0131na varacak, bir ma\u011fazan\u0131n raf\u0131ndaki bir \u00fcr\u00fcne aniden uzanman\u0131z\u0131n bir nedeni oldu\u011funu fark edecek ve bir \u015fey hakk\u0131nda belirli bir g\u00f6r\u00fc\u015fe kat\u0131lmaya neden haz\u0131r oldu\u011funuzu anlayacaks\u0131n\u0131z. En \u00f6nemlisi, se\u00e7imlerinizi \u00f6zg\u00fcrce yapacaks\u0131n\u0131z. <\/p>\n","protected":false},"excerpt":{"rendered":"<p>Zihninizi ele ge\u00e7irmek i\u00e7in verilen sava\u015f\u0131 fark edin! Zihninizi \u00f6zg\u00fcr iradenizle kontrol etti\u011finizi mi san\u0131yorsunuz? Mesela bu yaz\u0131y\u0131 okumay\u0131 se\u00e7ti\u011finizdeki gibi\u2026 Televizyonu her a\u00e7t\u0131\u011f\u0131n\u0131zda, herhangi bir<span class=\"excerpt-hellip\"> [\u2026]<\/span><\/p>\n","protected":false},"featured_media":0,"template":"","meta":{"_monsterinsights_skip_tracking":false,"_monsterinsights_sitenote_active":false,"_monsterinsights_sitenote_note":"","_monsterinsights_sitenote_category":0},"product_brand":[],"product_cat":[12364,12376],"product_tag":[],"class_list":{"0":"post-762365","1":"product","2":"type-product","3":"status-publish","5":"product_cat-genel-konular","6":"product_cat-kisisel-gelisim","7":"pa_cilt-ciltsiz","8":"pa_tur-kitap","9":"pa_yayinevi-diyojen-yayincilik","10":"pa_yazar-henrik-fexeus","12":"first","13":"instock","14":"sale","15":"shipping-taxable","16":"purchasable","17":"product-type-simple"},"_links":{"self":[{"href":"https:\/\/roveyayinevi.com.tr\/index.php\/wp-json\/wp\/v2\/product\/762365","targetHints":{"allow":["GET"]}}],"collection":[{"href":"https:\/\/roveyayinevi.com.tr\/index.php\/wp-json\/wp\/v2\/product"}],"about":[{"href":"https:\/\/roveyayinevi.com.tr\/index.php\/wp-json\/wp\/v2\/types\/product"}],"wp:attachment":[{"href":"https:\/\/roveyayinevi.com.tr\/index.php\/wp-json\/wp\/v2\/media?parent=762365"}],"wp:term":[{"taxonomy":"product_brand","embeddable":true,"href":"https:\/\/roveyayinevi.com.tr\/index.php\/wp-json\/wp\/v2\/product_brand?post=762365"},{"taxonomy":"product_cat","embeddable":true,"href":"https:\/\/roveyayinevi.com.tr\/index.php\/wp-json\/wp\/v2\/product_cat?post=762365"},{"taxonomy":"product_tag","embeddable":true,"href":"https:\/\/roveyayinevi.com.tr\/index.php\/wp-json\/wp\/v2\/product_tag?post=762365"}],"curies":[{"name":"wp","href":"https:\/\/api.w.org\/{rel}","templated":true}]}}