{"id":762363,"date":"2025-08-28T10:06:28","date_gmt":"2025-08-28T07:06:28","guid":{"rendered":"https:\/\/roveyayinevi.com.tr\/index.php\/urun\/ludwig-feuerbach-ve-klasik-alman-felsefesinin-sonu-2\/"},"modified":"2026-04-15T03:27:17","modified_gmt":"2026-04-15T00:27:17","slug":"ludwig-feuerbach-ve-klasik-alman-felsefesinin-sonu-2","status":"publish","type":"product","link":"https:\/\/roveyayinevi.com.tr\/index.php\/urun\/ludwig-feuerbach-ve-klasik-alman-felsefesinin-sonu-2\/","title":{"rendered":"Ludwig Feuerbach ve Klasik Alman Felsefesinin Sonu"},"content":{"rendered":"<p>\u201cHegel\u2019le ili\u015fkilerimiz hakk\u0131nda ne d\u00fc\u015f\u00fcnd\u00fc\u011f\u00fcm\u00fcz\u00fc t\u00fcrl\u00fc vesilelerle a\u00e7\u0131klad\u0131k, ancak hi\u00e7bir yerde bunu tam doyurucu bir bi\u00e7imde yapmad\u0131k. Hegelci felsefe ile bizim g\u00f6r\u00fc\u015f\u00fcm\u00fcz aras\u0131nda, bir\u00e7ok bak\u0131mdan bir ara halka olmas\u0131na kar\u015f\u0131n, Feuerbach\u2019a hi\u00e7bir zaman d\u00f6nmedik.\u201d Friedrich Engels, 1845-1846 y\u0131llar\u0131nda Karl Marx ile birlikte yazd\u0131klar\u0131 Alman \u0130deolojisi\u2019nden 40 y\u0131l sonra kaleme ald\u0131\u011f\u0131 bu k\u0131sa \u00e7al\u0131\u015fmas\u0131nda, Marksizm ile Hegelcilik ve Feuerbach\u2019\u00e7\u0131l\u0131k aras\u0131ndaki ili\u015fkiler hakk\u0131nda tamamlay\u0131c\u0131 a\u00e7\u0131klamalarda bulunuyor. Hegelci felsefenin ger\u00e7ek anlam\u0131 ve devrimci niteli\u011fi neydi? Felsefe, genel anlamda, Hegel\u2019le neden son bulmu\u015ftu? Hegelcili\u011fi \u201ca\u015fmak\u201d, yani ele\u015ftiri yoluyla bi\u00e7imini y\u0131kmak, fakat i\u00e7inde getirdi\u011fi yenilikleri korumak i\u00e7in neler yap\u0131ld\u0131? Feuerbach\u2019\u0131n maddecili\u011finin (materyalizminin) idealist yanlar\u0131 hangileriydi? Diyalektik maddecilik nas\u0131l geli\u015ftirildi? Hegel\u2019in idealizminden ve Feuerbach\u2019\u0131n maddecili\u011finden farkl\u0131 olarak, diyalektik maddecilik, d\u00fcnyada olup bitenler hakk\u0131nda bizi ne t\u00fcr sonu\u00e7lara ula\u015ft\u0131r\u0131r? Engels, bu t\u00fcr kritik sorulara Marksizmin verdi\u011fi yan\u0131tlar\u0131 \u00f6zetlerken, birlikte geli\u015ftirdikleri kuram\u0131n neden Marx\u2019\u0131n ad\u0131n\u0131 ta\u015f\u0131d\u0131\u011f\u0131na da a\u00e7\u0131kl\u0131k kazand\u0131r\u0131yor.   <\/p>\n","protected":false},"excerpt":{"rendered":"<p>\u201cHegel\u2019le ili\u015fkilerimiz hakk\u0131nda ne d\u00fc\u015f\u00fcnd\u00fc\u011f\u00fcm\u00fcz\u00fc t\u00fcrl\u00fc vesilelerle a\u00e7\u0131klad\u0131k, ancak hi\u00e7bir yerde bunu tam doyurucu bir bi\u00e7imde yapmad\u0131k. Hegelci felsefe ile bizim g\u00f6r\u00fc\u015f\u00fcm\u00fcz aras\u0131nda, bir\u00e7ok bak\u0131mdan bir<span class=\"excerpt-hellip\"> [\u2026]<\/span><\/p>\n","protected":false},"featured_media":0,"template":"","meta":{"_monsterinsights_skip_tracking":false,"_monsterinsights_sitenote_active":false,"_monsterinsights_sitenote_note":"","_monsterinsights_sitenote_category":0},"product_brand":[],"product_cat":[13590,12337],"product_tag":[],"class_list":{"0":"post-762363","1":"product","2":"type-product","3":"status-publish","5":"product_cat-arastirma-inceleme-politika-siyaset","6":"product_cat-politika-siyaset","7":"pa_cilt-ciltsiz","8":"pa_tur-kitap","9":"pa_yayinevi-yordam-kitap","10":"pa_yazar-friedrich-engels","12":"first","13":"instock","14":"sale","15":"shipping-taxable","16":"purchasable","17":"product-type-simple"},"_links":{"self":[{"href":"https:\/\/roveyayinevi.com.tr\/index.php\/wp-json\/wp\/v2\/product\/762363","targetHints":{"allow":["GET"]}}],"collection":[{"href":"https:\/\/roveyayinevi.com.tr\/index.php\/wp-json\/wp\/v2\/product"}],"about":[{"href":"https:\/\/roveyayinevi.com.tr\/index.php\/wp-json\/wp\/v2\/types\/product"}],"wp:attachment":[{"href":"https:\/\/roveyayinevi.com.tr\/index.php\/wp-json\/wp\/v2\/media?parent=762363"}],"wp:term":[{"taxonomy":"product_brand","embeddable":true,"href":"https:\/\/roveyayinevi.com.tr\/index.php\/wp-json\/wp\/v2\/product_brand?post=762363"},{"taxonomy":"product_cat","embeddable":true,"href":"https:\/\/roveyayinevi.com.tr\/index.php\/wp-json\/wp\/v2\/product_cat?post=762363"},{"taxonomy":"product_tag","embeddable":true,"href":"https:\/\/roveyayinevi.com.tr\/index.php\/wp-json\/wp\/v2\/product_tag?post=762363"}],"curies":[{"name":"wp","href":"https:\/\/api.w.org\/{rel}","templated":true}]}}