{"id":762362,"date":"2025-08-28T10:06:27","date_gmt":"2025-08-28T07:06:27","guid":{"rendered":"https:\/\/roveyayinevi.com.tr\/index.php\/urun\/uzlasmaz-marx\/"},"modified":"2026-04-15T03:27:17","modified_gmt":"2026-04-15T00:27:17","slug":"uzlasmaz-marx","status":"publish","type":"product","link":"https:\/\/roveyayinevi.com.tr\/index.php\/urun\/uzlasmaz-marx\/","title":{"rendered":"Uzla\u015fmaz Marx"},"content":{"rendered":"<p>Din\u00ee \u00e7at\u0131\u015fmalar, do\u011fal kaynaklar i\u00e7in verilen m\u00fccadeleler, sava\u015flar, Avrupa kap\u0131lar\u0131na dayanan m\u00fclteci ak\u0131nlar\u0131, iklim de\u011fi\u015fikliklerinin neden oldu\u011fu do\u011fal afetler ve bunlara e\u015flik eden k\u0131tl\u0131klar&#8230; Uzla\u015fmaz Marx, g\u00fcn\u00fcm\u00fcz kapitalizminin yaratt\u0131\u011f\u0131 bu y\u0131k\u0131c\u0131 karga\u015fa kar\u015f\u0131s\u0131nda, onun uzla\u015fmaz muar\u0131z\u0131 Marx\u2019\u0131n analitik ve ele\u015ftirel g\u00fcc\u00fcn\u00fcn g\u00fcncelli\u011fini vurguluyor. Marx\u2019\u0131n d\u00fc\u015f\u00fcnce sisteminin fikirler tarihi kanonunun tozlu raflar\u0131na kald\u0131r\u0131lamayacak kadar canl\u0131 oldu\u011funu hat\u0131rlat\u0131rken, bu g\u00fcncelli\u011fin san\u0131landan \u00e7ok daha kapsaml\u0131 oldu\u011funa i\u015faret ediyor: Marx, son on y\u0131lda liberal ya da muhafazak\u00e2r iktisat\u00e7\u0131lar\u0131n dahi s\u0131kl\u0131kla hakk\u0131n\u0131 verdi\u011fi \u00fczere, basit\u00e7e ve sadece kapitalist ekonomik krizlerin bir teorisyeni de\u011fildir. Marx\u2019\u0131n ekonomi politik ele\u015ftirisinin temel kavramlar\u0131 insan varolu\u015funa ili\u015fkin bir dizi etik, felsefi, antropolojik tart\u0131\u015fman\u0131n kap\u0131s\u0131n\u0131 aralar. Michael Quante\u2019ye g\u00f6re Marx\u2019\u0131n \u201cmodern kapitalist toplum d\u00fczenine ili\u015fkin analizi, i\u00e7inde bulundu\u011fumuz durumda sorun \u00e7\u00f6zme potansiyeline ve ele\u015ftirel g\u00fcce sahip olmaya devam eden felsefi kavramlarla desteklenmektedir\u201d ve Marksist d\u00fc\u015f\u00fcnce, g\u00fcncelli\u011fini \u00f6ncelikle bu tart\u0131\u015fma izleklerine bor\u00e7ludur. Yazar, Uzla\u015fmaz Marx: Karga\u015fa \u0130\u00e7indeki D\u00fcnya\u2019y\u0131 tam da Marx\u2019\u0131n d\u00fc\u015f\u00fcncesindeki bu kal\u0131c\u0131 potansiyeli ve g\u00fcc\u00fc akademik tart\u0131\u015fmalar\u0131n \u00f6tesine ta\u015f\u0131mak, g\u00fcn\u00fcm\u00fcz okurlar\u0131na \u201ckendi ya\u015fam ger\u00e7ekleri \u00fczerine d\u00fc\u015f\u00fcnmelerini ve b\u00f6ylece ele\u015ftirel bir mesafe koymalar\u0131n\u0131 sa\u011flayabilecek d\u00fc\u015f\u00fcnce motiflerini ve i\u00e7g\u00f6r\u00fcleri\u201d sunmak i\u00e7in kaleme alm\u0131\u015ft\u0131r. Zira d\u00fcnya halklar\u0131n\u0131n \u201ckrizlere ve k\u00fcreselle\u015fmeyle beraber her yerde h\u00fck\u00fcm s\u00fcren zorluklara kar\u015f\u0131 tepkisini, milliyet\u00e7ilikle, d\u0131\u015flamayla ve \u00e7\u00f6z\u00fcm yerine sadece yeni bask\u0131lar vadeden siyaseten gerici stratejilerle\u201d verdi\u011fini kayg\u0131yla not d\u00fc\u015fer. <\/p>\n","protected":false},"excerpt":{"rendered":"<p>Din\u00ee \u00e7at\u0131\u015fmalar, do\u011fal kaynaklar i\u00e7in verilen m\u00fccadeleler, sava\u015flar, Avrupa kap\u0131lar\u0131na dayanan m\u00fclteci ak\u0131nlar\u0131, iklim de\u011fi\u015fikliklerinin neden oldu\u011fu do\u011fal afetler ve bunlara e\u015flik eden k\u0131tl\u0131klar&#8230; Uzla\u015fmaz Marx,<span class=\"excerpt-hellip\"> [\u2026]<\/span><\/p>\n","protected":false},"featured_media":0,"template":"","meta":{"_monsterinsights_skip_tracking":false,"_monsterinsights_sitenote_active":false,"_monsterinsights_sitenote_note":"","_monsterinsights_sitenote_category":0},"product_brand":[],"product_cat":[13590,12337],"product_tag":[],"class_list":{"0":"post-762362","1":"product","2":"type-product","3":"status-publish","5":"product_cat-arastirma-inceleme-politika-siyaset","6":"product_cat-politika-siyaset","7":"pa_cilt-ciltsiz","8":"pa_tur-kitap","9":"pa_yayinevi-yordam-kitap","10":"pa_yazar-michael-quante","12":"first","13":"instock","14":"sale","15":"shipping-taxable","16":"purchasable","17":"product-type-simple"},"_links":{"self":[{"href":"https:\/\/roveyayinevi.com.tr\/index.php\/wp-json\/wp\/v2\/product\/762362","targetHints":{"allow":["GET"]}}],"collection":[{"href":"https:\/\/roveyayinevi.com.tr\/index.php\/wp-json\/wp\/v2\/product"}],"about":[{"href":"https:\/\/roveyayinevi.com.tr\/index.php\/wp-json\/wp\/v2\/types\/product"}],"wp:attachment":[{"href":"https:\/\/roveyayinevi.com.tr\/index.php\/wp-json\/wp\/v2\/media?parent=762362"}],"wp:term":[{"taxonomy":"product_brand","embeddable":true,"href":"https:\/\/roveyayinevi.com.tr\/index.php\/wp-json\/wp\/v2\/product_brand?post=762362"},{"taxonomy":"product_cat","embeddable":true,"href":"https:\/\/roveyayinevi.com.tr\/index.php\/wp-json\/wp\/v2\/product_cat?post=762362"},{"taxonomy":"product_tag","embeddable":true,"href":"https:\/\/roveyayinevi.com.tr\/index.php\/wp-json\/wp\/v2\/product_tag?post=762362"}],"curies":[{"name":"wp","href":"https:\/\/api.w.org\/{rel}","templated":true}]}}