{"id":762361,"date":"2025-08-28T10:06:25","date_gmt":"2025-08-28T07:06:25","guid":{"rendered":"https:\/\/roveyayinevi.com.tr\/index.php\/urun\/gizemli-malikane\/"},"modified":"2026-04-15T03:27:17","modified_gmt":"2026-04-15T00:27:17","slug":"gizemli-malikane","status":"publish","type":"product","link":"https:\/\/roveyayinevi.com.tr\/index.php\/urun\/gizemli-malikane\/","title":{"rendered":"Gizemli Malikane"},"content":{"rendered":"<p>Bu gece bir oyun ba\u015flayacak\u2026Bir kez oynad\u0131n\u0131z m\u0131 hi\u00e7bir \u015fey eskisi gibi olmayacak.D\u00f6rt arkada\u015f, daha \u00f6nce bir\u00e7ok \u00e7ocu\u011fun kayboldu\u011fu k\u00f6t\u00fc \u015f\u00f6hretli Badwell Orman\u0131\u2019ndaki bir malik\u00e2nede kapana k\u0131s\u0131l\u0131r. D\u0131\u015far\u0131 \u00e7\u0131kabilmenin tek yolu, ev sahibinin haz\u0131rlad\u0131\u011f\u0131 benzersiz bir oyunu oynamak ve bulmacalar\u0131 tek tek \u00e7\u00f6zmektir. \u00c7ok ge\u00e7meden bunun s\u0131radan bir oyun olmad\u0131\u011f\u0131n\u0131n fark\u0131na varan \u00e7ocuklar, odalar\u0131 s\u00fcrekli yer de\u011fi\u015ftiren, duvarlar\u0131ndan \u00e7ocuk sesleri gelen bu tuhaf malik\u00e2nenin bar\u0131nd\u0131rd\u0131\u011f\u0131 ak\u0131l almaz s\u0131rlarla da y\u00fczle\u015fmek zorunda. Yoksa girdikleri bu kapandan asla kurtulamayacaklar.<\/p>\n","protected":false},"excerpt":{"rendered":"<p>Bu gece bir oyun ba\u015flayacak\u2026Bir kez oynad\u0131n\u0131z m\u0131 hi\u00e7bir \u015fey eskisi gibi olmayacak.D\u00f6rt arkada\u015f, daha \u00f6nce bir\u00e7ok \u00e7ocu\u011fun kayboldu\u011fu k\u00f6t\u00fc \u015f\u00f6hretli Badwell Orman\u0131\u2019ndaki bir malik\u00e2nede kapana<span class=\"excerpt-hellip\"> [\u2026]<\/span><\/p>\n","protected":false},"featured_media":0,"template":"","meta":{"_monsterinsights_skip_tracking":false,"_monsterinsights_sitenote_active":false,"_monsterinsights_sitenote_note":"","_monsterinsights_sitenote_category":0},"product_brand":[],"product_cat":[12274,12284],"product_tag":[],"class_list":{"0":"post-762361","1":"product","2":"type-product","3":"status-publish","5":"product_cat-cocuk-ve-genclik-kitaplari","6":"product_cat-hikayeler","7":"pa_cilt-ciltsiz","8":"pa_tur-kitap","9":"pa_yayinevi-beyaz-balina-yayinlari","10":"pa_yazar-emma-read","12":"first","13":"instock","14":"sale","15":"shipping-taxable","16":"purchasable","17":"product-type-simple"},"_links":{"self":[{"href":"https:\/\/roveyayinevi.com.tr\/index.php\/wp-json\/wp\/v2\/product\/762361","targetHints":{"allow":["GET"]}}],"collection":[{"href":"https:\/\/roveyayinevi.com.tr\/index.php\/wp-json\/wp\/v2\/product"}],"about":[{"href":"https:\/\/roveyayinevi.com.tr\/index.php\/wp-json\/wp\/v2\/types\/product"}],"wp:attachment":[{"href":"https:\/\/roveyayinevi.com.tr\/index.php\/wp-json\/wp\/v2\/media?parent=762361"}],"wp:term":[{"taxonomy":"product_brand","embeddable":true,"href":"https:\/\/roveyayinevi.com.tr\/index.php\/wp-json\/wp\/v2\/product_brand?post=762361"},{"taxonomy":"product_cat","embeddable":true,"href":"https:\/\/roveyayinevi.com.tr\/index.php\/wp-json\/wp\/v2\/product_cat?post=762361"},{"taxonomy":"product_tag","embeddable":true,"href":"https:\/\/roveyayinevi.com.tr\/index.php\/wp-json\/wp\/v2\/product_tag?post=762361"}],"curies":[{"name":"wp","href":"https:\/\/api.w.org\/{rel}","templated":true}]}}