{"id":762358,"date":"2025-08-28T10:06:21","date_gmt":"2025-08-28T07:06:21","guid":{"rendered":"https:\/\/roveyayinevi.com.tr\/index.php\/urun\/hayatinin-en-iyi-versiyonunu-yarat-kisisel-gelisim-aslinda-nedir\/"},"modified":"2026-04-08T03:24:19","modified_gmt":"2026-04-08T00:24:19","slug":"hayatinin-en-iyi-versiyonunu-yarat-kisisel-gelisim-aslinda-nedir","status":"publish","type":"product","link":"https:\/\/roveyayinevi.com.tr\/index.php\/urun\/hayatinin-en-iyi-versiyonunu-yarat-kisisel-gelisim-aslinda-nedir\/","title":{"rendered":"Hayat\u0131n\u0131n En \u0130yi Versiyonunu Yarat \u2013 Ki\u015fisel Geli\u015fim Aslinda Nedir ?"},"content":{"rendered":"<p>Bir insan\u0131n en temel Motivasyonu &#8211; Anlam aray\u0131\u015f\u0131d\u0131r. Anlam\u0131 Kendini ve de\u011ferlerini tan\u0131mas\u0131yla bulabilir. Asl\u0131nda insanlar\u0131 mutsuz eden \u015fey de\u011ferlerine uymadan ya\u015famas\u0131 oluyor. Bu kitap \u0130nsanlar\u0131n \u00f6z fark\u0131ndal\u0131\u011f\u0131n\u0131 art\u0131rarak onlara kendi de\u011ferlerini ke\u015ffetmelerine ve de\u011ferleri do\u011frultusunda hedefleri belirleyerek Hayat amac\u0131n\u0131 bulabilmelerine yard\u0131mc\u0131 olacakt\u0131r\u2026 Derinde yatan de\u011ferlerimizin fark\u0131na varmakla kendimizi iyi tan\u0131maya ba\u015fl\u0131yoruz. Daha sonra bu de\u011ferler do\u011frultusunda hedefler belirledi\u011fimizde bize d\u0131\u015f motivasyon gerekmeksizin i\u00e7ten gelen o tutkuyla hedefe do\u011fru ilerleme sa\u011flar\u0131z. Bu yolda yapt\u0131\u011f\u0131m\u0131z eylemlerin sonucu de\u011fil, yolun kendisi bizi mutlu edecek zaten. Kitab\u0131 tam kavrad\u0131\u011f\u0131n\u0131zda, i\u00e7indeki fikirleri ve \u00f6nerileri gerekti\u011fi gibi uygulad\u0131\u011f\u0131n\u0131zda belirledi\u011finiz hedeflerinizi ger\u00e7ekle\u015ftirerek kendi ya\u015fam\u0131n\u0131zda bir d\u00f6n\u00fc\u015f\u00fcm ba\u015flatman\u0131z ka\u00e7\u0131n\u0131lmaz olacakt\u0131r. Denemezsek neyin i\u015fe yaray\u0131p yaramad\u0131\u011f\u0131n\u0131 bilmeyece\u011fiz. De\u011fi\u015fime ve d\u00f6n\u00fc\u015ft\u00fcrmeye haz\u0131r olun. Mutlu ve anlam dolu bir ya\u015fam i\u00e7in ad\u0131m at\u0131n ve Hayat\u0131n\u0131z\u0131n en iyi versiyonunu yarat\u0131n!!! Nuran Kaz\u0131m.<\/p>\n","protected":false},"excerpt":{"rendered":"<p>Bir insan\u0131n en temel Motivasyonu &#8211; Anlam aray\u0131\u015f\u0131d\u0131r. Anlam\u0131 Kendini ve de\u011ferlerini tan\u0131mas\u0131yla bulabilir. Asl\u0131nda insanlar\u0131 mutsuz eden \u015fey de\u011ferlerine uymadan ya\u015famas\u0131 oluyor. Bu kitap \u0130nsanlar\u0131n<span class=\"excerpt-hellip\"> [\u2026]<\/span><\/p>\n","protected":false},"featured_media":0,"template":"","meta":{"_monsterinsights_skip_tracking":false,"_monsterinsights_sitenote_active":false,"_monsterinsights_sitenote_note":"","_monsterinsights_sitenote_category":0},"product_brand":[],"product_cat":[12364,12376],"product_tag":[],"class_list":{"0":"post-762358","1":"product","2":"type-product","3":"status-publish","5":"product_cat-genel-konular","6":"product_cat-kisisel-gelisim","7":"pa_cilt-ciltsiz","8":"pa_tur-kitap","9":"pa_yayinevi-baris-kitap","10":"pa_yazar-nuran-kazim","12":"first","13":"instock","14":"sale","15":"shipping-taxable","16":"purchasable","17":"product-type-simple"},"_links":{"self":[{"href":"https:\/\/roveyayinevi.com.tr\/index.php\/wp-json\/wp\/v2\/product\/762358","targetHints":{"allow":["GET"]}}],"collection":[{"href":"https:\/\/roveyayinevi.com.tr\/index.php\/wp-json\/wp\/v2\/product"}],"about":[{"href":"https:\/\/roveyayinevi.com.tr\/index.php\/wp-json\/wp\/v2\/types\/product"}],"wp:attachment":[{"href":"https:\/\/roveyayinevi.com.tr\/index.php\/wp-json\/wp\/v2\/media?parent=762358"}],"wp:term":[{"taxonomy":"product_brand","embeddable":true,"href":"https:\/\/roveyayinevi.com.tr\/index.php\/wp-json\/wp\/v2\/product_brand?post=762358"},{"taxonomy":"product_cat","embeddable":true,"href":"https:\/\/roveyayinevi.com.tr\/index.php\/wp-json\/wp\/v2\/product_cat?post=762358"},{"taxonomy":"product_tag","embeddable":true,"href":"https:\/\/roveyayinevi.com.tr\/index.php\/wp-json\/wp\/v2\/product_tag?post=762358"}],"curies":[{"name":"wp","href":"https:\/\/api.w.org\/{rel}","templated":true}]}}