{"id":762356,"date":"2025-08-28T10:06:15","date_gmt":"2025-08-28T07:06:15","guid":{"rendered":"https:\/\/roveyayinevi.com.tr\/index.php\/urun\/olmaz-deme-olur\/"},"modified":"2026-04-15T03:27:17","modified_gmt":"2026-04-15T00:27:17","slug":"olmaz-deme-olur","status":"publish","type":"product","link":"https:\/\/roveyayinevi.com.tr\/index.php\/urun\/olmaz-deme-olur\/","title":{"rendered":"Olmaz Deme Olur"},"content":{"rendered":"<p>Yay\u0131nlanm\u0131\u015f \u2018Ho\u015fg\u00f6r\u00fc 1\u2019 ve \u2018Ho\u015fg\u00f6r\u00fc 2\u2019 isimli \u015fiir kitaplar\u0131 bulunan Ahmet Temel, kaleme ald\u0131\u011f\u0131 eserleriyle okuyucular\u0131n\u0131 derin d\u00fc\u015f\u00fcncelere y\u00f6nlendirir. Sebahattin Y\u0131ld\u0131z\u2019\u0131n hayat\u0131n\u0131n anlat\u0131ld\u0131\u011f\u0131 bu eserde, ders verici hik\u00e2yeler etkileyici bir dille okuyucuya aktar\u0131lmaktad\u0131r. \u015eiirlerinde ve yaz\u0131lar\u0131nda kulland\u0131\u011f\u0131 g\u00fczel c\u00fcmleler, insan\u0131n i\u00e7 d\u00fcnyas\u0131na dokunur ve okuyanlar\u0131 hayal d\u00fcnyas\u0131nda gezdirir. Temel&#8217;in eserleri, edebiyatseverler taraf\u0131ndan b\u00fcy\u00fck bir ilgi ve be\u011feniyle okunmakta ve takdir edilmektedir. \u015eiirlerindeki incelikli anlat\u0131m\u0131 ve derin temalar\u0131yla okuyucular\u0131 duygusal bir yolculu\u011fa \u00e7\u0131kar\u0131rken, yaz\u0131lar\u0131ndaki ak\u0131c\u0131 \u00fcslubu ve zengin i\u00e7eri\u011fiyle de dikkat \u00e7eker. \u00c7al\u0131\u015fmalar\u0131, sadece g\u00fczel kelimelerle de\u011fil, ayn\u0131 zamanda insan\u0131n ruhunu derinden etkileyen anlamlarla doludur. Yarat\u0131c\u0131 ve etkileyici \u00fcslubuyla, okuyucular\u0131yla kal\u0131c\u0131 bir ba\u011f kuran Ahmet Temel, evli ve 3 \u00e7ocuk babas\u0131d\u0131r. *** O y\u0131llarda k\u00f6yde para adeta h\u00fck\u00fcms\u00fczd\u00fc. Hemen hemen her \u015fey de\u011fi\u015f toku\u015f gelene\u011fiyle olurdu. Her sabah, mahallenin \u00e7e\u015fmesinde, ellerinde taze sebzelerle, yumurta ve s\u00fct bidonlar\u0131yla bulu\u015fan kad\u0131nlar, de\u011fi\u015f toku\u015f gelene\u011finin bereketiyle dolup ta\u015f\u0131yordu. G\u00f6z kama\u015ft\u0131ran manzara, s\u0131cak g\u00fcl\u00fcmsemelerle s\u00fcslenmi\u015f, s\u00f6zlerdeki samimiyetin de\u011feri, hi\u00e7bir madeni parayla \u00f6l\u00e7\u00fclemeyecek kadar y\u00fcksekti. K\u00f6y\u00fcm\u00fcz\u00fcn dili, g\u00f6n\u00fcll\u00fc al\u0131\u015fveri\u015fin ve yard\u0131mla\u015fman\u0131n incelikli i\u015faretleriyle doluydu. Her biri binlerce lira de\u011ferinde olan ama asla sat\u0131n al\u0131namayacak kadar k\u0131ymetli dostluklarla dokunmu\u015ftu. <\/p>\n","protected":false},"excerpt":{"rendered":"<p>Yay\u0131nlanm\u0131\u015f \u2018Ho\u015fg\u00f6r\u00fc 1\u2019 ve \u2018Ho\u015fg\u00f6r\u00fc 2\u2019 isimli \u015fiir kitaplar\u0131 bulunan Ahmet Temel, kaleme ald\u0131\u011f\u0131 eserleriyle okuyucular\u0131n\u0131 derin d\u00fc\u015f\u00fcncelere y\u00f6nlendirir. Sebahattin Y\u0131ld\u0131z\u2019\u0131n hayat\u0131n\u0131n anlat\u0131ld\u0131\u011f\u0131 bu eserde, ders<span class=\"excerpt-hellip\"> [\u2026]<\/span><\/p>\n","protected":false},"featured_media":0,"template":"","meta":{"_monsterinsights_skip_tracking":false,"_monsterinsights_sitenote_active":false,"_monsterinsights_sitenote_note":"","_monsterinsights_sitenote_category":0},"product_brand":[],"product_cat":[14009,12291],"product_tag":[],"class_list":{"0":"post-762356","1":"product","2":"type-product","3":"status-publish","5":"product_cat-biyografi-otobiyografi-edebiyat","6":"product_cat-edebiyat","7":"pa_cilt-ciltsiz","8":"pa_tur-kitap","9":"pa_yayinevi-gulnar-yayinlari","10":"pa_yazar-ahmet-temel","12":"first","13":"instock","14":"sale","15":"shipping-taxable","16":"purchasable","17":"product-type-simple"},"_links":{"self":[{"href":"https:\/\/roveyayinevi.com.tr\/index.php\/wp-json\/wp\/v2\/product\/762356","targetHints":{"allow":["GET"]}}],"collection":[{"href":"https:\/\/roveyayinevi.com.tr\/index.php\/wp-json\/wp\/v2\/product"}],"about":[{"href":"https:\/\/roveyayinevi.com.tr\/index.php\/wp-json\/wp\/v2\/types\/product"}],"wp:attachment":[{"href":"https:\/\/roveyayinevi.com.tr\/index.php\/wp-json\/wp\/v2\/media?parent=762356"}],"wp:term":[{"taxonomy":"product_brand","embeddable":true,"href":"https:\/\/roveyayinevi.com.tr\/index.php\/wp-json\/wp\/v2\/product_brand?post=762356"},{"taxonomy":"product_cat","embeddable":true,"href":"https:\/\/roveyayinevi.com.tr\/index.php\/wp-json\/wp\/v2\/product_cat?post=762356"},{"taxonomy":"product_tag","embeddable":true,"href":"https:\/\/roveyayinevi.com.tr\/index.php\/wp-json\/wp\/v2\/product_tag?post=762356"}],"curies":[{"name":"wp","href":"https:\/\/api.w.org\/{rel}","templated":true}]}}